{"id":10791,"date":"2022-03-28T08:05:02","date_gmt":"2022-03-28T08:05:02","guid":{"rendered":"https:\/\/z57nbebsowx.preview.infomaniak.website\/tgsb-sa\/"},"modified":"2025-06-23T12:07:36","modified_gmt":"2025-06-23T12:07:36","slug":"tgsb-sa","status":"publish","type":"page","link":"https:\/\/letunnel.com\/de\/tgsb-sa\/","title":{"rendered":"TGSB SA"},"content":{"rendered":"\n<p>Die Kommanditgesellschaft Tunnel du Grand-Saint-Bernard S.A. verwaltet im Auftrag des Kanton Wallis 50% des Tunnels, der die Schweiz mit Italien verbindet.<\/p>\n\n\n\n<p>Auf der S\u00fcdseite des Tunnels und der Zubringerstra\u00dfe hat die Italienische Aktiengesellschaft Traforo del Gran San Bernardo S.p.A. (<a href=\"https:\/\/z57nbebsowx.preview.infomaniak.website\/datapage.asp?id=30&amp;l=4\">SITRASB S.p.A<\/a>.) \u00e4hnliche Kompetenzen.<\/p>\n\n\n\n<p>Die italienisch-schweizer Gesellschaft&nbsp;<a href=\"https:\/\/z57nbebsowx.preview.infomaniak.website\/datapage.asp?id=29&amp;l=4\">SISEX SA<\/a><a>,<\/a>&nbsp;in der die beiden Vertragsgesellschaften gleich beteiligt sind, besch\u00e4ftigt sich mit der Verteilung der Einnahmen und verkaufsf\u00f6rdernden Strategien.<\/p>\n\n\n\n<p>Die Kommanditgesellschaft Tunnel du Grand-Saint-Bernard S.A. wurde 1958 in Martigny gegr\u00fcndet.<br>Die Hauptaktion\u00e4re sind die Kantone&nbsp;<a href=\"http:\/\/www.vd.ch\/\" target=\"_blank\" rel=\"noreferrer noopener\">Waadt<\/a>,&nbsp;<a href=\"http:\/\/www.vs.ch\/\" target=\"_blank\" rel=\"noreferrer noopener\">Wallis&nbsp;<\/a>und die&nbsp;<a href=\"http:\/\/www.lausanne.ch\/\" target=\"_blank\" rel=\"noreferrer noopener\">Stadt Lausanne<\/a>. Die \u00fcbrigen Aktien sind zwischen den anderen Kantonen der Romandie, &nbsp;einer gewissen Anzahl von St\u00e4dten und Wirtschafts- und Touristikorganisationen der Westschweiz aufgeteilt.<\/p>\n","protected":false},"excerpt":{"rendered":"<p>Die Kommanditgesellschaft Tunnel du Grand-Saint-Bernard S.A. verwaltet im Auftrag des Kanton Wallis 50% des Tunnels, der die Schweiz mit Italien verbindet. Auf der S\u00fcdseite des Tunnels und der Zubringerstra\u00dfe hat die Italienische Aktiengesellschaft Traforo del Gran San Bernardo S.p.A. (SITRASB S.p.A.) \u00e4hnliche Kompetenzen. Die italienisch-schweizer Gesellschaft&nbsp;SISEX SA,&nbsp;in der die beiden Vertragsgesellschaften gleich beteiligt sind, besch\u00e4ftigt [&hellip;]<\/p>\n","protected":false},"author":1,"featured_media":0,"parent":0,"menu_order":0,"comment_status":"closed","ping_status":"closed","template":"","meta":{"_acf_changed":false,"advgb_blocks_editor_width":"","advgb_blocks_columns_visual_guide":"","footnotes":""},"class_list":["post-10791","page","type-page","status-publish","hentry"],"acf":[],"yoast_head":"<!-- This site is optimized with the Yoast SEO plugin v25.3.1 - https:\/\/yoast.com\/wordpress\/plugins\/seo\/ -->\n<title>TGSB SA - Le Tunnel du Grand-Saint-Bernard<\/title>\n<meta name=\"robots\" content=\"index, follow, max-snippet:-1, max-image-preview:large, max-video-preview:-1\" \/>\n<link rel=\"canonical\" href=\"https:\/\/letunnel.com\/de\/tgsb-sa\/\" \/>\n<meta property=\"og:locale\" content=\"de_DE\" \/>\n<meta property=\"og:type\" content=\"article\" \/>\n<meta property=\"og:title\" content=\"TGSB SA - Le Tunnel du Grand-Saint-Bernard\" \/>\n<meta property=\"og:description\" content=\"Die Kommanditgesellschaft Tunnel du Grand-Saint-Bernard S.A. verwaltet im Auftrag des Kanton Wallis 50% des Tunnels, der die Schweiz mit Italien verbindet. Auf der S\u00fcdseite des Tunnels und der Zubringerstra\u00dfe hat die Italienische Aktiengesellschaft Traforo del Gran San Bernardo S.p.A. (SITRASB S.p.A.) \u00e4hnliche Kompetenzen. Die italienisch-schweizer Gesellschaft&nbsp;SISEX SA,&nbsp;in der die beiden Vertragsgesellschaften gleich beteiligt sind, besch\u00e4ftigt [&hellip;]\" \/>\n<meta property=\"og:url\" content=\"https:\/\/letunnel.com\/de\/tgsb-sa\/\" \/>\n<meta property=\"og:site_name\" content=\"Le Tunnel du Grand-Saint-Bernard\" \/>\n<meta property=\"article:modified_time\" content=\"2025-06-23T12:07:36+00:00\" \/>\n<meta name=\"twitter:card\" content=\"summary_large_image\" \/>\n<meta name=\"twitter:label1\" content=\"Gesch\u00e4tzte Lesezeit\" \/>\n\t<meta name=\"twitter:data1\" content=\"1\u00a0Minute\" \/>\n<script type=\"application\/ld+json\" class=\"yoast-schema-graph\">{\"@context\":\"https:\/\/schema.org\",\"@graph\":[{\"@type\":\"WebPage\",\"@id\":\"https:\/\/letunnel.com\/de\/tgsb-sa\/\",\"url\":\"https:\/\/letunnel.com\/de\/tgsb-sa\/\",\"name\":\"TGSB SA - Le Tunnel du Grand-Saint-Bernard\",\"isPartOf\":{\"@id\":\"https:\/\/letunnel.com\/#website\"},\"datePublished\":\"2022-03-28T08:05:02+00:00\",\"dateModified\":\"2025-06-23T12:07:36+00:00\",\"breadcrumb\":{\"@id\":\"https:\/\/letunnel.com\/de\/tgsb-sa\/#breadcrumb\"},\"inLanguage\":\"de\",\"potentialAction\":[{\"@type\":\"ReadAction\",\"target\":[\"https:\/\/letunnel.com\/de\/tgsb-sa\/\"]}]},{\"@type\":\"BreadcrumbList\",\"@id\":\"https:\/\/letunnel.com\/de\/tgsb-sa\/#breadcrumb\",\"itemListElement\":[{\"@type\":\"ListItem\",\"position\":1,\"name\":\"Home\",\"item\":\"https:\/\/letunnel.com\/\"},{\"@type\":\"ListItem\",\"position\":2,\"name\":\"TGSB SA\"}]},{\"@type\":\"WebSite\",\"@id\":\"https:\/\/letunnel.com\/#website\",\"url\":\"https:\/\/letunnel.com\/\",\"name\":\"Le Tunnel du Grand-Saint-Bernard\",\"description\":\"Le Tunnel du Grand-Saint-Bernard\",\"publisher\":{\"@id\":\"https:\/\/letunnel.com\/#organization\"},\"potentialAction\":[{\"@type\":\"SearchAction\",\"target\":{\"@type\":\"EntryPoint\",\"urlTemplate\":\"https:\/\/letunnel.com\/?s={search_term_string}\"},\"query-input\":{\"@type\":\"PropertyValueSpecification\",\"valueRequired\":true,\"valueName\":\"search_term_string\"}}],\"inLanguage\":\"de\"},{\"@type\":\"Organization\",\"@id\":\"https:\/\/letunnel.com\/#organization\",\"name\":\"Le Tunnel du Grand-Saint-Bernard\",\"url\":\"https:\/\/letunnel.com\/\",\"logo\":{\"@type\":\"ImageObject\",\"inLanguage\":\"de\",\"@id\":\"https:\/\/letunnel.com\/#\/schema\/logo\/image\/\",\"url\":\"https:\/\/letunnel.com\/wp-content\/uploads\/2023\/10\/LOGO-2023-Tunnel-GS-Bernard-Bianco.png\",\"contentUrl\":\"https:\/\/letunnel.com\/wp-content\/uploads\/2023\/10\/LOGO-2023-Tunnel-GS-Bernard-Bianco.png\",\"width\":540,\"height\":480,\"caption\":\"Le Tunnel du Grand-Saint-Bernard\"},\"image\":{\"@id\":\"https:\/\/letunnel.com\/#\/schema\/logo\/image\/\"}}]}<\/script>\n<!-- \/ Yoast SEO plugin. -->","yoast_head_json":{"title":"TGSB SA - Le Tunnel du Grand-Saint-Bernard","robots":{"index":"index","follow":"follow","max-snippet":"max-snippet:-1","max-image-preview":"max-image-preview:large","max-video-preview":"max-video-preview:-1"},"canonical":"https:\/\/letunnel.com\/de\/tgsb-sa\/","og_locale":"de_DE","og_type":"article","og_title":"TGSB SA - Le Tunnel du Grand-Saint-Bernard","og_description":"Die Kommanditgesellschaft Tunnel du Grand-Saint-Bernard S.A. verwaltet im Auftrag des Kanton Wallis 50% des Tunnels, der die Schweiz mit Italien verbindet. Auf der S\u00fcdseite des Tunnels und der Zubringerstra\u00dfe hat die Italienische Aktiengesellschaft Traforo del Gran San Bernardo S.p.A. (SITRASB S.p.A.) \u00e4hnliche Kompetenzen. Die italienisch-schweizer Gesellschaft&nbsp;SISEX SA,&nbsp;in der die beiden Vertragsgesellschaften gleich beteiligt sind, besch\u00e4ftigt [&hellip;]","og_url":"https:\/\/letunnel.com\/de\/tgsb-sa\/","og_site_name":"Le Tunnel du Grand-Saint-Bernard","article_modified_time":"2025-06-23T12:07:36+00:00","twitter_card":"summary_large_image","twitter_misc":{"Gesch\u00e4tzte Lesezeit":"1\u00a0Minute"},"schema":{"@context":"https:\/\/schema.org","@graph":[{"@type":"WebPage","@id":"https:\/\/letunnel.com\/de\/tgsb-sa\/","url":"https:\/\/letunnel.com\/de\/tgsb-sa\/","name":"TGSB SA - Le Tunnel du Grand-Saint-Bernard","isPartOf":{"@id":"https:\/\/letunnel.com\/#website"},"datePublished":"2022-03-28T08:05:02+00:00","dateModified":"2025-06-23T12:07:36+00:00","breadcrumb":{"@id":"https:\/\/letunnel.com\/de\/tgsb-sa\/#breadcrumb"},"inLanguage":"de","potentialAction":[{"@type":"ReadAction","target":["https:\/\/letunnel.com\/de\/tgsb-sa\/"]}]},{"@type":"BreadcrumbList","@id":"https:\/\/letunnel.com\/de\/tgsb-sa\/#breadcrumb","itemListElement":[{"@type":"ListItem","position":1,"name":"Home","item":"https:\/\/letunnel.com\/"},{"@type":"ListItem","position":2,"name":"TGSB SA"}]},{"@type":"WebSite","@id":"https:\/\/letunnel.com\/#website","url":"https:\/\/letunnel.com\/","name":"Le Tunnel du Grand-Saint-Bernard","description":"Le Tunnel du Grand-Saint-Bernard","publisher":{"@id":"https:\/\/letunnel.com\/#organization"},"potentialAction":[{"@type":"SearchAction","target":{"@type":"EntryPoint","urlTemplate":"https:\/\/letunnel.com\/?s={search_term_string}"},"query-input":{"@type":"PropertyValueSpecification","valueRequired":true,"valueName":"search_term_string"}}],"inLanguage":"de"},{"@type":"Organization","@id":"https:\/\/letunnel.com\/#organization","name":"Le Tunnel du Grand-Saint-Bernard","url":"https:\/\/letunnel.com\/","logo":{"@type":"ImageObject","inLanguage":"de","@id":"https:\/\/letunnel.com\/#\/schema\/logo\/image\/","url":"https:\/\/letunnel.com\/wp-content\/uploads\/2023\/10\/LOGO-2023-Tunnel-GS-Bernard-Bianco.png","contentUrl":"https:\/\/letunnel.com\/wp-content\/uploads\/2023\/10\/LOGO-2023-Tunnel-GS-Bernard-Bianco.png","width":540,"height":480,"caption":"Le Tunnel du Grand-Saint-Bernard"},"image":{"@id":"https:\/\/letunnel.com\/#\/schema\/logo\/image\/"}}]}},"coauthors":[],"author_meta":{"author_link":"https:\/\/letunnel.com\/de\/author\/stefano\/","display_name":"Stefano"},"relative_dates":{"created":"Posted 4\u00a0Jahren ago","modified":"Updated 10\u00a0Monaten ago"},"absolute_dates":{"created":"Posted on 28 M\u00e4rz 2022","modified":"Updated on 23 Juni 2025"},"absolute_dates_time":{"created":"Posted on 28 M\u00e4rz 2022 8:05 a.m.","modified":"Updated on 23 Juni 2025 12:07 p.m."},"featured_img_caption":"","featured_img":false,"series_order":"","_links":{"self":[{"href":"https:\/\/letunnel.com\/de\/wp-json\/wp\/v2\/pages\/10791","targetHints":{"allow":["GET"]}}],"collection":[{"href":"https:\/\/letunnel.com\/de\/wp-json\/wp\/v2\/pages"}],"about":[{"href":"https:\/\/letunnel.com\/de\/wp-json\/wp\/v2\/types\/page"}],"author":[{"embeddable":true,"href":"https:\/\/letunnel.com\/de\/wp-json\/wp\/v2\/users\/1"}],"replies":[{"embeddable":true,"href":"https:\/\/letunnel.com\/de\/wp-json\/wp\/v2\/comments?post=10791"}],"version-history":[{"count":1,"href":"https:\/\/letunnel.com\/de\/wp-json\/wp\/v2\/pages\/10791\/revisions"}],"predecessor-version":[{"id":10792,"href":"https:\/\/letunnel.com\/de\/wp-json\/wp\/v2\/pages\/10791\/revisions\/10792"}],"wp:attachment":[{"href":"https:\/\/letunnel.com\/de\/wp-json\/wp\/v2\/media?parent=10791"}],"curies":[{"name":"wp","href":"https:\/\/api.w.org\/{rel}","templated":true}]}}