{"id":1936,"date":"2023-04-27T07:01:37","date_gmt":"2023-04-27T07:01:37","guid":{"rendered":"https:\/\/z57nbebsowx.preview.infomaniak.website\/il-tunnel\/dove-siamo\/"},"modified":"2026-02-02T07:10:25","modified_gmt":"2026-02-02T07:10:25","slug":"dove-siamo","status":"publish","type":"page","link":"https:\/\/letunnel.com\/de\/il-tunnel\/dove-siamo\/","title":{"rendered":"Uber uns"},"content":{"rendered":"\n<h2 class=\"wp-block-heading\">DIE REGION DES GROSSEN ST. BERNHARD<\/h2>\n\n\n\n<p>VIELE TOURISTEN LASSEN SICH GERNE VERF\u00dcHREN&#8230;<\/p>\n\n\n\n<p>Die Stra\u00dfe, die zum\u00a0Grossen St. Bernhard-Tunnel\u00a0(<a href=\"https:\/\/maps.app.goo.gl\/CWXHbP2aSLFRkz9cA\">link Google Maps<\/a>) f\u00fchrt, durchquert sowohl im S\u00fcden als auch im Norden interessante Reisegebiete. Zahlreiche Touristen lassen sich von den unz\u00e4hligen Anreizen gern verf\u00fchren: vom Grossen St. Bernhard-Pa\u00df, den unz\u00e4hligen Ausfl\u00fcge, den Winter- und Sommersportm\u00f6glichkeiten, der Fauna und Flora, der Gastronomie, der Geschichte,dem lokalen Handwerk und der Folklore.<\/p>\n\n\n\n<p>Auf der S\u00fcdseite liegt&nbsp;das&nbsp;<a target=\"_blank\" href=\"http:\/\/www.regione.vda.it\/\" rel=\"noreferrer noopener\">Aostatal<\/a>&nbsp;mit seinen&nbsp;pittoresken D\u00f6rfer von Saint-Rh\u00e9my-en-Bosses, Saint-Oyen, \u00c9troubles, Allein, Doues und Gignod in einer noch unber\u00fchrten Natur und die Wintersportorte im Skigebiet des Grossen St. Bernhards: Cr\u00e9vacol, Flassin, Etroubles. Die Originalit\u00e4t der Bauten mit den typischen Schieferd\u00e4chern, die naturbelassenen Produkte und der herzliche Empfang machen diese interessante Route noch sch\u00e4tzenswerter. Dann AOSTA, die von den R\u00f6mern gegr\u00fcndete Stadt, mit ihrer Geschichte, Kunst und Gastronomie.<\/p>\n\n\n\n<p>Weiter f\u00fchrt die Autobahn nach Turin, Mailand, Florenz, Rom und zur franz\u00f6sischen Riviera.<\/p>\n\n\n\n<p>Auf der Nordenseite liegt&nbsp;das&nbsp;<a target=\"_blank\" href=\"http:\/\/www.valaistourism.ch\/\" rel=\"noreferrer noopener\">Wallis<\/a>&nbsp;mit den&nbsp;typischen D\u00f6rfer von Bourg-Saint-Pierre, Liddes, Orsi\u00e8res, Sembrancher und wenige Kilometer davon entfernt die ber\u00fchmten Winter-und Sommersportorte des Super St-Bernard: Vich\u00e8res, Verbier und Champex. Dann&nbsp;MARTIGNY, eine gallisch-r\u00f6mische Stadt mit der ber\u00fchmten &#8222;<a target=\"_blank\" href=\"http:\/\/www.gianadda.ch\/\" rel=\"noreferrer noopener\">Fondation Gianadda<\/a>&#8222;. Weiter kommt man nach&nbsp;Montreux, Vevey und Lausanne.<\/p>\n\n\n\n<figure class=\"wp-block-gallery has-nested-images columns-default is-cropped wp-block-gallery-1 is-layout-flex wp-block-gallery-is-layout-flex\">\n<figure class=\"wp-block-image size-large\"><img fetchpriority=\"high\" decoding=\"async\" width=\"700\" height=\"525\" data-id=\"902\" src=\"https:\/\/z57nbebsowx.preview.infomaniak.website\/wp-content\/uploads\/2023\/04\/Arco-Augusto-Aosta.jpeg\" alt=\"\" class=\"wp-image-902\" srcset=\"https:\/\/letunnel.com\/wp-content\/uploads\/2023\/04\/Arco-Augusto-Aosta.jpeg 700w, https:\/\/letunnel.com\/wp-content\/uploads\/2023\/04\/Arco-Augusto-Aosta-300x225.jpeg 300w\" sizes=\"(max-width: 700px) 100vw, 700px\" \/><\/figure>\n\n\n\n<figure class=\"wp-block-image size-large\"><img decoding=\"async\" width=\"700\" height=\"525\" data-id=\"900\" src=\"https:\/\/z57nbebsowx.preview.infomaniak.website\/wp-content\/uploads\/2023\/04\/Bourg-Saint-Pierre-Valais-.jpeg\" alt=\"\" class=\"wp-image-900\" srcset=\"https:\/\/letunnel.com\/wp-content\/uploads\/2023\/04\/Bourg-Saint-Pierre-Valais-.jpeg 700w, https:\/\/letunnel.com\/wp-content\/uploads\/2023\/04\/Bourg-Saint-Pierre-Valais--300x225.jpeg 300w\" sizes=\"(max-width: 700px) 100vw, 700px\" \/><\/figure>\n\n\n\n<figure class=\"wp-block-image size-large\"><img decoding=\"async\" width=\"700\" height=\"525\" data-id=\"898\" src=\"https:\/\/z57nbebsowx.preview.infomaniak.website\/wp-content\/uploads\/2023\/04\/Colle-del-Gran-San-Bernardo-Valle-dAosta-.jpeg\" alt=\"\" class=\"wp-image-898\" srcset=\"https:\/\/letunnel.com\/wp-content\/uploads\/2023\/04\/Colle-del-Gran-San-Bernardo-Valle-dAosta-.jpeg 700w, https:\/\/letunnel.com\/wp-content\/uploads\/2023\/04\/Colle-del-Gran-San-Bernardo-Valle-dAosta--300x225.jpeg 300w\" sizes=\"(max-width: 700px) 100vw, 700px\" \/><\/figure>\n\n\n\n<figure class=\"wp-block-image size-large\"><img loading=\"lazy\" decoding=\"async\" width=\"700\" height=\"525\" data-id=\"901\" src=\"https:\/\/z57nbebsowx.preview.infomaniak.website\/wp-content\/uploads\/2023\/04\/Etroubles-Valle-dAosta-.jpeg\" alt=\"\" class=\"wp-image-901\" srcset=\"https:\/\/letunnel.com\/wp-content\/uploads\/2023\/04\/Etroubles-Valle-dAosta-.jpeg 700w, https:\/\/letunnel.com\/wp-content\/uploads\/2023\/04\/Etroubles-Valle-dAosta--300x225.jpeg 300w\" sizes=\"(max-width: 700px) 100vw, 700px\" \/><\/figure>\n\n\n\n<figure class=\"wp-block-image size-large\"><img loading=\"lazy\" decoding=\"async\" width=\"700\" height=\"525\" data-id=\"894\" src=\"https:\/\/z57nbebsowx.preview.infomaniak.website\/wp-content\/uploads\/2023\/04\/Fondation-Gianadda-Martigny-.jpeg\" alt=\"\" class=\"wp-image-894\" srcset=\"https:\/\/letunnel.com\/wp-content\/uploads\/2023\/04\/Fondation-Gianadda-Martigny-.jpeg 700w, https:\/\/letunnel.com\/wp-content\/uploads\/2023\/04\/Fondation-Gianadda-Martigny--300x225.jpeg 300w\" sizes=\"(max-width: 700px) 100vw, 700px\" \/><\/figure>\n\n\n\n<figure class=\"wp-block-image size-large\"><img loading=\"lazy\" decoding=\"async\" width=\"700\" height=\"525\" data-id=\"893\" src=\"https:\/\/z57nbebsowx.preview.infomaniak.website\/wp-content\/uploads\/2023\/04\/Lac-Leman-Suisse-.jpeg\" alt=\"\" class=\"wp-image-893\" srcset=\"https:\/\/letunnel.com\/wp-content\/uploads\/2023\/04\/Lac-Leman-Suisse-.jpeg 700w, https:\/\/letunnel.com\/wp-content\/uploads\/2023\/04\/Lac-Leman-Suisse--300x225.jpeg 300w\" sizes=\"(max-width: 700px) 100vw, 700px\" \/><\/figure>\n\n\n\n<figure class=\"wp-block-image size-large\"><img loading=\"lazy\" decoding=\"async\" width=\"700\" height=\"525\" data-id=\"897\" src=\"https:\/\/z57nbebsowx.preview.infomaniak.website\/wp-content\/uploads\/2023\/04\/Liddes-Valais-.jpeg\" alt=\"\" class=\"wp-image-897\" srcset=\"https:\/\/letunnel.com\/wp-content\/uploads\/2023\/04\/Liddes-Valais-.jpeg 700w, https:\/\/letunnel.com\/wp-content\/uploads\/2023\/04\/Liddes-Valais--300x225.jpeg 300w\" sizes=\"(max-width: 700px) 100vw, 700px\" \/><\/figure>\n\n\n\n<figure class=\"wp-block-image size-large\"><img loading=\"lazy\" decoding=\"async\" width=\"700\" height=\"525\" data-id=\"903\" src=\"https:\/\/z57nbebsowx.preview.infomaniak.website\/wp-content\/uploads\/2023\/04\/martigny.jpg\" alt=\"\" class=\"wp-image-903\" srcset=\"https:\/\/letunnel.com\/wp-content\/uploads\/2023\/04\/martigny.jpg 700w, https:\/\/letunnel.com\/wp-content\/uploads\/2023\/04\/martigny-300x225.jpg 300w\" sizes=\"(max-width: 700px) 100vw, 700px\" \/><\/figure>\n\n\n\n<figure class=\"wp-block-image size-large\"><img loading=\"lazy\" decoding=\"async\" width=\"700\" height=\"525\" data-id=\"899\" src=\"https:\/\/z57nbebsowx.preview.infomaniak.website\/wp-content\/uploads\/2023\/04\/Musee-Olympique-Lausanne-.jpeg\" alt=\"\" class=\"wp-image-899\" srcset=\"https:\/\/letunnel.com\/wp-content\/uploads\/2023\/04\/Musee-Olympique-Lausanne-.jpeg 700w, https:\/\/letunnel.com\/wp-content\/uploads\/2023\/04\/Musee-Olympique-Lausanne--300x225.jpeg 300w\" sizes=\"(max-width: 700px) 100vw, 700px\" \/><\/figure>\n\n\n\n<figure class=\"wp-block-image size-large\"><img loading=\"lazy\" decoding=\"async\" width=\"700\" height=\"525\" data-id=\"895\" src=\"https:\/\/z57nbebsowx.preview.infomaniak.website\/wp-content\/uploads\/2023\/04\/Saint-Oyen-Valle-dAosta-.jpeg\" alt=\"\" class=\"wp-image-895\" srcset=\"https:\/\/letunnel.com\/wp-content\/uploads\/2023\/04\/Saint-Oyen-Valle-dAosta-.jpeg 700w, https:\/\/letunnel.com\/wp-content\/uploads\/2023\/04\/Saint-Oyen-Valle-dAosta--300x225.jpeg 300w\" sizes=\"(max-width: 700px) 100vw, 700px\" \/><\/figure>\n\n\n\n<figure class=\"wp-block-image size-large\"><img loading=\"lazy\" decoding=\"async\" width=\"700\" height=\"525\" data-id=\"896\" src=\"https:\/\/z57nbebsowx.preview.infomaniak.website\/wp-content\/uploads\/2023\/04\/Saint-Rhemy-en-Bosses-Valle-dAosta-.jpeg\" alt=\"\" class=\"wp-image-896\" srcset=\"https:\/\/letunnel.com\/wp-content\/uploads\/2023\/04\/Saint-Rhemy-en-Bosses-Valle-dAosta-.jpeg 700w, https:\/\/letunnel.com\/wp-content\/uploads\/2023\/04\/Saint-Rhemy-en-Bosses-Valle-dAosta--300x225.jpeg 300w\" sizes=\"(max-width: 700px) 100vw, 700px\" \/><\/figure>\n\n\n\n<figure class=\"wp-block-image size-large\"><img loading=\"lazy\" decoding=\"async\" width=\"700\" height=\"525\" data-id=\"904\" src=\"https:\/\/z57nbebsowx.preview.infomaniak.website\/wp-content\/uploads\/2023\/04\/Torino-Italia-.jpeg\" alt=\"\" class=\"wp-image-904\" srcset=\"https:\/\/letunnel.com\/wp-content\/uploads\/2023\/04\/Torino-Italia-.jpeg 700w, https:\/\/letunnel.com\/wp-content\/uploads\/2023\/04\/Torino-Italia--300x225.jpeg 300w\" sizes=\"(max-width: 700px) 100vw, 700px\" \/><\/figure>\n<\/figure>\n","protected":false},"excerpt":{"rendered":"<p>DIE REGION DES GROSSEN ST. BERNHARD VIELE TOURISTEN LASSEN SICH GERNE VERF\u00dcHREN&#8230; Die Stra\u00dfe, die zum\u00a0Grossen St. Bernhard-Tunnel\u00a0(link Google Maps) f\u00fchrt, durchquert sowohl im S\u00fcden als auch im Norden interessante Reisegebiete. Zahlreiche Touristen lassen sich von den unz\u00e4hligen Anreizen gern verf\u00fchren: vom Grossen St. Bernhard-Pa\u00df, den unz\u00e4hligen Ausfl\u00fcge, den Winter- und Sommersportm\u00f6glichkeiten, der Fauna und [&hellip;]<\/p>\n","protected":false},"author":1,"featured_media":0,"parent":1928,"menu_order":0,"comment_status":"closed","ping_status":"closed","template":"","meta":{"_acf_changed":false,"advgb_blocks_editor_width":"","advgb_blocks_columns_visual_guide":"","footnotes":""},"class_list":["post-1936","page","type-page","status-publish","hentry"],"acf":[],"yoast_head":"<!-- This site is optimized with the Yoast SEO plugin v25.3.1 - https:\/\/yoast.com\/wordpress\/plugins\/seo\/ -->\n<title>Uber uns - Le Tunnel du Grand-Saint-Bernard<\/title>\n<meta name=\"robots\" content=\"index, follow, max-snippet:-1, max-image-preview:large, max-video-preview:-1\" \/>\n<link rel=\"canonical\" href=\"https:\/\/letunnel.com\/de\/il-tunnel\/dove-siamo\/\" \/>\n<meta property=\"og:locale\" content=\"de_DE\" \/>\n<meta property=\"og:type\" content=\"article\" \/>\n<meta property=\"og:title\" content=\"Uber uns - Le Tunnel du Grand-Saint-Bernard\" \/>\n<meta property=\"og:description\" content=\"DIE REGION DES GROSSEN ST. BERNHARD VIELE TOURISTEN LASSEN SICH GERNE VERF\u00dcHREN&#8230; Die Stra\u00dfe, die zum\u00a0Grossen St. Bernhard-Tunnel\u00a0(link Google Maps) f\u00fchrt, durchquert sowohl im S\u00fcden als auch im Norden interessante Reisegebiete. Zahlreiche Touristen lassen sich von den unz\u00e4hligen Anreizen gern verf\u00fchren: vom Grossen St. Bernhard-Pa\u00df, den unz\u00e4hligen Ausfl\u00fcge, den Winter- und Sommersportm\u00f6glichkeiten, der Fauna und [&hellip;]\" \/>\n<meta property=\"og:url\" content=\"https:\/\/letunnel.com\/de\/il-tunnel\/dove-siamo\/\" \/>\n<meta property=\"og:site_name\" content=\"Le Tunnel du Grand-Saint-Bernard\" \/>\n<meta property=\"article:modified_time\" content=\"2026-02-02T07:10:25+00:00\" \/>\n<meta property=\"og:image\" content=\"https:\/\/letunnel.com\/wp-content\/uploads\/2023\/04\/Arco-Augusto-Aosta.jpeg\" \/>\n\t<meta property=\"og:image:width\" content=\"700\" \/>\n\t<meta property=\"og:image:height\" content=\"525\" \/>\n\t<meta property=\"og:image:type\" content=\"image\/jpeg\" \/>\n<meta name=\"twitter:card\" content=\"summary_large_image\" \/>\n<meta name=\"twitter:label1\" content=\"Gesch\u00e4tzte Lesezeit\" \/>\n\t<meta name=\"twitter:data1\" content=\"4\u00a0Minuten\" \/>\n<script type=\"application\/ld+json\" class=\"yoast-schema-graph\">{\"@context\":\"https:\/\/schema.org\",\"@graph\":[{\"@type\":\"WebPage\",\"@id\":\"https:\/\/letunnel.com\/de\/il-tunnel\/dove-siamo\/\",\"url\":\"https:\/\/letunnel.com\/de\/il-tunnel\/dove-siamo\/\",\"name\":\"Uber uns - Le Tunnel du Grand-Saint-Bernard\",\"isPartOf\":{\"@id\":\"https:\/\/letunnel.com\/#website\"},\"primaryImageOfPage\":{\"@id\":\"https:\/\/letunnel.com\/de\/il-tunnel\/dove-siamo\/#primaryimage\"},\"image\":{\"@id\":\"https:\/\/letunnel.com\/de\/il-tunnel\/dove-siamo\/#primaryimage\"},\"thumbnailUrl\":\"https:\/\/z57nbebsowx.preview.infomaniak.website\/wp-content\/uploads\/2023\/04\/Arco-Augusto-Aosta.jpeg\",\"datePublished\":\"2023-04-27T07:01:37+00:00\",\"dateModified\":\"2026-02-02T07:10:25+00:00\",\"breadcrumb\":{\"@id\":\"https:\/\/letunnel.com\/de\/il-tunnel\/dove-siamo\/#breadcrumb\"},\"inLanguage\":\"de\",\"potentialAction\":[{\"@type\":\"ReadAction\",\"target\":[\"https:\/\/letunnel.com\/de\/il-tunnel\/dove-siamo\/\"]}]},{\"@type\":\"ImageObject\",\"inLanguage\":\"de\",\"@id\":\"https:\/\/letunnel.com\/de\/il-tunnel\/dove-siamo\/#primaryimage\",\"url\":\"https:\/\/z57nbebsowx.preview.infomaniak.website\/wp-content\/uploads\/2023\/04\/Arco-Augusto-Aosta.jpeg\",\"contentUrl\":\"https:\/\/z57nbebsowx.preview.infomaniak.website\/wp-content\/uploads\/2023\/04\/Arco-Augusto-Aosta.jpeg\"},{\"@type\":\"BreadcrumbList\",\"@id\":\"https:\/\/letunnel.com\/de\/il-tunnel\/dove-siamo\/#breadcrumb\",\"itemListElement\":[{\"@type\":\"ListItem\",\"position\":1,\"name\":\"Home\",\"item\":\"https:\/\/letunnel.com\/\"},{\"@type\":\"ListItem\",\"position\":2,\"name\":\"Tunnel\",\"item\":\"https:\/\/letunnel.com\/il-tunnel\/\"},{\"@type\":\"ListItem\",\"position\":3,\"name\":\"Uber uns\"}]},{\"@type\":\"WebSite\",\"@id\":\"https:\/\/letunnel.com\/#website\",\"url\":\"https:\/\/letunnel.com\/\",\"name\":\"Le Tunnel du Grand-Saint-Bernard\",\"description\":\"Le Tunnel du Grand-Saint-Bernard\",\"publisher\":{\"@id\":\"https:\/\/letunnel.com\/#organization\"},\"potentialAction\":[{\"@type\":\"SearchAction\",\"target\":{\"@type\":\"EntryPoint\",\"urlTemplate\":\"https:\/\/letunnel.com\/?s={search_term_string}\"},\"query-input\":{\"@type\":\"PropertyValueSpecification\",\"valueRequired\":true,\"valueName\":\"search_term_string\"}}],\"inLanguage\":\"de\"},{\"@type\":\"Organization\",\"@id\":\"https:\/\/letunnel.com\/#organization\",\"name\":\"Le Tunnel du Grand-Saint-Bernard\",\"url\":\"https:\/\/letunnel.com\/\",\"logo\":{\"@type\":\"ImageObject\",\"inLanguage\":\"de\",\"@id\":\"https:\/\/letunnel.com\/#\/schema\/logo\/image\/\",\"url\":\"https:\/\/letunnel.com\/wp-content\/uploads\/2023\/10\/LOGO-2023-Tunnel-GS-Bernard-Bianco.png\",\"contentUrl\":\"https:\/\/letunnel.com\/wp-content\/uploads\/2023\/10\/LOGO-2023-Tunnel-GS-Bernard-Bianco.png\",\"width\":540,\"height\":480,\"caption\":\"Le Tunnel du Grand-Saint-Bernard\"},\"image\":{\"@id\":\"https:\/\/letunnel.com\/#\/schema\/logo\/image\/\"}}]}<\/script>\n<!-- \/ Yoast SEO plugin. -->","yoast_head_json":{"title":"Uber uns - Le Tunnel du Grand-Saint-Bernard","robots":{"index":"index","follow":"follow","max-snippet":"max-snippet:-1","max-image-preview":"max-image-preview:large","max-video-preview":"max-video-preview:-1"},"canonical":"https:\/\/letunnel.com\/de\/il-tunnel\/dove-siamo\/","og_locale":"de_DE","og_type":"article","og_title":"Uber uns - Le Tunnel du Grand-Saint-Bernard","og_description":"DIE REGION DES GROSSEN ST. BERNHARD VIELE TOURISTEN LASSEN SICH GERNE VERF\u00dcHREN&#8230; Die Stra\u00dfe, die zum\u00a0Grossen St. Bernhard-Tunnel\u00a0(link Google Maps) f\u00fchrt, durchquert sowohl im S\u00fcden als auch im Norden interessante Reisegebiete. Zahlreiche Touristen lassen sich von den unz\u00e4hligen Anreizen gern verf\u00fchren: vom Grossen St. Bernhard-Pa\u00df, den unz\u00e4hligen Ausfl\u00fcge, den Winter- und Sommersportm\u00f6glichkeiten, der Fauna und [&hellip;]","og_url":"https:\/\/letunnel.com\/de\/il-tunnel\/dove-siamo\/","og_site_name":"Le Tunnel du Grand-Saint-Bernard","article_modified_time":"2026-02-02T07:10:25+00:00","og_image":[{"width":700,"height":525,"url":"https:\/\/letunnel.com\/wp-content\/uploads\/2023\/04\/Arco-Augusto-Aosta.jpeg","type":"image\/jpeg"}],"twitter_card":"summary_large_image","twitter_misc":{"Gesch\u00e4tzte Lesezeit":"4\u00a0Minuten"},"schema":{"@context":"https:\/\/schema.org","@graph":[{"@type":"WebPage","@id":"https:\/\/letunnel.com\/de\/il-tunnel\/dove-siamo\/","url":"https:\/\/letunnel.com\/de\/il-tunnel\/dove-siamo\/","name":"Uber uns - Le Tunnel du Grand-Saint-Bernard","isPartOf":{"@id":"https:\/\/letunnel.com\/#website"},"primaryImageOfPage":{"@id":"https:\/\/letunnel.com\/de\/il-tunnel\/dove-siamo\/#primaryimage"},"image":{"@id":"https:\/\/letunnel.com\/de\/il-tunnel\/dove-siamo\/#primaryimage"},"thumbnailUrl":"https:\/\/z57nbebsowx.preview.infomaniak.website\/wp-content\/uploads\/2023\/04\/Arco-Augusto-Aosta.jpeg","datePublished":"2023-04-27T07:01:37+00:00","dateModified":"2026-02-02T07:10:25+00:00","breadcrumb":{"@id":"https:\/\/letunnel.com\/de\/il-tunnel\/dove-siamo\/#breadcrumb"},"inLanguage":"de","potentialAction":[{"@type":"ReadAction","target":["https:\/\/letunnel.com\/de\/il-tunnel\/dove-siamo\/"]}]},{"@type":"ImageObject","inLanguage":"de","@id":"https:\/\/letunnel.com\/de\/il-tunnel\/dove-siamo\/#primaryimage","url":"https:\/\/z57nbebsowx.preview.infomaniak.website\/wp-content\/uploads\/2023\/04\/Arco-Augusto-Aosta.jpeg","contentUrl":"https:\/\/z57nbebsowx.preview.infomaniak.website\/wp-content\/uploads\/2023\/04\/Arco-Augusto-Aosta.jpeg"},{"@type":"BreadcrumbList","@id":"https:\/\/letunnel.com\/de\/il-tunnel\/dove-siamo\/#breadcrumb","itemListElement":[{"@type":"ListItem","position":1,"name":"Home","item":"https:\/\/letunnel.com\/"},{"@type":"ListItem","position":2,"name":"Tunnel","item":"https:\/\/letunnel.com\/il-tunnel\/"},{"@type":"ListItem","position":3,"name":"Uber uns"}]},{"@type":"WebSite","@id":"https:\/\/letunnel.com\/#website","url":"https:\/\/letunnel.com\/","name":"Le Tunnel du Grand-Saint-Bernard","description":"Le Tunnel du Grand-Saint-Bernard","publisher":{"@id":"https:\/\/letunnel.com\/#organization"},"potentialAction":[{"@type":"SearchAction","target":{"@type":"EntryPoint","urlTemplate":"https:\/\/letunnel.com\/?s={search_term_string}"},"query-input":{"@type":"PropertyValueSpecification","valueRequired":true,"valueName":"search_term_string"}}],"inLanguage":"de"},{"@type":"Organization","@id":"https:\/\/letunnel.com\/#organization","name":"Le Tunnel du Grand-Saint-Bernard","url":"https:\/\/letunnel.com\/","logo":{"@type":"ImageObject","inLanguage":"de","@id":"https:\/\/letunnel.com\/#\/schema\/logo\/image\/","url":"https:\/\/letunnel.com\/wp-content\/uploads\/2023\/10\/LOGO-2023-Tunnel-GS-Bernard-Bianco.png","contentUrl":"https:\/\/letunnel.com\/wp-content\/uploads\/2023\/10\/LOGO-2023-Tunnel-GS-Bernard-Bianco.png","width":540,"height":480,"caption":"Le Tunnel du Grand-Saint-Bernard"},"image":{"@id":"https:\/\/letunnel.com\/#\/schema\/logo\/image\/"}}]}},"coauthors":[],"author_meta":{"author_link":"https:\/\/letunnel.com\/de\/author\/stefano\/","display_name":"Stefano"},"relative_dates":{"created":"Posted 3\u00a0Jahren ago","modified":"Updated 2\u00a0Monaten ago"},"absolute_dates":{"created":"Posted on 27 April 2023","modified":"Updated on 2 Februar 2026"},"absolute_dates_time":{"created":"Posted on 27 April 2023 7:01 a.m.","modified":"Updated on 2 Februar 2026 7:10 a.m."},"featured_img_caption":"","featured_img":false,"series_order":"","_links":{"self":[{"href":"https:\/\/letunnel.com\/de\/wp-json\/wp\/v2\/pages\/1936","targetHints":{"allow":["GET"]}}],"collection":[{"href":"https:\/\/letunnel.com\/de\/wp-json\/wp\/v2\/pages"}],"about":[{"href":"https:\/\/letunnel.com\/de\/wp-json\/wp\/v2\/types\/page"}],"author":[{"embeddable":true,"href":"https:\/\/letunnel.com\/de\/wp-json\/wp\/v2\/users\/1"}],"replies":[{"embeddable":true,"href":"https:\/\/letunnel.com\/de\/wp-json\/wp\/v2\/comments?post=1936"}],"version-history":[{"count":3,"href":"https:\/\/letunnel.com\/de\/wp-json\/wp\/v2\/pages\/1936\/revisions"}],"predecessor-version":[{"id":11624,"href":"https:\/\/letunnel.com\/de\/wp-json\/wp\/v2\/pages\/1936\/revisions\/11624"}],"up":[{"embeddable":true,"href":"https:\/\/letunnel.com\/de\/wp-json\/wp\/v2\/pages\/1928"}],"wp:attachment":[{"href":"https:\/\/letunnel.com\/de\/wp-json\/wp\/v2\/media?parent=1936"}],"curies":[{"name":"wp","href":"https:\/\/api.w.org\/{rel}","templated":true}]}}