{"id":2089,"date":"2022-03-28T08:06:19","date_gmt":"2022-03-28T08:06:19","guid":{"rendered":"https:\/\/z57nbebsowx.preview.infomaniak.website\/sitrasb-s-p-a\/"},"modified":"2023-09-08T10:36:27","modified_gmt":"2023-09-08T10:36:27","slug":"sitrasb-s-p-a","status":"publish","type":"page","link":"https:\/\/letunnel.com\/de\/sitrasb-s-p-a\/","title":{"rendered":"SITRASB S.P.A."},"content":{"rendered":"\n<h2 class=\"wp-block-heading advgb-dyn-dd72a7fa\">VERWALTUNGSGESELLSCHAFT<\/h2>\n\n\n\n<p>Die SITRASB S.p.A, italienische Aktiengesellschaft Traforo del Gran San Bernardo, leitet als Konzession\u00e4r zu&nbsp;50% den Tunnel, der Italien mit der Schweiz verbindet, sowie den dazugeh\u00f6rigen Tunnelzubringer.<br>Die Aktion\u00e4re der SITRASB S.p.A.&nbsp;sind zu 63,5% die&nbsp;<a target=\"_blank\" href=\"http:\/\/www.regione.vda.it\/\" rel=\"noreferrer noopener\">autonome Region Aosta<\/a>&nbsp;und zu 36,5% die&nbsp;<a target=\"_blank\" href=\"http:\/\/www.sav-a5.it\/\" rel=\"noreferrer noopener\">SAV S.p.A.<\/a>, Gesellschaft der Aostataler Autobahnen.<\/p>\n\n\n\n<p>Mit der Absicht der \u00dcberpr\u00fcfung seiner internen Organisation in \u00dcbereinstimmung mit den Bestimmungen des italienischen Gesetzesdekrets 231\/2001 h\u00e4lt sich die SITRASB S.p.A. an einen ethischen Verhaltenskodex, der die Beziehungen der Gesellschaft gegen\u00fcber des Personals und Dritten charakterisiert und von jeher den Ablauf der Gesellschaftst\u00e4tigkeiten qualifiziert. Verst\u00f6\u00dfe dagegen haben Disziplinar- und Vertragsstrafen zur Folge.<\/p>\n\n\n\n<p>Auf der schweizer Seite hat der Vertragspartner &nbsp;<a href=\"https:\/\/z57nbebsowx.preview.infomaniak.website\/datapage.asp?id=31&amp;l=4\">TGSB SA<\/a>&nbsp;die gleichen Kompetenzen.<\/p>\n\n\n\n<p>Die italienisch-schweizer Gesellschaft&nbsp;<a href=\"https:\/\/z57nbebsowx.preview.infomaniak.website\/datapage.asp?id=9&amp;l=1\">&nbsp;<\/a><a href=\"https:\/\/z57nbebsowx.preview.infomaniak.website\/datapage.asp?id=29&amp;l=4\">SISEX SA&nbsp;<\/a>, in der die zwei Vertragspartner zu gleichen Teilen beteiligt sind, besch\u00e4ftigt sich mit der Verteilung der Gewinne und verkaufsf\u00f6rdernden Strategien.<\/p>\n\n\n\n<p>Die g\u00fcnstige geographische Lage, zwischen dem Aostatal und dem Wallis, hat aus dem Grossen St. Bernhard-Tunnel einen bequemen und unverzichtbaren Kommunikationsweg&nbsp;zwischen Nord- und S\u00fcdeuropa gemacht.<\/p>\n\n\n\n<p>SITRASB ist Mitglied des&nbsp;<a target=\"_blank\" href=\"http:\/\/www.aiscat.it\/\" rel=\"noreferrer noopener\">AISCAT<\/a>.<\/p>\n\n\n\n<p>Italienische MWSt. Nummer SITRASB S.p.A. 00470330077<br>Gesch\u00e4ftssitz: Sitrasb Spa &#8211; Via Chambery,51 &#8211; 11100 Aosta<br>Im Handeslregister von Aosta eingeschrieben n. 00508120011 &#8211; REA n .43234<br>Gesellschaftskapital: 11 milioni di euro<\/p>\n\n\n\n<div data-wp-interactive=\"core\/file\" class=\"wp-block-file advgb-dyn-f14df474\"><object data-wp-bind--hidden=\"!state.hasPdfPreview\" hidden class=\"wp-block-file__embed\" data=\"https:\/\/z57nbebsowx.preview.infomaniak.website\/wp-content\/uploads\/2022\/04\/2020_Sitrasb_bilancio.pdf\" type=\"application\/pdf\" style=\"width:100%;height:600px\" aria-label=\"Einbettung von Sitrasb_bilancio 2020.\"><\/object><a id=\"wp-block-file--media-4f5f6273-8d00-4413-b656-db6387b6f6bf\" href=\"https:\/\/z57nbebsowx.preview.infomaniak.website\/wp-content\/uploads\/2022\/04\/2020_Sitrasb_bilancio.pdf\">Sitrasb_bilancio 2020<\/a><a href=\"https:\/\/z57nbebsowx.preview.infomaniak.website\/wp-content\/uploads\/2022\/04\/2020_Sitrasb_bilancio.pdf\" class=\"wp-block-file__button wp-element-button\" download aria-describedby=\"wp-block-file--media-4f5f6273-8d00-4413-b656-db6387b6f6bf\">Download<\/a><\/div>\n\n\n\n<p><\/p>\n","protected":false},"excerpt":{"rendered":"<p>VERWALTUNGSGESELLSCHAFT Die SITRASB S.p.A, italienische Aktiengesellschaft Traforo del Gran San Bernardo, leitet als Konzession\u00e4r zu&nbsp;50% den Tunnel, der Italien mit der Schweiz verbindet, sowie den dazugeh\u00f6rigen Tunnelzubringer.Die Aktion\u00e4re der SITRASB S.p.A.&nbsp;sind zu 63,5% die&nbsp;autonome Region Aosta&nbsp;und zu 36,5% die&nbsp;SAV S.p.A., Gesellschaft der Aostataler Autobahnen. Mit der Absicht der \u00dcberpr\u00fcfung seiner internen Organisation in \u00dcbereinstimmung mit [&hellip;]<\/p>\n","protected":false},"author":1,"featured_media":0,"parent":0,"menu_order":0,"comment_status":"closed","ping_status":"closed","template":"","meta":{"_acf_changed":false,"advgb_blocks_editor_width":"","advgb_blocks_columns_visual_guide":"","footnotes":""},"class_list":["post-2089","page","type-page","status-publish","hentry"],"acf":[],"yoast_head":"<!-- This site is optimized with the Yoast SEO plugin v25.3.1 - https:\/\/yoast.com\/wordpress\/plugins\/seo\/ -->\n<title>SITRASB S.P.A. - Le Tunnel du Grand-Saint-Bernard<\/title>\n<meta name=\"robots\" content=\"index, follow, max-snippet:-1, max-image-preview:large, max-video-preview:-1\" \/>\n<link rel=\"canonical\" href=\"https:\/\/letunnel.com\/sitrasb-s-p-a\/\" \/>\n<meta property=\"og:locale\" content=\"de_DE\" \/>\n<meta property=\"og:type\" content=\"article\" \/>\n<meta property=\"og:title\" content=\"SITRASB S.P.A. - Le Tunnel du Grand-Saint-Bernard\" \/>\n<meta property=\"og:description\" content=\"VERWALTUNGSGESELLSCHAFT Die SITRASB S.p.A, italienische Aktiengesellschaft Traforo del Gran San Bernardo, leitet als Konzession\u00e4r zu&nbsp;50% den Tunnel, der Italien mit der Schweiz verbindet, sowie den dazugeh\u00f6rigen Tunnelzubringer.Die Aktion\u00e4re der SITRASB S.p.A.&nbsp;sind zu 63,5% die&nbsp;autonome Region Aosta&nbsp;und zu 36,5% die&nbsp;SAV S.p.A., Gesellschaft der Aostataler Autobahnen. Mit der Absicht der \u00dcberpr\u00fcfung seiner internen Organisation in \u00dcbereinstimmung mit [&hellip;]\" \/>\n<meta property=\"og:url\" content=\"https:\/\/letunnel.com\/sitrasb-s-p-a\/\" \/>\n<meta property=\"og:site_name\" content=\"Le Tunnel du Grand-Saint-Bernard\" \/>\n<meta property=\"article:modified_time\" content=\"2023-09-08T10:36:27+00:00\" \/>\n<meta name=\"twitter:card\" content=\"summary_large_image\" \/>\n<meta name=\"twitter:label1\" content=\"Gesch\u00e4tzte Lesezeit\" \/>\n\t<meta name=\"twitter:data1\" content=\"2\u00a0Minuten\" \/>\n<script type=\"application\/ld+json\" class=\"yoast-schema-graph\">{\"@context\":\"https:\/\/schema.org\",\"@graph\":[{\"@type\":\"WebPage\",\"@id\":\"https:\/\/letunnel.com\/sitrasb-s-p-a\/\",\"url\":\"https:\/\/letunnel.com\/sitrasb-s-p-a\/\",\"name\":\"SITRASB S.P.A. - Le Tunnel du Grand-Saint-Bernard\",\"isPartOf\":{\"@id\":\"https:\/\/letunnel.com\/#website\"},\"datePublished\":\"2022-03-28T08:06:19+00:00\",\"dateModified\":\"2023-09-08T10:36:27+00:00\",\"breadcrumb\":{\"@id\":\"https:\/\/letunnel.com\/sitrasb-s-p-a\/#breadcrumb\"},\"inLanguage\":\"de\",\"potentialAction\":[{\"@type\":\"ReadAction\",\"target\":[\"https:\/\/letunnel.com\/sitrasb-s-p-a\/\"]}]},{\"@type\":\"BreadcrumbList\",\"@id\":\"https:\/\/letunnel.com\/sitrasb-s-p-a\/#breadcrumb\",\"itemListElement\":[{\"@type\":\"ListItem\",\"position\":1,\"name\":\"Home\",\"item\":\"https:\/\/letunnel.com\/\"},{\"@type\":\"ListItem\",\"position\":2,\"name\":\"SITRASB S.P.A.\"}]},{\"@type\":\"WebSite\",\"@id\":\"https:\/\/letunnel.com\/#website\",\"url\":\"https:\/\/letunnel.com\/\",\"name\":\"Le Tunnel du Grand-Saint-Bernard\",\"description\":\"Le Tunnel du Grand-Saint-Bernard\",\"publisher\":{\"@id\":\"https:\/\/letunnel.com\/#organization\"},\"potentialAction\":[{\"@type\":\"SearchAction\",\"target\":{\"@type\":\"EntryPoint\",\"urlTemplate\":\"https:\/\/letunnel.com\/?s={search_term_string}\"},\"query-input\":{\"@type\":\"PropertyValueSpecification\",\"valueRequired\":true,\"valueName\":\"search_term_string\"}}],\"inLanguage\":\"de\"},{\"@type\":\"Organization\",\"@id\":\"https:\/\/letunnel.com\/#organization\",\"name\":\"Le Tunnel du Grand-Saint-Bernard\",\"url\":\"https:\/\/letunnel.com\/\",\"logo\":{\"@type\":\"ImageObject\",\"inLanguage\":\"de\",\"@id\":\"https:\/\/letunnel.com\/#\/schema\/logo\/image\/\",\"url\":\"https:\/\/letunnel.com\/wp-content\/uploads\/2023\/10\/LOGO-2023-Tunnel-GS-Bernard-Bianco.png\",\"contentUrl\":\"https:\/\/letunnel.com\/wp-content\/uploads\/2023\/10\/LOGO-2023-Tunnel-GS-Bernard-Bianco.png\",\"width\":540,\"height\":480,\"caption\":\"Le Tunnel du Grand-Saint-Bernard\"},\"image\":{\"@id\":\"https:\/\/letunnel.com\/#\/schema\/logo\/image\/\"}}]}<\/script>\n<!-- \/ Yoast SEO plugin. -->","yoast_head_json":{"title":"SITRASB S.P.A. - Le Tunnel du Grand-Saint-Bernard","robots":{"index":"index","follow":"follow","max-snippet":"max-snippet:-1","max-image-preview":"max-image-preview:large","max-video-preview":"max-video-preview:-1"},"canonical":"https:\/\/letunnel.com\/sitrasb-s-p-a\/","og_locale":"de_DE","og_type":"article","og_title":"SITRASB S.P.A. - Le Tunnel du Grand-Saint-Bernard","og_description":"VERWALTUNGSGESELLSCHAFT Die SITRASB S.p.A, italienische Aktiengesellschaft Traforo del Gran San Bernardo, leitet als Konzession\u00e4r zu&nbsp;50% den Tunnel, der Italien mit der Schweiz verbindet, sowie den dazugeh\u00f6rigen Tunnelzubringer.Die Aktion\u00e4re der SITRASB S.p.A.&nbsp;sind zu 63,5% die&nbsp;autonome Region Aosta&nbsp;und zu 36,5% die&nbsp;SAV S.p.A., Gesellschaft der Aostataler Autobahnen. Mit der Absicht der \u00dcberpr\u00fcfung seiner internen Organisation in \u00dcbereinstimmung mit [&hellip;]","og_url":"https:\/\/letunnel.com\/sitrasb-s-p-a\/","og_site_name":"Le Tunnel du Grand-Saint-Bernard","article_modified_time":"2023-09-08T10:36:27+00:00","twitter_card":"summary_large_image","twitter_misc":{"Gesch\u00e4tzte Lesezeit":"2\u00a0Minuten"},"schema":{"@context":"https:\/\/schema.org","@graph":[{"@type":"WebPage","@id":"https:\/\/letunnel.com\/sitrasb-s-p-a\/","url":"https:\/\/letunnel.com\/sitrasb-s-p-a\/","name":"SITRASB S.P.A. - Le Tunnel du Grand-Saint-Bernard","isPartOf":{"@id":"https:\/\/letunnel.com\/#website"},"datePublished":"2022-03-28T08:06:19+00:00","dateModified":"2023-09-08T10:36:27+00:00","breadcrumb":{"@id":"https:\/\/letunnel.com\/sitrasb-s-p-a\/#breadcrumb"},"inLanguage":"de","potentialAction":[{"@type":"ReadAction","target":["https:\/\/letunnel.com\/sitrasb-s-p-a\/"]}]},{"@type":"BreadcrumbList","@id":"https:\/\/letunnel.com\/sitrasb-s-p-a\/#breadcrumb","itemListElement":[{"@type":"ListItem","position":1,"name":"Home","item":"https:\/\/letunnel.com\/"},{"@type":"ListItem","position":2,"name":"SITRASB S.P.A."}]},{"@type":"WebSite","@id":"https:\/\/letunnel.com\/#website","url":"https:\/\/letunnel.com\/","name":"Le Tunnel du Grand-Saint-Bernard","description":"Le Tunnel du Grand-Saint-Bernard","publisher":{"@id":"https:\/\/letunnel.com\/#organization"},"potentialAction":[{"@type":"SearchAction","target":{"@type":"EntryPoint","urlTemplate":"https:\/\/letunnel.com\/?s={search_term_string}"},"query-input":{"@type":"PropertyValueSpecification","valueRequired":true,"valueName":"search_term_string"}}],"inLanguage":"de"},{"@type":"Organization","@id":"https:\/\/letunnel.com\/#organization","name":"Le Tunnel du Grand-Saint-Bernard","url":"https:\/\/letunnel.com\/","logo":{"@type":"ImageObject","inLanguage":"de","@id":"https:\/\/letunnel.com\/#\/schema\/logo\/image\/","url":"https:\/\/letunnel.com\/wp-content\/uploads\/2023\/10\/LOGO-2023-Tunnel-GS-Bernard-Bianco.png","contentUrl":"https:\/\/letunnel.com\/wp-content\/uploads\/2023\/10\/LOGO-2023-Tunnel-GS-Bernard-Bianco.png","width":540,"height":480,"caption":"Le Tunnel du Grand-Saint-Bernard"},"image":{"@id":"https:\/\/letunnel.com\/#\/schema\/logo\/image\/"}}]}},"coauthors":[],"author_meta":{"author_link":"https:\/\/letunnel.com\/de\/author\/stefano\/","display_name":"Stefano"},"relative_dates":{"created":"Posted 4\u00a0Jahren ago","modified":"Updated 3\u00a0Jahren ago"},"absolute_dates":{"created":"Posted on 28 M\u00e4rz 2022","modified":"Updated on 8 September 2023"},"absolute_dates_time":{"created":"Posted on 28 M\u00e4rz 2022 8:06 a.m.","modified":"Updated on 8 September 2023 10:36 a.m."},"featured_img_caption":"","featured_img":false,"series_order":"","_links":{"self":[{"href":"https:\/\/letunnel.com\/de\/wp-json\/wp\/v2\/pages\/2089","targetHints":{"allow":["GET"]}}],"collection":[{"href":"https:\/\/letunnel.com\/de\/wp-json\/wp\/v2\/pages"}],"about":[{"href":"https:\/\/letunnel.com\/de\/wp-json\/wp\/v2\/types\/page"}],"author":[{"embeddable":true,"href":"https:\/\/letunnel.com\/de\/wp-json\/wp\/v2\/users\/1"}],"replies":[{"embeddable":true,"href":"https:\/\/letunnel.com\/de\/wp-json\/wp\/v2\/comments?post=2089"}],"version-history":[{"count":1,"href":"https:\/\/letunnel.com\/de\/wp-json\/wp\/v2\/pages\/2089\/revisions"}],"predecessor-version":[{"id":2092,"href":"https:\/\/letunnel.com\/de\/wp-json\/wp\/v2\/pages\/2089\/revisions\/2092"}],"wp:attachment":[{"href":"https:\/\/letunnel.com\/de\/wp-json\/wp\/v2\/media?parent=2089"}],"curies":[{"name":"wp","href":"https:\/\/api.w.org\/{rel}","templated":true}]}}