{"id":2105,"date":"2022-03-23T10:53:51","date_gmt":"2022-03-23T10:53:51","guid":{"rendered":"https:\/\/z57nbebsowx.preview.infomaniak.website\/sistema-di-sicurezza\/"},"modified":"2023-11-16T14:49:38","modified_gmt":"2023-11-16T14:49:38","slug":"sistema-di-sicurezza","status":"publish","type":"page","link":"https:\/\/letunnel.com\/de\/sistema-di-sicurezza\/","title":{"rendered":"Das sicherheitssystem"},"content":{"rendered":"\n<h2 class=\"wp-block-heading\">DAS SICHERHEITSNIVEAU WIRD IMMER H\u00d6HER<\/h2>\n\n\n\n<p>Die zwei Vertragsgesellschaften, Sitrasb und Tunnel, haben immer sehr viel Wert auf die Wartung und technologische Verbesserung des Tunnels gelegt, um so ein immer h\u00f6heres Sicherheitsniveau zu erreichen. Die Betriebsleitung und Verkehrs\u00fcberwachung des Grossen St. Bernhard-Tunnels wird von den modernen Kontrollr\u00e4umen aus durchgef\u00fchrt, die an den jeweiligen Einfahrten liegen. In diesen R\u00e4umen, die rund um die Uhr besetzt sind, kommen alle Informationen, Alarm- und Notrufe an. Ein modernes Fern\u00fcberwachungssystem hat die Betriebsleitung und Verkehrs\u00fcberwachung zuverl\u00e4ssiger gemacht.<\/p>\n\n\n\n<p>Trotzdem ist es f\u00fcr Ihre Sicherheit unerl\u00e4sslich, die <a href=\"https:\/\/z57nbebsowx.preview.infomaniak.website\/de\/sistema-di-sicurezza\/norme-fondamentali-di-circolazione\/\">Grundverkehrsregeln <\/a>im Tunnel zu beachten.<\/p>\n","protected":false},"excerpt":{"rendered":"<p>DAS SICHERHEITSNIVEAU WIRD IMMER H\u00d6HER Die zwei Vertragsgesellschaften, Sitrasb und Tunnel, haben immer sehr viel Wert auf die Wartung und technologische Verbesserung des Tunnels gelegt, um so ein immer h\u00f6heres Sicherheitsniveau zu erreichen. Die Betriebsleitung und Verkehrs\u00fcberwachung des Grossen St. Bernhard-Tunnels wird von den modernen Kontrollr\u00e4umen aus durchgef\u00fchrt, die an den jeweiligen Einfahrten liegen. In [&hellip;]<\/p>\n","protected":false},"author":1,"featured_media":1318,"parent":0,"menu_order":0,"comment_status":"closed","ping_status":"closed","template":"","meta":{"_acf_changed":false,"advgb_blocks_editor_width":"","advgb_blocks_columns_visual_guide":"","footnotes":""},"class_list":["post-2105","page","type-page","status-publish","has-post-thumbnail","hentry"],"acf":[],"yoast_head":"<!-- This site is optimized with the Yoast SEO plugin v25.3.1 - https:\/\/yoast.com\/wordpress\/plugins\/seo\/ -->\n<title>Das sicherheitssystem - Le Tunnel du Grand-Saint-Bernard<\/title>\n<meta name=\"robots\" content=\"index, follow, max-snippet:-1, max-image-preview:large, max-video-preview:-1\" \/>\n<link rel=\"canonical\" href=\"https:\/\/letunnel.com\/sistema-di-sicurezza\/\" \/>\n<meta property=\"og:locale\" content=\"de_DE\" \/>\n<meta property=\"og:type\" content=\"article\" \/>\n<meta property=\"og:title\" content=\"Das sicherheitssystem - Le Tunnel du Grand-Saint-Bernard\" \/>\n<meta property=\"og:description\" content=\"DAS SICHERHEITSNIVEAU WIRD IMMER H\u00d6HER Die zwei Vertragsgesellschaften, Sitrasb und Tunnel, haben immer sehr viel Wert auf die Wartung und technologische Verbesserung des Tunnels gelegt, um so ein immer h\u00f6heres Sicherheitsniveau zu erreichen. Die Betriebsleitung und Verkehrs\u00fcberwachung des Grossen St. Bernhard-Tunnels wird von den modernen Kontrollr\u00e4umen aus durchgef\u00fchrt, die an den jeweiligen Einfahrten liegen. In [&hellip;]\" \/>\n<meta property=\"og:url\" content=\"https:\/\/letunnel.com\/sistema-di-sicurezza\/\" \/>\n<meta property=\"og:site_name\" content=\"Le Tunnel du Grand-Saint-Bernard\" \/>\n<meta property=\"article:modified_time\" content=\"2023-11-16T14:49:38+00:00\" \/>\n<meta property=\"og:image\" content=\"https:\/\/letunnel.com\/wp-content\/uploads\/2022\/03\/tunnel_gran_san_bernardo_interno_galleria.jpeg\" \/>\n\t<meta property=\"og:image:width\" content=\"980\" \/>\n\t<meta property=\"og:image:height\" content=\"711\" \/>\n\t<meta property=\"og:image:type\" content=\"image\/jpeg\" \/>\n<meta name=\"twitter:card\" content=\"summary_large_image\" \/>\n<meta name=\"twitter:label1\" content=\"Gesch\u00e4tzte Lesezeit\" \/>\n\t<meta name=\"twitter:data1\" content=\"1\u00a0Minute\" \/>\n<script type=\"application\/ld+json\" class=\"yoast-schema-graph\">{\"@context\":\"https:\/\/schema.org\",\"@graph\":[{\"@type\":\"WebPage\",\"@id\":\"https:\/\/letunnel.com\/sistema-di-sicurezza\/\",\"url\":\"https:\/\/letunnel.com\/sistema-di-sicurezza\/\",\"name\":\"Das sicherheitssystem - Le Tunnel du Grand-Saint-Bernard\",\"isPartOf\":{\"@id\":\"https:\/\/letunnel.com\/#website\"},\"primaryImageOfPage\":{\"@id\":\"https:\/\/letunnel.com\/sistema-di-sicurezza\/#primaryimage\"},\"image\":{\"@id\":\"https:\/\/letunnel.com\/sistema-di-sicurezza\/#primaryimage\"},\"thumbnailUrl\":\"https:\/\/letunnel.com\/wp-content\/uploads\/2022\/03\/tunnel_gran_san_bernardo_interno_galleria.jpeg\",\"datePublished\":\"2022-03-23T10:53:51+00:00\",\"dateModified\":\"2023-11-16T14:49:38+00:00\",\"breadcrumb\":{\"@id\":\"https:\/\/letunnel.com\/sistema-di-sicurezza\/#breadcrumb\"},\"inLanguage\":\"de\",\"potentialAction\":[{\"@type\":\"ReadAction\",\"target\":[\"https:\/\/letunnel.com\/sistema-di-sicurezza\/\"]}]},{\"@type\":\"ImageObject\",\"inLanguage\":\"de\",\"@id\":\"https:\/\/letunnel.com\/sistema-di-sicurezza\/#primaryimage\",\"url\":\"https:\/\/letunnel.com\/wp-content\/uploads\/2022\/03\/tunnel_gran_san_bernardo_interno_galleria.jpeg\",\"contentUrl\":\"https:\/\/letunnel.com\/wp-content\/uploads\/2022\/03\/tunnel_gran_san_bernardo_interno_galleria.jpeg\",\"width\":980,\"height\":711},{\"@type\":\"BreadcrumbList\",\"@id\":\"https:\/\/letunnel.com\/sistema-di-sicurezza\/#breadcrumb\",\"itemListElement\":[{\"@type\":\"ListItem\",\"position\":1,\"name\":\"Home\",\"item\":\"https:\/\/letunnel.com\/\"},{\"@type\":\"ListItem\",\"position\":2,\"name\":\"Das sicherheitssystem\"}]},{\"@type\":\"WebSite\",\"@id\":\"https:\/\/letunnel.com\/#website\",\"url\":\"https:\/\/letunnel.com\/\",\"name\":\"Le Tunnel du Grand-Saint-Bernard\",\"description\":\"Le Tunnel du Grand-Saint-Bernard\",\"publisher\":{\"@id\":\"https:\/\/letunnel.com\/#organization\"},\"potentialAction\":[{\"@type\":\"SearchAction\",\"target\":{\"@type\":\"EntryPoint\",\"urlTemplate\":\"https:\/\/letunnel.com\/?s={search_term_string}\"},\"query-input\":{\"@type\":\"PropertyValueSpecification\",\"valueRequired\":true,\"valueName\":\"search_term_string\"}}],\"inLanguage\":\"de\"},{\"@type\":\"Organization\",\"@id\":\"https:\/\/letunnel.com\/#organization\",\"name\":\"Le Tunnel du Grand-Saint-Bernard\",\"url\":\"https:\/\/letunnel.com\/\",\"logo\":{\"@type\":\"ImageObject\",\"inLanguage\":\"de\",\"@id\":\"https:\/\/letunnel.com\/#\/schema\/logo\/image\/\",\"url\":\"https:\/\/letunnel.com\/wp-content\/uploads\/2023\/10\/LOGO-2023-Tunnel-GS-Bernard-Bianco.png\",\"contentUrl\":\"https:\/\/letunnel.com\/wp-content\/uploads\/2023\/10\/LOGO-2023-Tunnel-GS-Bernard-Bianco.png\",\"width\":540,\"height\":480,\"caption\":\"Le Tunnel du Grand-Saint-Bernard\"},\"image\":{\"@id\":\"https:\/\/letunnel.com\/#\/schema\/logo\/image\/\"}}]}<\/script>\n<!-- \/ Yoast SEO plugin. -->","yoast_head_json":{"title":"Das sicherheitssystem - Le Tunnel du Grand-Saint-Bernard","robots":{"index":"index","follow":"follow","max-snippet":"max-snippet:-1","max-image-preview":"max-image-preview:large","max-video-preview":"max-video-preview:-1"},"canonical":"https:\/\/letunnel.com\/sistema-di-sicurezza\/","og_locale":"de_DE","og_type":"article","og_title":"Das sicherheitssystem - Le Tunnel du Grand-Saint-Bernard","og_description":"DAS SICHERHEITSNIVEAU WIRD IMMER H\u00d6HER Die zwei Vertragsgesellschaften, Sitrasb und Tunnel, haben immer sehr viel Wert auf die Wartung und technologische Verbesserung des Tunnels gelegt, um so ein immer h\u00f6heres Sicherheitsniveau zu erreichen. Die Betriebsleitung und Verkehrs\u00fcberwachung des Grossen St. Bernhard-Tunnels wird von den modernen Kontrollr\u00e4umen aus durchgef\u00fchrt, die an den jeweiligen Einfahrten liegen. In [&hellip;]","og_url":"https:\/\/letunnel.com\/sistema-di-sicurezza\/","og_site_name":"Le Tunnel du Grand-Saint-Bernard","article_modified_time":"2023-11-16T14:49:38+00:00","og_image":[{"width":980,"height":711,"url":"https:\/\/letunnel.com\/wp-content\/uploads\/2022\/03\/tunnel_gran_san_bernardo_interno_galleria.jpeg","type":"image\/jpeg"}],"twitter_card":"summary_large_image","twitter_misc":{"Gesch\u00e4tzte Lesezeit":"1\u00a0Minute"},"schema":{"@context":"https:\/\/schema.org","@graph":[{"@type":"WebPage","@id":"https:\/\/letunnel.com\/sistema-di-sicurezza\/","url":"https:\/\/letunnel.com\/sistema-di-sicurezza\/","name":"Das sicherheitssystem - Le Tunnel du Grand-Saint-Bernard","isPartOf":{"@id":"https:\/\/letunnel.com\/#website"},"primaryImageOfPage":{"@id":"https:\/\/letunnel.com\/sistema-di-sicurezza\/#primaryimage"},"image":{"@id":"https:\/\/letunnel.com\/sistema-di-sicurezza\/#primaryimage"},"thumbnailUrl":"https:\/\/letunnel.com\/wp-content\/uploads\/2022\/03\/tunnel_gran_san_bernardo_interno_galleria.jpeg","datePublished":"2022-03-23T10:53:51+00:00","dateModified":"2023-11-16T14:49:38+00:00","breadcrumb":{"@id":"https:\/\/letunnel.com\/sistema-di-sicurezza\/#breadcrumb"},"inLanguage":"de","potentialAction":[{"@type":"ReadAction","target":["https:\/\/letunnel.com\/sistema-di-sicurezza\/"]}]},{"@type":"ImageObject","inLanguage":"de","@id":"https:\/\/letunnel.com\/sistema-di-sicurezza\/#primaryimage","url":"https:\/\/letunnel.com\/wp-content\/uploads\/2022\/03\/tunnel_gran_san_bernardo_interno_galleria.jpeg","contentUrl":"https:\/\/letunnel.com\/wp-content\/uploads\/2022\/03\/tunnel_gran_san_bernardo_interno_galleria.jpeg","width":980,"height":711},{"@type":"BreadcrumbList","@id":"https:\/\/letunnel.com\/sistema-di-sicurezza\/#breadcrumb","itemListElement":[{"@type":"ListItem","position":1,"name":"Home","item":"https:\/\/letunnel.com\/"},{"@type":"ListItem","position":2,"name":"Das sicherheitssystem"}]},{"@type":"WebSite","@id":"https:\/\/letunnel.com\/#website","url":"https:\/\/letunnel.com\/","name":"Le Tunnel du Grand-Saint-Bernard","description":"Le Tunnel du Grand-Saint-Bernard","publisher":{"@id":"https:\/\/letunnel.com\/#organization"},"potentialAction":[{"@type":"SearchAction","target":{"@type":"EntryPoint","urlTemplate":"https:\/\/letunnel.com\/?s={search_term_string}"},"query-input":{"@type":"PropertyValueSpecification","valueRequired":true,"valueName":"search_term_string"}}],"inLanguage":"de"},{"@type":"Organization","@id":"https:\/\/letunnel.com\/#organization","name":"Le Tunnel du Grand-Saint-Bernard","url":"https:\/\/letunnel.com\/","logo":{"@type":"ImageObject","inLanguage":"de","@id":"https:\/\/letunnel.com\/#\/schema\/logo\/image\/","url":"https:\/\/letunnel.com\/wp-content\/uploads\/2023\/10\/LOGO-2023-Tunnel-GS-Bernard-Bianco.png","contentUrl":"https:\/\/letunnel.com\/wp-content\/uploads\/2023\/10\/LOGO-2023-Tunnel-GS-Bernard-Bianco.png","width":540,"height":480,"caption":"Le Tunnel du Grand-Saint-Bernard"},"image":{"@id":"https:\/\/letunnel.com\/#\/schema\/logo\/image\/"}}]}},"coauthors":[],"author_meta":{"author_link":"https:\/\/letunnel.com\/de\/author\/stefano\/","display_name":"Stefano"},"relative_dates":{"created":"Posted 4\u00a0Jahren ago","modified":"Updated 2\u00a0Jahren ago"},"absolute_dates":{"created":"Posted on 23 M\u00e4rz 2022","modified":"Updated on 16 November 2023"},"absolute_dates_time":{"created":"Posted on 23 M\u00e4rz 2022 10:53 a.m.","modified":"Updated on 16 November 2023 2:49 p.m."},"featured_img_caption":"","featured_img":"https:\/\/letunnel.com\/wp-content\/uploads\/2022\/03\/tunnel_gran_san_bernardo_interno_galleria.jpeg","series_order":"","_links":{"self":[{"href":"https:\/\/letunnel.com\/de\/wp-json\/wp\/v2\/pages\/2105","targetHints":{"allow":["GET"]}}],"collection":[{"href":"https:\/\/letunnel.com\/de\/wp-json\/wp\/v2\/pages"}],"about":[{"href":"https:\/\/letunnel.com\/de\/wp-json\/wp\/v2\/types\/page"}],"author":[{"embeddable":true,"href":"https:\/\/letunnel.com\/de\/wp-json\/wp\/v2\/users\/1"}],"replies":[{"embeddable":true,"href":"https:\/\/letunnel.com\/de\/wp-json\/wp\/v2\/comments?post=2105"}],"version-history":[{"count":3,"href":"https:\/\/letunnel.com\/de\/wp-json\/wp\/v2\/pages\/2105\/revisions"}],"predecessor-version":[{"id":6668,"href":"https:\/\/letunnel.com\/de\/wp-json\/wp\/v2\/pages\/2105\/revisions\/6668"}],"wp:featuredmedia":[{"embeddable":true,"href":"https:\/\/letunnel.com\/de\/wp-json\/wp\/v2\/media\/1318"}],"wp:attachment":[{"href":"https:\/\/letunnel.com\/de\/wp-json\/wp\/v2\/media?parent=2105"}],"curies":[{"name":"wp","href":"https:\/\/api.w.org\/{rel}","templated":true}]}}