{"id":2118,"date":"2022-03-23T10:05:10","date_gmt":"2022-03-23T10:05:10","guid":{"rendered":"https:\/\/z57nbebsowx.preview.infomaniak.website\/sistema-di-sicurezza\/squadra-di-pronto-intervento\/"},"modified":"2024-04-04T14:11:01","modified_gmt":"2024-04-04T14:11:01","slug":"squadra-di-pronto-intervento","status":"publish","type":"page","link":"https:\/\/letunnel.com\/de\/sistema-di-sicurezza\/squadra-di-pronto-intervento\/","title":{"rendered":"Bereitschaftsdienst"},"content":{"rendered":"\n<h2 class=\"wp-block-heading\">DIE M\u00c4NNER &#8211; DIE FAHRZEUGE<\/h2>\n\n\n\n<div class=\"wp-block-columns is-layout-flex wp-container-core-columns-is-layout-28f84493 wp-block-columns-is-layout-flex\">\n<div class=\"wp-block-column is-layout-flow wp-block-column-is-layout-flow\">\n<figure class=\"wp-block-image size-full\"><img fetchpriority=\"high\" decoding=\"async\" width=\"966\" height=\"644\" src=\"https:\/\/z57nbebsowx.preview.infomaniak.website\/wp-content\/uploads\/2023\/10\/H2B4421-Migliorato-NR.png\" alt=\"\" class=\"wp-image-6392\" srcset=\"https:\/\/letunnel.com\/wp-content\/uploads\/2023\/10\/H2B4421-Migliorato-NR.png 966w, https:\/\/letunnel.com\/wp-content\/uploads\/2023\/10\/H2B4421-Migliorato-NR-300x200.png 300w, https:\/\/letunnel.com\/wp-content\/uploads\/2023\/10\/H2B4421-Migliorato-NR-768x512.png 768w\" sizes=\"(max-width: 966px) 100vw, 966px\" \/><\/figure>\n<\/div>\n\n\n\n<div class=\"wp-block-column is-layout-flow wp-block-column-is-layout-flow\">\n<p>Bei Alarm aus den Kontrollr\u00e4umen kommt der Bereitschaftsdienst sofort zum Einsatz. Dieses Notfallteam besteht aus M\u00e4nnern, die f\u00fcr \u00e4u\u00dferste Brandgefahrsituationen ausgebildet sind. Der Bereitschaftsdienst ist rund um die Uhr einsatzbereit und verf\u00fcgt \u00fcber Sonderfahrzeuge mit Ausr\u00fcstungen f\u00fcr L\u00f6scheins\u00e4tze und erste Hilfe.<\/p>\n<\/div>\n<\/div>\n\n\n\n<div class=\"wp-block-columns is-layout-flex wp-container-core-columns-is-layout-28f84493 wp-block-columns-is-layout-flex\">\n<div class=\"wp-block-column is-layout-flow wp-block-column-is-layout-flow\">\n<figure class=\"wp-block-image size-full\"><img decoding=\"async\" width=\"1200\" height=\"800\" src=\"https:\/\/z57nbebsowx.preview.infomaniak.website\/wp-content\/uploads\/2024\/04\/DSC_8008_MT.jpg\" alt=\"\" class=\"wp-image-8317\" srcset=\"https:\/\/letunnel.com\/wp-content\/uploads\/2024\/04\/DSC_8008_MT.jpg 1200w, https:\/\/letunnel.com\/wp-content\/uploads\/2024\/04\/DSC_8008_MT-300x200.jpg 300w, https:\/\/letunnel.com\/wp-content\/uploads\/2024\/04\/DSC_8008_MT-1024x683.jpg 1024w, https:\/\/letunnel.com\/wp-content\/uploads\/2024\/04\/DSC_8008_MT-768x512.jpg 768w\" sizes=\"(max-width: 1200px) 100vw, 1200px\" \/><\/figure>\n<\/div>\n\n\n\n<div class=\"wp-block-column is-layout-flow wp-block-column-is-layout-flow\">\n<p>An den jeweiligen Tunneleinfahrten stehen rund um die Uhr ein Tankwagen und ein Leichtfahrzeug bereit, die speziell f\u00fcr die Eins\u00e4tze im Inneren des Tunnels gebaut wurden.<\/p>\n<\/div>\n<\/div>\n\n\n\n<p><\/p>\n\n\n\n<p><\/p>\n\n\n\n<p><a href=\"https:\/\/z57nbebsowx.preview.infomaniak.website\/elementi\/www\/img_generiche\/it_soccorso_03.jpg\"><\/a><\/p>\n","protected":false},"excerpt":{"rendered":"<p>DIE M\u00c4NNER &#8211; DIE FAHRZEUGE Bei Alarm aus den Kontrollr\u00e4umen kommt der Bereitschaftsdienst sofort zum Einsatz. Dieses Notfallteam besteht aus M\u00e4nnern, die f\u00fcr \u00e4u\u00dferste Brandgefahrsituationen ausgebildet sind. Der Bereitschaftsdienst ist rund um die Uhr einsatzbereit und verf\u00fcgt \u00fcber Sonderfahrzeuge mit Ausr\u00fcstungen f\u00fcr L\u00f6scheins\u00e4tze und erste Hilfe. An den jeweiligen Tunneleinfahrten stehen rund um die Uhr [&hellip;]<\/p>\n","protected":false},"author":1,"featured_media":0,"parent":2105,"menu_order":0,"comment_status":"closed","ping_status":"closed","template":"","meta":{"_acf_changed":false,"advgb_blocks_editor_width":"","advgb_blocks_columns_visual_guide":"","footnotes":""},"class_list":["post-2118","page","type-page","status-publish","hentry"],"acf":[],"yoast_head":"<!-- This site is optimized with the Yoast SEO plugin v25.3.1 - https:\/\/yoast.com\/wordpress\/plugins\/seo\/ -->\n<title>Bereitschaftsdienst - Le Tunnel du Grand-Saint-Bernard<\/title>\n<meta name=\"robots\" content=\"index, follow, max-snippet:-1, max-image-preview:large, max-video-preview:-1\" \/>\n<link rel=\"canonical\" href=\"https:\/\/letunnel.com\/sistema-di-sicurezza\/squadra-di-pronto-intervento\/\" \/>\n<meta property=\"og:locale\" content=\"de_DE\" \/>\n<meta property=\"og:type\" content=\"article\" \/>\n<meta property=\"og:title\" content=\"Bereitschaftsdienst - Le Tunnel du Grand-Saint-Bernard\" \/>\n<meta property=\"og:description\" content=\"DIE M\u00c4NNER &#8211; DIE FAHRZEUGE Bei Alarm aus den Kontrollr\u00e4umen kommt der Bereitschaftsdienst sofort zum Einsatz. Dieses Notfallteam besteht aus M\u00e4nnern, die f\u00fcr \u00e4u\u00dferste Brandgefahrsituationen ausgebildet sind. Der Bereitschaftsdienst ist rund um die Uhr einsatzbereit und verf\u00fcgt \u00fcber Sonderfahrzeuge mit Ausr\u00fcstungen f\u00fcr L\u00f6scheins\u00e4tze und erste Hilfe. An den jeweiligen Tunneleinfahrten stehen rund um die Uhr [&hellip;]\" \/>\n<meta property=\"og:url\" content=\"https:\/\/letunnel.com\/sistema-di-sicurezza\/squadra-di-pronto-intervento\/\" \/>\n<meta property=\"og:site_name\" content=\"Le Tunnel du Grand-Saint-Bernard\" \/>\n<meta property=\"article:modified_time\" content=\"2024-04-04T14:11:01+00:00\" \/>\n<meta property=\"og:image\" content=\"https:\/\/z57nbebsowx.preview.infomaniak.website\/wp-content\/uploads\/2023\/10\/H2B4421-Migliorato-NR.png\" \/>\n<meta name=\"twitter:card\" content=\"summary_large_image\" \/>\n<meta name=\"twitter:label1\" content=\"Gesch\u00e4tzte Lesezeit\" \/>\n\t<meta name=\"twitter:data1\" content=\"1\u00a0Minute\" \/>\n<script type=\"application\/ld+json\" class=\"yoast-schema-graph\">{\"@context\":\"https:\/\/schema.org\",\"@graph\":[{\"@type\":\"WebPage\",\"@id\":\"https:\/\/letunnel.com\/sistema-di-sicurezza\/squadra-di-pronto-intervento\/\",\"url\":\"https:\/\/letunnel.com\/sistema-di-sicurezza\/squadra-di-pronto-intervento\/\",\"name\":\"Bereitschaftsdienst - Le Tunnel du Grand-Saint-Bernard\",\"isPartOf\":{\"@id\":\"https:\/\/letunnel.com\/#website\"},\"primaryImageOfPage\":{\"@id\":\"https:\/\/letunnel.com\/sistema-di-sicurezza\/squadra-di-pronto-intervento\/#primaryimage\"},\"image\":{\"@id\":\"https:\/\/letunnel.com\/sistema-di-sicurezza\/squadra-di-pronto-intervento\/#primaryimage\"},\"thumbnailUrl\":\"https:\/\/z57nbebsowx.preview.infomaniak.website\/wp-content\/uploads\/2023\/10\/H2B4421-Migliorato-NR.png\",\"datePublished\":\"2022-03-23T10:05:10+00:00\",\"dateModified\":\"2024-04-04T14:11:01+00:00\",\"breadcrumb\":{\"@id\":\"https:\/\/letunnel.com\/sistema-di-sicurezza\/squadra-di-pronto-intervento\/#breadcrumb\"},\"inLanguage\":\"de\",\"potentialAction\":[{\"@type\":\"ReadAction\",\"target\":[\"https:\/\/letunnel.com\/sistema-di-sicurezza\/squadra-di-pronto-intervento\/\"]}]},{\"@type\":\"ImageObject\",\"inLanguage\":\"de\",\"@id\":\"https:\/\/letunnel.com\/sistema-di-sicurezza\/squadra-di-pronto-intervento\/#primaryimage\",\"url\":\"https:\/\/z57nbebsowx.preview.infomaniak.website\/wp-content\/uploads\/2023\/10\/H2B4421-Migliorato-NR.png\",\"contentUrl\":\"https:\/\/z57nbebsowx.preview.infomaniak.website\/wp-content\/uploads\/2023\/10\/H2B4421-Migliorato-NR.png\"},{\"@type\":\"BreadcrumbList\",\"@id\":\"https:\/\/letunnel.com\/sistema-di-sicurezza\/squadra-di-pronto-intervento\/#breadcrumb\",\"itemListElement\":[{\"@type\":\"ListItem\",\"position\":1,\"name\":\"Home\",\"item\":\"https:\/\/letunnel.com\/\"},{\"@type\":\"ListItem\",\"position\":2,\"name\":\"Das sicherheitssystem\",\"item\":\"https:\/\/letunnel.com\/sistema-di-sicurezza\/\"},{\"@type\":\"ListItem\",\"position\":3,\"name\":\"Bereitschaftsdienst\"}]},{\"@type\":\"WebSite\",\"@id\":\"https:\/\/letunnel.com\/#website\",\"url\":\"https:\/\/letunnel.com\/\",\"name\":\"Le Tunnel du Grand-Saint-Bernard\",\"description\":\"Le Tunnel du Grand-Saint-Bernard\",\"publisher\":{\"@id\":\"https:\/\/letunnel.com\/#organization\"},\"potentialAction\":[{\"@type\":\"SearchAction\",\"target\":{\"@type\":\"EntryPoint\",\"urlTemplate\":\"https:\/\/letunnel.com\/?s={search_term_string}\"},\"query-input\":{\"@type\":\"PropertyValueSpecification\",\"valueRequired\":true,\"valueName\":\"search_term_string\"}}],\"inLanguage\":\"de\"},{\"@type\":\"Organization\",\"@id\":\"https:\/\/letunnel.com\/#organization\",\"name\":\"Le Tunnel du Grand-Saint-Bernard\",\"url\":\"https:\/\/letunnel.com\/\",\"logo\":{\"@type\":\"ImageObject\",\"inLanguage\":\"de\",\"@id\":\"https:\/\/letunnel.com\/#\/schema\/logo\/image\/\",\"url\":\"https:\/\/letunnel.com\/wp-content\/uploads\/2023\/10\/LOGO-2023-Tunnel-GS-Bernard-Bianco.png\",\"contentUrl\":\"https:\/\/letunnel.com\/wp-content\/uploads\/2023\/10\/LOGO-2023-Tunnel-GS-Bernard-Bianco.png\",\"width\":540,\"height\":480,\"caption\":\"Le Tunnel du Grand-Saint-Bernard\"},\"image\":{\"@id\":\"https:\/\/letunnel.com\/#\/schema\/logo\/image\/\"}}]}<\/script>\n<!-- \/ Yoast SEO plugin. -->","yoast_head_json":{"title":"Bereitschaftsdienst - Le Tunnel du Grand-Saint-Bernard","robots":{"index":"index","follow":"follow","max-snippet":"max-snippet:-1","max-image-preview":"max-image-preview:large","max-video-preview":"max-video-preview:-1"},"canonical":"https:\/\/letunnel.com\/sistema-di-sicurezza\/squadra-di-pronto-intervento\/","og_locale":"de_DE","og_type":"article","og_title":"Bereitschaftsdienst - Le Tunnel du Grand-Saint-Bernard","og_description":"DIE M\u00c4NNER &#8211; DIE FAHRZEUGE Bei Alarm aus den Kontrollr\u00e4umen kommt der Bereitschaftsdienst sofort zum Einsatz. Dieses Notfallteam besteht aus M\u00e4nnern, die f\u00fcr \u00e4u\u00dferste Brandgefahrsituationen ausgebildet sind. Der Bereitschaftsdienst ist rund um die Uhr einsatzbereit und verf\u00fcgt \u00fcber Sonderfahrzeuge mit Ausr\u00fcstungen f\u00fcr L\u00f6scheins\u00e4tze und erste Hilfe. An den jeweiligen Tunneleinfahrten stehen rund um die Uhr [&hellip;]","og_url":"https:\/\/letunnel.com\/sistema-di-sicurezza\/squadra-di-pronto-intervento\/","og_site_name":"Le Tunnel du Grand-Saint-Bernard","article_modified_time":"2024-04-04T14:11:01+00:00","og_image":[{"url":"https:\/\/z57nbebsowx.preview.infomaniak.website\/wp-content\/uploads\/2023\/10\/H2B4421-Migliorato-NR.png","type":"","width":"","height":""}],"twitter_card":"summary_large_image","twitter_misc":{"Gesch\u00e4tzte Lesezeit":"1\u00a0Minute"},"schema":{"@context":"https:\/\/schema.org","@graph":[{"@type":"WebPage","@id":"https:\/\/letunnel.com\/sistema-di-sicurezza\/squadra-di-pronto-intervento\/","url":"https:\/\/letunnel.com\/sistema-di-sicurezza\/squadra-di-pronto-intervento\/","name":"Bereitschaftsdienst - Le Tunnel du Grand-Saint-Bernard","isPartOf":{"@id":"https:\/\/letunnel.com\/#website"},"primaryImageOfPage":{"@id":"https:\/\/letunnel.com\/sistema-di-sicurezza\/squadra-di-pronto-intervento\/#primaryimage"},"image":{"@id":"https:\/\/letunnel.com\/sistema-di-sicurezza\/squadra-di-pronto-intervento\/#primaryimage"},"thumbnailUrl":"https:\/\/z57nbebsowx.preview.infomaniak.website\/wp-content\/uploads\/2023\/10\/H2B4421-Migliorato-NR.png","datePublished":"2022-03-23T10:05:10+00:00","dateModified":"2024-04-04T14:11:01+00:00","breadcrumb":{"@id":"https:\/\/letunnel.com\/sistema-di-sicurezza\/squadra-di-pronto-intervento\/#breadcrumb"},"inLanguage":"de","potentialAction":[{"@type":"ReadAction","target":["https:\/\/letunnel.com\/sistema-di-sicurezza\/squadra-di-pronto-intervento\/"]}]},{"@type":"ImageObject","inLanguage":"de","@id":"https:\/\/letunnel.com\/sistema-di-sicurezza\/squadra-di-pronto-intervento\/#primaryimage","url":"https:\/\/z57nbebsowx.preview.infomaniak.website\/wp-content\/uploads\/2023\/10\/H2B4421-Migliorato-NR.png","contentUrl":"https:\/\/z57nbebsowx.preview.infomaniak.website\/wp-content\/uploads\/2023\/10\/H2B4421-Migliorato-NR.png"},{"@type":"BreadcrumbList","@id":"https:\/\/letunnel.com\/sistema-di-sicurezza\/squadra-di-pronto-intervento\/#breadcrumb","itemListElement":[{"@type":"ListItem","position":1,"name":"Home","item":"https:\/\/letunnel.com\/"},{"@type":"ListItem","position":2,"name":"Das sicherheitssystem","item":"https:\/\/letunnel.com\/sistema-di-sicurezza\/"},{"@type":"ListItem","position":3,"name":"Bereitschaftsdienst"}]},{"@type":"WebSite","@id":"https:\/\/letunnel.com\/#website","url":"https:\/\/letunnel.com\/","name":"Le Tunnel du Grand-Saint-Bernard","description":"Le Tunnel du Grand-Saint-Bernard","publisher":{"@id":"https:\/\/letunnel.com\/#organization"},"potentialAction":[{"@type":"SearchAction","target":{"@type":"EntryPoint","urlTemplate":"https:\/\/letunnel.com\/?s={search_term_string}"},"query-input":{"@type":"PropertyValueSpecification","valueRequired":true,"valueName":"search_term_string"}}],"inLanguage":"de"},{"@type":"Organization","@id":"https:\/\/letunnel.com\/#organization","name":"Le Tunnel du Grand-Saint-Bernard","url":"https:\/\/letunnel.com\/","logo":{"@type":"ImageObject","inLanguage":"de","@id":"https:\/\/letunnel.com\/#\/schema\/logo\/image\/","url":"https:\/\/letunnel.com\/wp-content\/uploads\/2023\/10\/LOGO-2023-Tunnel-GS-Bernard-Bianco.png","contentUrl":"https:\/\/letunnel.com\/wp-content\/uploads\/2023\/10\/LOGO-2023-Tunnel-GS-Bernard-Bianco.png","width":540,"height":480,"caption":"Le Tunnel du Grand-Saint-Bernard"},"image":{"@id":"https:\/\/letunnel.com\/#\/schema\/logo\/image\/"}}]}},"coauthors":[],"author_meta":{"author_link":"https:\/\/letunnel.com\/de\/author\/stefano\/","display_name":"Stefano"},"relative_dates":{"created":"Posted 4\u00a0Jahren ago","modified":"Updated 2\u00a0Jahren ago"},"absolute_dates":{"created":"Posted on 23 M\u00e4rz 2022","modified":"Updated on 4 April 2024"},"absolute_dates_time":{"created":"Posted on 23 M\u00e4rz 2022 10:05 a.m.","modified":"Updated on 4 April 2024 2:11 p.m."},"featured_img_caption":"","featured_img":false,"series_order":"","_links":{"self":[{"href":"https:\/\/letunnel.com\/de\/wp-json\/wp\/v2\/pages\/2118","targetHints":{"allow":["GET"]}}],"collection":[{"href":"https:\/\/letunnel.com\/de\/wp-json\/wp\/v2\/pages"}],"about":[{"href":"https:\/\/letunnel.com\/de\/wp-json\/wp\/v2\/types\/page"}],"author":[{"embeddable":true,"href":"https:\/\/letunnel.com\/de\/wp-json\/wp\/v2\/users\/1"}],"replies":[{"embeddable":true,"href":"https:\/\/letunnel.com\/de\/wp-json\/wp\/v2\/comments?post=2118"}],"version-history":[{"count":2,"href":"https:\/\/letunnel.com\/de\/wp-json\/wp\/v2\/pages\/2118\/revisions"}],"predecessor-version":[{"id":8320,"href":"https:\/\/letunnel.com\/de\/wp-json\/wp\/v2\/pages\/2118\/revisions\/8320"}],"up":[{"embeddable":true,"href":"https:\/\/letunnel.com\/de\/wp-json\/wp\/v2\/pages\/2105"}],"wp:attachment":[{"href":"https:\/\/letunnel.com\/de\/wp-json\/wp\/v2\/media?parent=2118"}],"curies":[{"name":"wp","href":"https:\/\/api.w.org\/{rel}","templated":true}]}}