{"id":2138,"date":"2022-03-23T10:03:28","date_gmt":"2022-03-23T10:03:28","guid":{"rendered":"https:\/\/z57nbebsowx.preview.infomaniak.website\/trasporti-eccezionali\/"},"modified":"2024-04-04T10:05:30","modified_gmt":"2024-04-04T10:05:30","slug":"trasporti-eccezionali","status":"publish","type":"page","link":"https:\/\/letunnel.com\/de\/traffico-commerciale\/trasporti-eccezionali\/","title":{"rendered":"Sondertransporte"},"content":{"rendered":"\n<h2 class=\"wp-block-heading\">SONDERTRANSPORTE IM GROSSEN ST.BERNHARD-TUNNEL<\/h2>\n\n\n\n<p>Die Betreibergesellschaften haben die Befugnis die Durchfahrt von Sondertransporten unter R\u00fccksichtnahme der eventuell notwendigen Sicherheitsma\u00dfnahmen zu gestatten, wenn der Fahrer im Besitz einer Sondergenehmigung f\u00fcr das \u00dcberschreiten von Gewicht und Gr\u00f6\u00dfe ist, die von der jeweiligen nationalen Gesetzgebung der zwei Staaten festgesetzt wurde. Unter diesen Umst\u00e4nden k\u00f6nnen die Fahrzeuge, die Gr\u00f6\u00dfe und Gewicht, wie im \u00a7 1 der Verkehrsordnung vorgesehen \u00fcberschreiten durch den Tunnel fahren. Die vorherige Genehmigung ist unter folgender Adresse einzuholen:<\/p>\n\n\n\n<p><strong>T.E.C.S.<br><\/strong>Trasporti Eccezionali Centro Servizi<br>Barriera Autostradale Rondissone<br>Tel.: 011-91415236 &#8211; Fax: 0141-931502<\/p>\n\n\n\n<p>Link: <a href=\"http:\/\/www.teonline.it\" target=\"_blank\" rel=\"noreferrer noopener\">http:\/\/www.teonline.it<\/a><\/p>\n\n\n\n<p>Die Genehmigung gilt f\u00fcr den Tunnel und f\u00fcr die 10 km lange Autobahnverbindung auf italienischer Seite und <strong>muss 15 Tage vor der Durchfahrt beantragt werden.<\/strong><\/p>\n","protected":false},"excerpt":{"rendered":"<p>SONDERTRANSPORTE IM GROSSEN ST.BERNHARD-TUNNEL Die Betreibergesellschaften haben die Befugnis die Durchfahrt von Sondertransporten unter R\u00fccksichtnahme der eventuell notwendigen Sicherheitsma\u00dfnahmen zu gestatten, wenn der Fahrer im Besitz einer Sondergenehmigung f\u00fcr das \u00dcberschreiten von Gewicht und Gr\u00f6\u00dfe ist, die von der jeweiligen nationalen Gesetzgebung der zwei Staaten festgesetzt wurde. Unter diesen Umst\u00e4nden k\u00f6nnen die Fahrzeuge, die Gr\u00f6\u00dfe [&hellip;]<\/p>\n","protected":false},"author":1,"featured_media":0,"parent":6122,"menu_order":0,"comment_status":"closed","ping_status":"closed","template":"","meta":{"_acf_changed":false,"advgb_blocks_editor_width":"","advgb_blocks_columns_visual_guide":"","footnotes":""},"class_list":["post-2138","page","type-page","status-publish","hentry"],"acf":[],"yoast_head":"<!-- This site is optimized with the Yoast SEO plugin v25.3.1 - https:\/\/yoast.com\/wordpress\/plugins\/seo\/ -->\n<title>Sondertransporte - Le Tunnel du Grand-Saint-Bernard<\/title>\n<meta name=\"robots\" content=\"index, follow, max-snippet:-1, max-image-preview:large, max-video-preview:-1\" \/>\n<link rel=\"canonical\" href=\"https:\/\/letunnel.com\/traffico-commerciale\/trasporti-eccezionali\/\" \/>\n<meta property=\"og:locale\" content=\"de_DE\" \/>\n<meta property=\"og:type\" content=\"article\" \/>\n<meta property=\"og:title\" content=\"Sondertransporte - Le Tunnel du Grand-Saint-Bernard\" \/>\n<meta property=\"og:description\" content=\"SONDERTRANSPORTE IM GROSSEN ST.BERNHARD-TUNNEL Die Betreibergesellschaften haben die Befugnis die Durchfahrt von Sondertransporten unter R\u00fccksichtnahme der eventuell notwendigen Sicherheitsma\u00dfnahmen zu gestatten, wenn der Fahrer im Besitz einer Sondergenehmigung f\u00fcr das \u00dcberschreiten von Gewicht und Gr\u00f6\u00dfe ist, die von der jeweiligen nationalen Gesetzgebung der zwei Staaten festgesetzt wurde. Unter diesen Umst\u00e4nden k\u00f6nnen die Fahrzeuge, die Gr\u00f6\u00dfe [&hellip;]\" \/>\n<meta property=\"og:url\" content=\"https:\/\/letunnel.com\/traffico-commerciale\/trasporti-eccezionali\/\" \/>\n<meta property=\"og:site_name\" content=\"Le Tunnel du Grand-Saint-Bernard\" \/>\n<meta property=\"article:modified_time\" content=\"2024-04-04T10:05:30+00:00\" \/>\n<meta name=\"twitter:card\" content=\"summary_large_image\" \/>\n<meta name=\"twitter:label1\" content=\"Gesch\u00e4tzte Lesezeit\" \/>\n\t<meta name=\"twitter:data1\" content=\"1\u00a0Minute\" \/>\n<script type=\"application\/ld+json\" class=\"yoast-schema-graph\">{\"@context\":\"https:\/\/schema.org\",\"@graph\":[{\"@type\":\"WebPage\",\"@id\":\"https:\/\/letunnel.com\/traffico-commerciale\/trasporti-eccezionali\/\",\"url\":\"https:\/\/letunnel.com\/traffico-commerciale\/trasporti-eccezionali\/\",\"name\":\"Sondertransporte - Le Tunnel du Grand-Saint-Bernard\",\"isPartOf\":{\"@id\":\"https:\/\/letunnel.com\/#website\"},\"datePublished\":\"2022-03-23T10:03:28+00:00\",\"dateModified\":\"2024-04-04T10:05:30+00:00\",\"breadcrumb\":{\"@id\":\"https:\/\/letunnel.com\/traffico-commerciale\/trasporti-eccezionali\/#breadcrumb\"},\"inLanguage\":\"de\",\"potentialAction\":[{\"@type\":\"ReadAction\",\"target\":[\"https:\/\/letunnel.com\/traffico-commerciale\/trasporti-eccezionali\/\"]}]},{\"@type\":\"BreadcrumbList\",\"@id\":\"https:\/\/letunnel.com\/traffico-commerciale\/trasporti-eccezionali\/#breadcrumb\",\"itemListElement\":[{\"@type\":\"ListItem\",\"position\":1,\"name\":\"Home\",\"item\":\"https:\/\/letunnel.com\/\"},{\"@type\":\"ListItem\",\"position\":2,\"name\":\"Gewerblicher Verkehr\",\"item\":\"https:\/\/letunnel.com\/de\/traffico-commerciale\/\"},{\"@type\":\"ListItem\",\"position\":3,\"name\":\"Sondertransporte\"}]},{\"@type\":\"WebSite\",\"@id\":\"https:\/\/letunnel.com\/#website\",\"url\":\"https:\/\/letunnel.com\/\",\"name\":\"Le Tunnel du Grand-Saint-Bernard\",\"description\":\"Le Tunnel du Grand-Saint-Bernard\",\"publisher\":{\"@id\":\"https:\/\/letunnel.com\/#organization\"},\"potentialAction\":[{\"@type\":\"SearchAction\",\"target\":{\"@type\":\"EntryPoint\",\"urlTemplate\":\"https:\/\/letunnel.com\/?s={search_term_string}\"},\"query-input\":{\"@type\":\"PropertyValueSpecification\",\"valueRequired\":true,\"valueName\":\"search_term_string\"}}],\"inLanguage\":\"de\"},{\"@type\":\"Organization\",\"@id\":\"https:\/\/letunnel.com\/#organization\",\"name\":\"Le Tunnel du Grand-Saint-Bernard\",\"url\":\"https:\/\/letunnel.com\/\",\"logo\":{\"@type\":\"ImageObject\",\"inLanguage\":\"de\",\"@id\":\"https:\/\/letunnel.com\/#\/schema\/logo\/image\/\",\"url\":\"https:\/\/letunnel.com\/wp-content\/uploads\/2023\/10\/LOGO-2023-Tunnel-GS-Bernard-Bianco.png\",\"contentUrl\":\"https:\/\/letunnel.com\/wp-content\/uploads\/2023\/10\/LOGO-2023-Tunnel-GS-Bernard-Bianco.png\",\"width\":540,\"height\":480,\"caption\":\"Le Tunnel du Grand-Saint-Bernard\"},\"image\":{\"@id\":\"https:\/\/letunnel.com\/#\/schema\/logo\/image\/\"}}]}<\/script>\n<!-- \/ Yoast SEO plugin. -->","yoast_head_json":{"title":"Sondertransporte - Le Tunnel du Grand-Saint-Bernard","robots":{"index":"index","follow":"follow","max-snippet":"max-snippet:-1","max-image-preview":"max-image-preview:large","max-video-preview":"max-video-preview:-1"},"canonical":"https:\/\/letunnel.com\/traffico-commerciale\/trasporti-eccezionali\/","og_locale":"de_DE","og_type":"article","og_title":"Sondertransporte - Le Tunnel du Grand-Saint-Bernard","og_description":"SONDERTRANSPORTE IM GROSSEN ST.BERNHARD-TUNNEL Die Betreibergesellschaften haben die Befugnis die Durchfahrt von Sondertransporten unter R\u00fccksichtnahme der eventuell notwendigen Sicherheitsma\u00dfnahmen zu gestatten, wenn der Fahrer im Besitz einer Sondergenehmigung f\u00fcr das \u00dcberschreiten von Gewicht und Gr\u00f6\u00dfe ist, die von der jeweiligen nationalen Gesetzgebung der zwei Staaten festgesetzt wurde. Unter diesen Umst\u00e4nden k\u00f6nnen die Fahrzeuge, die Gr\u00f6\u00dfe [&hellip;]","og_url":"https:\/\/letunnel.com\/traffico-commerciale\/trasporti-eccezionali\/","og_site_name":"Le Tunnel du Grand-Saint-Bernard","article_modified_time":"2024-04-04T10:05:30+00:00","twitter_card":"summary_large_image","twitter_misc":{"Gesch\u00e4tzte Lesezeit":"1\u00a0Minute"},"schema":{"@context":"https:\/\/schema.org","@graph":[{"@type":"WebPage","@id":"https:\/\/letunnel.com\/traffico-commerciale\/trasporti-eccezionali\/","url":"https:\/\/letunnel.com\/traffico-commerciale\/trasporti-eccezionali\/","name":"Sondertransporte - Le Tunnel du Grand-Saint-Bernard","isPartOf":{"@id":"https:\/\/letunnel.com\/#website"},"datePublished":"2022-03-23T10:03:28+00:00","dateModified":"2024-04-04T10:05:30+00:00","breadcrumb":{"@id":"https:\/\/letunnel.com\/traffico-commerciale\/trasporti-eccezionali\/#breadcrumb"},"inLanguage":"de","potentialAction":[{"@type":"ReadAction","target":["https:\/\/letunnel.com\/traffico-commerciale\/trasporti-eccezionali\/"]}]},{"@type":"BreadcrumbList","@id":"https:\/\/letunnel.com\/traffico-commerciale\/trasporti-eccezionali\/#breadcrumb","itemListElement":[{"@type":"ListItem","position":1,"name":"Home","item":"https:\/\/letunnel.com\/"},{"@type":"ListItem","position":2,"name":"Gewerblicher Verkehr","item":"https:\/\/letunnel.com\/de\/traffico-commerciale\/"},{"@type":"ListItem","position":3,"name":"Sondertransporte"}]},{"@type":"WebSite","@id":"https:\/\/letunnel.com\/#website","url":"https:\/\/letunnel.com\/","name":"Le Tunnel du Grand-Saint-Bernard","description":"Le Tunnel du Grand-Saint-Bernard","publisher":{"@id":"https:\/\/letunnel.com\/#organization"},"potentialAction":[{"@type":"SearchAction","target":{"@type":"EntryPoint","urlTemplate":"https:\/\/letunnel.com\/?s={search_term_string}"},"query-input":{"@type":"PropertyValueSpecification","valueRequired":true,"valueName":"search_term_string"}}],"inLanguage":"de"},{"@type":"Organization","@id":"https:\/\/letunnel.com\/#organization","name":"Le Tunnel du Grand-Saint-Bernard","url":"https:\/\/letunnel.com\/","logo":{"@type":"ImageObject","inLanguage":"de","@id":"https:\/\/letunnel.com\/#\/schema\/logo\/image\/","url":"https:\/\/letunnel.com\/wp-content\/uploads\/2023\/10\/LOGO-2023-Tunnel-GS-Bernard-Bianco.png","contentUrl":"https:\/\/letunnel.com\/wp-content\/uploads\/2023\/10\/LOGO-2023-Tunnel-GS-Bernard-Bianco.png","width":540,"height":480,"caption":"Le Tunnel du Grand-Saint-Bernard"},"image":{"@id":"https:\/\/letunnel.com\/#\/schema\/logo\/image\/"}}]}},"coauthors":[],"author_meta":{"author_link":"https:\/\/letunnel.com\/de\/author\/stefano\/","display_name":"Stefano"},"relative_dates":{"created":"Posted 4\u00a0Jahren ago","modified":"Updated 2\u00a0Jahren ago"},"absolute_dates":{"created":"Posted on 23 M\u00e4rz 2022","modified":"Updated on 4 April 2024"},"absolute_dates_time":{"created":"Posted on 23 M\u00e4rz 2022 10:03 a.m.","modified":"Updated on 4 April 2024 10:05 a.m."},"featured_img_caption":"","featured_img":false,"series_order":"","_links":{"self":[{"href":"https:\/\/letunnel.com\/de\/wp-json\/wp\/v2\/pages\/2138","targetHints":{"allow":["GET"]}}],"collection":[{"href":"https:\/\/letunnel.com\/de\/wp-json\/wp\/v2\/pages"}],"about":[{"href":"https:\/\/letunnel.com\/de\/wp-json\/wp\/v2\/types\/page"}],"author":[{"embeddable":true,"href":"https:\/\/letunnel.com\/de\/wp-json\/wp\/v2\/users\/1"}],"replies":[{"embeddable":true,"href":"https:\/\/letunnel.com\/de\/wp-json\/wp\/v2\/comments?post=2138"}],"version-history":[{"count":4,"href":"https:\/\/letunnel.com\/de\/wp-json\/wp\/v2\/pages\/2138\/revisions"}],"predecessor-version":[{"id":8240,"href":"https:\/\/letunnel.com\/de\/wp-json\/wp\/v2\/pages\/2138\/revisions\/8240"}],"up":[{"embeddable":true,"href":"https:\/\/letunnel.com\/de\/wp-json\/wp\/v2\/pages\/6122"}],"wp:attachment":[{"href":"https:\/\/letunnel.com\/de\/wp-json\/wp\/v2\/media?parent=2138"}],"curies":[{"name":"wp","href":"https:\/\/api.w.org\/{rel}","templated":true}]}}