{"id":2172,"date":"2022-03-23T10:03:08","date_gmt":"2022-03-23T10:03:08","guid":{"rendered":"https:\/\/z57nbebsowx.preview.infomaniak.website\/materie-pericolose\/"},"modified":"2023-09-08T13:31:26","modified_gmt":"2023-09-08T13:31:26","slug":"materie-pericolose","status":"publish","type":"page","link":"https:\/\/letunnel.com\/de\/traffico-commerciale\/materie-pericolose\/","title":{"rendered":"Gef\u00e4hrliche G\u00fcter"},"content":{"rendered":"\n<h2 class=\"wp-block-heading advgb-dyn-ac7f780f\">TRANSPORT GEF\u00c4HRLICHER G\u00dcTER IM GROSSEN ST. BERNHARD-TUNNEL<\/h2>\n\n\n\n<p>Seit dem 1.1.2010 tritt die neue Regelung f\u00fcr den Transport von gef\u00e4hrlichen G\u00fctern durch den Tunnel in Kraft. Der Grosse St. Bernhard-Tunnel wurde als Kategorie E.<\/p>\n\n\n\n<p>Der Transport von gef\u00e4hrlichen G\u00fctern unterliegt den Sondertarifen \u201eWarnung 1&#8243;. F\u00fcr die Bezahlung dieser Durchfahrten werden keine Hin-und R\u00fcckfahrttickets, Abonnements, Tariferm\u00e4\u00dfigungen, oder die Karten DKV, UTA, ROUTEX und MSE akzeptiert.<\/p>\n\n\n\n<div data-wp-interactive=\"core\/file\" class=\"wp-block-file\"><object data-wp-bind--hidden=\"!state.hasPdfPreview\" hidden class=\"wp-block-file__embed\" data=\"https:\/\/z57nbebsowx.preview.infomaniak.website\/wp-content\/uploads\/2023\/09\/tariffe-2023.pdf\" type=\"application\/pdf\" style=\"width:100%;height:600px\" aria-label=\"Einbettung von tariffe-2023.\"><\/object><a id=\"wp-block-file--media-491ff328-1c7e-4bbf-beef-e8db64d1da29\" href=\"https:\/\/z57nbebsowx.preview.infomaniak.website\/wp-content\/uploads\/2023\/09\/tariffe-2023.pdf\">tariffe-2023<\/a><a href=\"https:\/\/z57nbebsowx.preview.infomaniak.website\/wp-content\/uploads\/2023\/09\/tariffe-2023.pdf\" class=\"wp-block-file__button wp-element-button\" download aria-describedby=\"wp-block-file--media-491ff328-1c7e-4bbf-beef-e8db64d1da29\">Download<\/a><\/div>\n","protected":false},"excerpt":{"rendered":"<p>TRANSPORT GEF\u00c4HRLICHER G\u00dcTER IM GROSSEN ST. BERNHARD-TUNNEL Seit dem 1.1.2010 tritt die neue Regelung f\u00fcr den Transport von gef\u00e4hrlichen G\u00fctern durch den Tunnel in Kraft. Der Grosse St. Bernhard-Tunnel wurde als Kategorie E. Der Transport von gef\u00e4hrlichen G\u00fctern unterliegt den Sondertarifen \u201eWarnung 1&#8243;. F\u00fcr die Bezahlung dieser Durchfahrten werden keine Hin-und R\u00fcckfahrttickets, Abonnements, Tariferm\u00e4\u00dfigungen, oder [&hellip;]<\/p>\n","protected":false},"author":1,"featured_media":0,"parent":6122,"menu_order":0,"comment_status":"closed","ping_status":"closed","template":"","meta":{"_acf_changed":false,"advgb_blocks_editor_width":"","advgb_blocks_columns_visual_guide":"","footnotes":""},"class_list":["post-2172","page","type-page","status-publish","hentry"],"acf":[],"yoast_head":"<!-- This site is optimized with the Yoast SEO plugin v25.3.1 - https:\/\/yoast.com\/wordpress\/plugins\/seo\/ -->\n<title>Gef\u00e4hrliche G\u00fcter - Le Tunnel du Grand-Saint-Bernard<\/title>\n<meta name=\"robots\" content=\"index, follow, max-snippet:-1, max-image-preview:large, max-video-preview:-1\" \/>\n<link rel=\"canonical\" href=\"https:\/\/letunnel.com\/traffico-commerciale\/materie-pericolose\/\" \/>\n<meta property=\"og:locale\" content=\"de_DE\" \/>\n<meta property=\"og:type\" content=\"article\" \/>\n<meta property=\"og:title\" content=\"Gef\u00e4hrliche G\u00fcter - Le Tunnel du Grand-Saint-Bernard\" \/>\n<meta property=\"og:description\" content=\"TRANSPORT GEF\u00c4HRLICHER G\u00dcTER IM GROSSEN ST. BERNHARD-TUNNEL Seit dem 1.1.2010 tritt die neue Regelung f\u00fcr den Transport von gef\u00e4hrlichen G\u00fctern durch den Tunnel in Kraft. Der Grosse St. Bernhard-Tunnel wurde als Kategorie E. Der Transport von gef\u00e4hrlichen G\u00fctern unterliegt den Sondertarifen \u201eWarnung 1&#8243;. F\u00fcr die Bezahlung dieser Durchfahrten werden keine Hin-und R\u00fcckfahrttickets, Abonnements, Tariferm\u00e4\u00dfigungen, oder [&hellip;]\" \/>\n<meta property=\"og:url\" content=\"https:\/\/letunnel.com\/traffico-commerciale\/materie-pericolose\/\" \/>\n<meta property=\"og:site_name\" content=\"Le Tunnel du Grand-Saint-Bernard\" \/>\n<meta property=\"article:modified_time\" content=\"2023-09-08T13:31:26+00:00\" \/>\n<meta name=\"twitter:card\" content=\"summary_large_image\" \/>\n<meta name=\"twitter:label1\" content=\"Gesch\u00e4tzte Lesezeit\" \/>\n\t<meta name=\"twitter:data1\" content=\"1\u00a0Minute\" \/>\n<script type=\"application\/ld+json\" class=\"yoast-schema-graph\">{\"@context\":\"https:\/\/schema.org\",\"@graph\":[{\"@type\":\"WebPage\",\"@id\":\"https:\/\/letunnel.com\/traffico-commerciale\/materie-pericolose\/\",\"url\":\"https:\/\/letunnel.com\/traffico-commerciale\/materie-pericolose\/\",\"name\":\"Gef\u00e4hrliche G\u00fcter - Le Tunnel du Grand-Saint-Bernard\",\"isPartOf\":{\"@id\":\"https:\/\/letunnel.com\/#website\"},\"datePublished\":\"2022-03-23T10:03:08+00:00\",\"dateModified\":\"2023-09-08T13:31:26+00:00\",\"breadcrumb\":{\"@id\":\"https:\/\/letunnel.com\/traffico-commerciale\/materie-pericolose\/#breadcrumb\"},\"inLanguage\":\"de\",\"potentialAction\":[{\"@type\":\"ReadAction\",\"target\":[\"https:\/\/letunnel.com\/traffico-commerciale\/materie-pericolose\/\"]}]},{\"@type\":\"BreadcrumbList\",\"@id\":\"https:\/\/letunnel.com\/traffico-commerciale\/materie-pericolose\/#breadcrumb\",\"itemListElement\":[{\"@type\":\"ListItem\",\"position\":1,\"name\":\"Home\",\"item\":\"https:\/\/letunnel.com\/\"},{\"@type\":\"ListItem\",\"position\":2,\"name\":\"Gewerblicher Verkehr\",\"item\":\"https:\/\/letunnel.com\/de\/traffico-commerciale\/\"},{\"@type\":\"ListItem\",\"position\":3,\"name\":\"Gef\u00e4hrliche G\u00fcter\"}]},{\"@type\":\"WebSite\",\"@id\":\"https:\/\/letunnel.com\/#website\",\"url\":\"https:\/\/letunnel.com\/\",\"name\":\"Le Tunnel du Grand-Saint-Bernard\",\"description\":\"Le Tunnel du Grand-Saint-Bernard\",\"publisher\":{\"@id\":\"https:\/\/letunnel.com\/#organization\"},\"potentialAction\":[{\"@type\":\"SearchAction\",\"target\":{\"@type\":\"EntryPoint\",\"urlTemplate\":\"https:\/\/letunnel.com\/?s={search_term_string}\"},\"query-input\":{\"@type\":\"PropertyValueSpecification\",\"valueRequired\":true,\"valueName\":\"search_term_string\"}}],\"inLanguage\":\"de\"},{\"@type\":\"Organization\",\"@id\":\"https:\/\/letunnel.com\/#organization\",\"name\":\"Le Tunnel du Grand-Saint-Bernard\",\"url\":\"https:\/\/letunnel.com\/\",\"logo\":{\"@type\":\"ImageObject\",\"inLanguage\":\"de\",\"@id\":\"https:\/\/letunnel.com\/#\/schema\/logo\/image\/\",\"url\":\"https:\/\/letunnel.com\/wp-content\/uploads\/2023\/10\/LOGO-2023-Tunnel-GS-Bernard-Bianco.png\",\"contentUrl\":\"https:\/\/letunnel.com\/wp-content\/uploads\/2023\/10\/LOGO-2023-Tunnel-GS-Bernard-Bianco.png\",\"width\":540,\"height\":480,\"caption\":\"Le Tunnel du Grand-Saint-Bernard\"},\"image\":{\"@id\":\"https:\/\/letunnel.com\/#\/schema\/logo\/image\/\"}}]}<\/script>\n<!-- \/ Yoast SEO plugin. -->","yoast_head_json":{"title":"Gef\u00e4hrliche G\u00fcter - Le Tunnel du Grand-Saint-Bernard","robots":{"index":"index","follow":"follow","max-snippet":"max-snippet:-1","max-image-preview":"max-image-preview:large","max-video-preview":"max-video-preview:-1"},"canonical":"https:\/\/letunnel.com\/traffico-commerciale\/materie-pericolose\/","og_locale":"de_DE","og_type":"article","og_title":"Gef\u00e4hrliche G\u00fcter - Le Tunnel du Grand-Saint-Bernard","og_description":"TRANSPORT GEF\u00c4HRLICHER G\u00dcTER IM GROSSEN ST. BERNHARD-TUNNEL Seit dem 1.1.2010 tritt die neue Regelung f\u00fcr den Transport von gef\u00e4hrlichen G\u00fctern durch den Tunnel in Kraft. Der Grosse St. Bernhard-Tunnel wurde als Kategorie E. Der Transport von gef\u00e4hrlichen G\u00fctern unterliegt den Sondertarifen \u201eWarnung 1&#8243;. F\u00fcr die Bezahlung dieser Durchfahrten werden keine Hin-und R\u00fcckfahrttickets, Abonnements, Tariferm\u00e4\u00dfigungen, oder [&hellip;]","og_url":"https:\/\/letunnel.com\/traffico-commerciale\/materie-pericolose\/","og_site_name":"Le Tunnel du Grand-Saint-Bernard","article_modified_time":"2023-09-08T13:31:26+00:00","twitter_card":"summary_large_image","twitter_misc":{"Gesch\u00e4tzte Lesezeit":"1\u00a0Minute"},"schema":{"@context":"https:\/\/schema.org","@graph":[{"@type":"WebPage","@id":"https:\/\/letunnel.com\/traffico-commerciale\/materie-pericolose\/","url":"https:\/\/letunnel.com\/traffico-commerciale\/materie-pericolose\/","name":"Gef\u00e4hrliche G\u00fcter - Le Tunnel du Grand-Saint-Bernard","isPartOf":{"@id":"https:\/\/letunnel.com\/#website"},"datePublished":"2022-03-23T10:03:08+00:00","dateModified":"2023-09-08T13:31:26+00:00","breadcrumb":{"@id":"https:\/\/letunnel.com\/traffico-commerciale\/materie-pericolose\/#breadcrumb"},"inLanguage":"de","potentialAction":[{"@type":"ReadAction","target":["https:\/\/letunnel.com\/traffico-commerciale\/materie-pericolose\/"]}]},{"@type":"BreadcrumbList","@id":"https:\/\/letunnel.com\/traffico-commerciale\/materie-pericolose\/#breadcrumb","itemListElement":[{"@type":"ListItem","position":1,"name":"Home","item":"https:\/\/letunnel.com\/"},{"@type":"ListItem","position":2,"name":"Gewerblicher Verkehr","item":"https:\/\/letunnel.com\/de\/traffico-commerciale\/"},{"@type":"ListItem","position":3,"name":"Gef\u00e4hrliche G\u00fcter"}]},{"@type":"WebSite","@id":"https:\/\/letunnel.com\/#website","url":"https:\/\/letunnel.com\/","name":"Le Tunnel du Grand-Saint-Bernard","description":"Le Tunnel du Grand-Saint-Bernard","publisher":{"@id":"https:\/\/letunnel.com\/#organization"},"potentialAction":[{"@type":"SearchAction","target":{"@type":"EntryPoint","urlTemplate":"https:\/\/letunnel.com\/?s={search_term_string}"},"query-input":{"@type":"PropertyValueSpecification","valueRequired":true,"valueName":"search_term_string"}}],"inLanguage":"de"},{"@type":"Organization","@id":"https:\/\/letunnel.com\/#organization","name":"Le Tunnel du Grand-Saint-Bernard","url":"https:\/\/letunnel.com\/","logo":{"@type":"ImageObject","inLanguage":"de","@id":"https:\/\/letunnel.com\/#\/schema\/logo\/image\/","url":"https:\/\/letunnel.com\/wp-content\/uploads\/2023\/10\/LOGO-2023-Tunnel-GS-Bernard-Bianco.png","contentUrl":"https:\/\/letunnel.com\/wp-content\/uploads\/2023\/10\/LOGO-2023-Tunnel-GS-Bernard-Bianco.png","width":540,"height":480,"caption":"Le Tunnel du Grand-Saint-Bernard"},"image":{"@id":"https:\/\/letunnel.com\/#\/schema\/logo\/image\/"}}]}},"coauthors":[],"author_meta":{"author_link":"https:\/\/letunnel.com\/de\/author\/stefano\/","display_name":"Stefano"},"relative_dates":{"created":"Posted 4\u00a0Jahren ago","modified":"Updated 3\u00a0Jahren ago"},"absolute_dates":{"created":"Posted on 23 M\u00e4rz 2022","modified":"Updated on 8 September 2023"},"absolute_dates_time":{"created":"Posted on 23 M\u00e4rz 2022 10:03 a.m.","modified":"Updated on 8 September 2023 1:31 p.m."},"featured_img_caption":"","featured_img":false,"series_order":"","_links":{"self":[{"href":"https:\/\/letunnel.com\/de\/wp-json\/wp\/v2\/pages\/2172","targetHints":{"allow":["GET"]}}],"collection":[{"href":"https:\/\/letunnel.com\/de\/wp-json\/wp\/v2\/pages"}],"about":[{"href":"https:\/\/letunnel.com\/de\/wp-json\/wp\/v2\/types\/page"}],"author":[{"embeddable":true,"href":"https:\/\/letunnel.com\/de\/wp-json\/wp\/v2\/users\/1"}],"replies":[{"embeddable":true,"href":"https:\/\/letunnel.com\/de\/wp-json\/wp\/v2\/comments?post=2172"}],"version-history":[{"count":1,"href":"https:\/\/letunnel.com\/de\/wp-json\/wp\/v2\/pages\/2172\/revisions"}],"predecessor-version":[{"id":2181,"href":"https:\/\/letunnel.com\/de\/wp-json\/wp\/v2\/pages\/2172\/revisions\/2181"}],"up":[{"embeddable":true,"href":"https:\/\/letunnel.com\/de\/wp-json\/wp\/v2\/pages\/6122"}],"wp:attachment":[{"href":"https:\/\/letunnel.com\/de\/wp-json\/wp\/v2\/media?parent=2172"}],"curies":[{"name":"wp","href":"https:\/\/api.w.org\/{rel}","templated":true}]}}