{"id":6645,"date":"2022-03-28T07:34:42","date_gmt":"2022-03-28T07:34:42","guid":{"rendered":"https:\/\/z57nbebsowx.preview.infomaniak.website\/?page_id=6645"},"modified":"2026-01-21T14:07:51","modified_gmt":"2026-01-21T14:07:51","slug":"verguenstigungen","status":"publish","type":"page","link":"https:\/\/letunnel.com\/de\/verguenstigungen\/","title":{"rendered":"Verg\u00fcnstigungen"},"content":{"rendered":"\n<h2 class=\"wp-block-heading\">Kostenlose R\u00fcckfahrt durch den Grossen St. Bernhard-Tunnel<\/h2>\n\n\n\n<p>Zahlreiche Veranstaltungen im Aostatal und Wallis erm\u00f6glichen die kostenlose R\u00fcckfahrt durch den Grossen St. Bernhard-Tunnel.<\/p>\n\n\n\n<p>Gegen Vorlage des Tickets f\u00fcr die &#8222;einfache Fahrt&#8220; durch den Grossen St. Bernhard-Tunnel und der Eintrittskarte zu einer der oben genannten Veranstaltungen, ist die R\u00fcckfahrt innerhalb von 72h dem Verkaufsdatum kostenlos. Die Erm\u00e4\u00dfigung gilt nur f\u00fcr Motorr\u00e4der, Personenkraftwagen und Fahrzeuge der Klasse B1.<\/p>\n\n\n\n<ul class=\"wp-block-list\">\n<li>SKIGEBIETE des <strong>Aostatals<\/strong> (Breuil-Cervinia, Valtournenche, Chamois, Cogne, Colle di Joux, Courmayeur, Crevacol, La Magdeleine, La Thuile-La Rosi\u00e8re, Monterosa Ski, Ollomont, Pila,\u00a0Rh\u00eames Notre Dame, Torgnon, Valgrisenche, Valsavarenche) und <strong>Switzerland <\/strong>(Les Diablerets, Leysin, Villars, Verbier, Thyon, La Tzoumaz, Bruson, Veysonnaz, Nendaz, La Fouly, Champex-Lac, Les Marecottes, Vich\u00e8res, La Lorette).<\/li>\n\n\n\n<li><a href=\"http:\/\/www.gianadda.ch\/\" target=\"_blank\" rel=\"noreferrer noopener\">FONDATION GIANADDA<\/a>, Martigny (CH)<\/li>\n\n\n\n<li><a href=\"http:\/\/www.barryland.ch\" target=\"_blank\" rel=\"noreferrer noopener\">BARRYLAND<\/a>&nbsp;Martigny (CH)<\/li>\n\n\n\n<li><a href=\"https:\/\/www.fieradisantorso.it\/\">FIERA DI ST ORSO<\/a>, Aostatal (IT)<\/li>\n\n\n\n<li><a href=\"https:\/\/foireduvalais.ch\/fr\/accueil\/\" target=\"_blank\" rel=\"noreferrer noopener\">FOIRE DU VALAIS<\/a>, Martigny (CH)<\/li>\n\n\n\n<li>FINALE BATAILLES DES REINES, Aosta (IT) und Aproz (CH)<\/li>\n\n\n\n<li><a href=\"http:\/\/www.fortedibard.it\/\" target=\"_blank\" rel=\"noreferrer noopener\">FORTE DI BARD<\/a>, Bard (IT)<\/li>\n\n\n\n<li><a href=\"https:\/\/genevamotorshow.com\/de\/\">GENFER AUTOMOBIL SALON<\/a>, Genfer (CH)<\/li>\n\n\n\n<li><a href=\"https:\/\/www.bagnesraclette.ch\/\">BAGNES CAPITALE DE LA RACLETTE<\/a>, Bagnes (CH)<\/li>\n\n\n\n<li><a href=\"https:\/\/www.fieradeltartufo.org\/\">FIERA INTERNATIONALE DEL TARTUFO D&#8217;ALBA<\/a>, Alba (IT)<\/li>\n<\/ul>\n\n\n\n<p><strong>WICHTIG: <\/strong>Benutzer, die j\u00e4hrlichen Skipass haben , m\u00fcssen sie ein Dokument durch das Skigebiet mit Angabe von Datum und Ort ausgestellt wurde.<\/p>\n\n\n\n<h2 class=\"wp-block-heading\">Verg\u00fcnstigung f\u00fcr Schwerfahrzeuge<\/h2>\n\n\n\n<p>Die Transportunternehmen, die vom 01.01.2026 bis zum 31.12.2026 Abonnements f\u00fcr 10 und 20 Fahrten der Kategorie 4 kaufen, erhalten eine Erm\u00e4\u00dfigung von 2% auf je 500 erworbene Fahrten. Um diese 10 Freifahrten zu erhalten, m\u00fcssen die Unternehmen die erworbenen Abonnements an SISEX SA \u00a0senden.<\/p>\n","protected":false},"excerpt":{"rendered":"<p>Kostenlose R\u00fcckfahrt durch den Grossen St. Bernhard-Tunnel Zahlreiche Veranstaltungen im Aostatal und Wallis erm\u00f6glichen die kostenlose R\u00fcckfahrt durch den Grossen St. Bernhard-Tunnel. Gegen Vorlage des Tickets f\u00fcr die &#8222;einfache Fahrt&#8220; durch den Grossen St. Bernhard-Tunnel und der Eintrittskarte zu einer der oben genannten Veranstaltungen, ist die R\u00fcckfahrt innerhalb von 72h dem Verkaufsdatum kostenlos. Die Erm\u00e4\u00dfigung [&hellip;]<\/p>\n","protected":false},"author":4,"featured_media":0,"parent":0,"menu_order":0,"comment_status":"closed","ping_status":"closed","template":"","meta":{"_acf_changed":false,"advgb_blocks_editor_width":"","advgb_blocks_columns_visual_guide":"","footnotes":""},"class_list":["post-6645","page","type-page","status-publish","hentry"],"acf":[],"yoast_head":"<!-- This site is optimized with the Yoast SEO plugin v25.3.1 - https:\/\/yoast.com\/wordpress\/plugins\/seo\/ -->\n<title>Verg\u00fcnstigungen - Le Tunnel du Grand-Saint-Bernard<\/title>\n<meta name=\"robots\" content=\"index, follow, max-snippet:-1, max-image-preview:large, max-video-preview:-1\" \/>\n<link rel=\"canonical\" href=\"https:\/\/letunnel.com\/de\/verguenstigungen\/\" \/>\n<meta property=\"og:locale\" content=\"de_DE\" \/>\n<meta property=\"og:type\" content=\"article\" \/>\n<meta property=\"og:title\" content=\"Verg\u00fcnstigungen - Le Tunnel du Grand-Saint-Bernard\" \/>\n<meta property=\"og:description\" content=\"Kostenlose R\u00fcckfahrt durch den Grossen St. Bernhard-Tunnel Zahlreiche Veranstaltungen im Aostatal und Wallis erm\u00f6glichen die kostenlose R\u00fcckfahrt durch den Grossen St. Bernhard-Tunnel. Gegen Vorlage des Tickets f\u00fcr die &#8222;einfache Fahrt&#8220; durch den Grossen St. Bernhard-Tunnel und der Eintrittskarte zu einer der oben genannten Veranstaltungen, ist die R\u00fcckfahrt innerhalb von 72h dem Verkaufsdatum kostenlos. Die Erm\u00e4\u00dfigung [&hellip;]\" \/>\n<meta property=\"og:url\" content=\"https:\/\/letunnel.com\/de\/verguenstigungen\/\" \/>\n<meta property=\"og:site_name\" content=\"Le Tunnel du Grand-Saint-Bernard\" \/>\n<meta property=\"article:modified_time\" content=\"2026-01-21T14:07:51+00:00\" \/>\n<meta name=\"twitter:card\" content=\"summary_large_image\" \/>\n<meta name=\"twitter:label1\" content=\"Gesch\u00e4tzte Lesezeit\" \/>\n\t<meta name=\"twitter:data1\" content=\"2\u00a0Minuten\" \/>\n<script type=\"application\/ld+json\" class=\"yoast-schema-graph\">{\"@context\":\"https:\/\/schema.org\",\"@graph\":[{\"@type\":\"WebPage\",\"@id\":\"https:\/\/letunnel.com\/de\/verguenstigungen\/\",\"url\":\"https:\/\/letunnel.com\/de\/verguenstigungen\/\",\"name\":\"Verg\u00fcnstigungen - Le Tunnel du Grand-Saint-Bernard\",\"isPartOf\":{\"@id\":\"https:\/\/letunnel.com\/#website\"},\"datePublished\":\"2022-03-28T07:34:42+00:00\",\"dateModified\":\"2026-01-21T14:07:51+00:00\",\"breadcrumb\":{\"@id\":\"https:\/\/letunnel.com\/de\/verguenstigungen\/#breadcrumb\"},\"inLanguage\":\"de\",\"potentialAction\":[{\"@type\":\"ReadAction\",\"target\":[\"https:\/\/letunnel.com\/de\/verguenstigungen\/\"]}]},{\"@type\":\"BreadcrumbList\",\"@id\":\"https:\/\/letunnel.com\/de\/verguenstigungen\/#breadcrumb\",\"itemListElement\":[{\"@type\":\"ListItem\",\"position\":1,\"name\":\"Home\",\"item\":\"https:\/\/letunnel.com\/\"},{\"@type\":\"ListItem\",\"position\":2,\"name\":\"Verg\u00fcnstigungen\"}]},{\"@type\":\"WebSite\",\"@id\":\"https:\/\/letunnel.com\/#website\",\"url\":\"https:\/\/letunnel.com\/\",\"name\":\"Le Tunnel du Grand-Saint-Bernard\",\"description\":\"Le Tunnel du Grand-Saint-Bernard\",\"publisher\":{\"@id\":\"https:\/\/letunnel.com\/#organization\"},\"potentialAction\":[{\"@type\":\"SearchAction\",\"target\":{\"@type\":\"EntryPoint\",\"urlTemplate\":\"https:\/\/letunnel.com\/?s={search_term_string}\"},\"query-input\":{\"@type\":\"PropertyValueSpecification\",\"valueRequired\":true,\"valueName\":\"search_term_string\"}}],\"inLanguage\":\"de\"},{\"@type\":\"Organization\",\"@id\":\"https:\/\/letunnel.com\/#organization\",\"name\":\"Le Tunnel du Grand-Saint-Bernard\",\"url\":\"https:\/\/letunnel.com\/\",\"logo\":{\"@type\":\"ImageObject\",\"inLanguage\":\"de\",\"@id\":\"https:\/\/letunnel.com\/#\/schema\/logo\/image\/\",\"url\":\"https:\/\/letunnel.com\/wp-content\/uploads\/2023\/10\/LOGO-2023-Tunnel-GS-Bernard-Bianco.png\",\"contentUrl\":\"https:\/\/letunnel.com\/wp-content\/uploads\/2023\/10\/LOGO-2023-Tunnel-GS-Bernard-Bianco.png\",\"width\":540,\"height\":480,\"caption\":\"Le Tunnel du Grand-Saint-Bernard\"},\"image\":{\"@id\":\"https:\/\/letunnel.com\/#\/schema\/logo\/image\/\"}}]}<\/script>\n<!-- \/ Yoast SEO plugin. -->","yoast_head_json":{"title":"Verg\u00fcnstigungen - Le Tunnel du Grand-Saint-Bernard","robots":{"index":"index","follow":"follow","max-snippet":"max-snippet:-1","max-image-preview":"max-image-preview:large","max-video-preview":"max-video-preview:-1"},"canonical":"https:\/\/letunnel.com\/de\/verguenstigungen\/","og_locale":"de_DE","og_type":"article","og_title":"Verg\u00fcnstigungen - Le Tunnel du Grand-Saint-Bernard","og_description":"Kostenlose R\u00fcckfahrt durch den Grossen St. Bernhard-Tunnel Zahlreiche Veranstaltungen im Aostatal und Wallis erm\u00f6glichen die kostenlose R\u00fcckfahrt durch den Grossen St. Bernhard-Tunnel. Gegen Vorlage des Tickets f\u00fcr die &#8222;einfache Fahrt&#8220; durch den Grossen St. Bernhard-Tunnel und der Eintrittskarte zu einer der oben genannten Veranstaltungen, ist die R\u00fcckfahrt innerhalb von 72h dem Verkaufsdatum kostenlos. Die Erm\u00e4\u00dfigung [&hellip;]","og_url":"https:\/\/letunnel.com\/de\/verguenstigungen\/","og_site_name":"Le Tunnel du Grand-Saint-Bernard","article_modified_time":"2026-01-21T14:07:51+00:00","twitter_card":"summary_large_image","twitter_misc":{"Gesch\u00e4tzte Lesezeit":"2\u00a0Minuten"},"schema":{"@context":"https:\/\/schema.org","@graph":[{"@type":"WebPage","@id":"https:\/\/letunnel.com\/de\/verguenstigungen\/","url":"https:\/\/letunnel.com\/de\/verguenstigungen\/","name":"Verg\u00fcnstigungen - Le Tunnel du Grand-Saint-Bernard","isPartOf":{"@id":"https:\/\/letunnel.com\/#website"},"datePublished":"2022-03-28T07:34:42+00:00","dateModified":"2026-01-21T14:07:51+00:00","breadcrumb":{"@id":"https:\/\/letunnel.com\/de\/verguenstigungen\/#breadcrumb"},"inLanguage":"de","potentialAction":[{"@type":"ReadAction","target":["https:\/\/letunnel.com\/de\/verguenstigungen\/"]}]},{"@type":"BreadcrumbList","@id":"https:\/\/letunnel.com\/de\/verguenstigungen\/#breadcrumb","itemListElement":[{"@type":"ListItem","position":1,"name":"Home","item":"https:\/\/letunnel.com\/"},{"@type":"ListItem","position":2,"name":"Verg\u00fcnstigungen"}]},{"@type":"WebSite","@id":"https:\/\/letunnel.com\/#website","url":"https:\/\/letunnel.com\/","name":"Le Tunnel du Grand-Saint-Bernard","description":"Le Tunnel du Grand-Saint-Bernard","publisher":{"@id":"https:\/\/letunnel.com\/#organization"},"potentialAction":[{"@type":"SearchAction","target":{"@type":"EntryPoint","urlTemplate":"https:\/\/letunnel.com\/?s={search_term_string}"},"query-input":{"@type":"PropertyValueSpecification","valueRequired":true,"valueName":"search_term_string"}}],"inLanguage":"de"},{"@type":"Organization","@id":"https:\/\/letunnel.com\/#organization","name":"Le Tunnel du Grand-Saint-Bernard","url":"https:\/\/letunnel.com\/","logo":{"@type":"ImageObject","inLanguage":"de","@id":"https:\/\/letunnel.com\/#\/schema\/logo\/image\/","url":"https:\/\/letunnel.com\/wp-content\/uploads\/2023\/10\/LOGO-2023-Tunnel-GS-Bernard-Bianco.png","contentUrl":"https:\/\/letunnel.com\/wp-content\/uploads\/2023\/10\/LOGO-2023-Tunnel-GS-Bernard-Bianco.png","width":540,"height":480,"caption":"Le Tunnel du Grand-Saint-Bernard"},"image":{"@id":"https:\/\/letunnel.com\/#\/schema\/logo\/image\/"}}]}},"coauthors":[],"author_meta":{"author_link":"https:\/\/letunnel.com\/de\/author\/enricobich\/","display_name":"Enrico"},"relative_dates":{"created":"Posted 4\u00a0Jahren ago","modified":"Updated 4\u00a0Monaten ago"},"absolute_dates":{"created":"Posted on 28 M\u00e4rz 2022","modified":"Updated on 21 Januar 2026"},"absolute_dates_time":{"created":"Posted on 28 M\u00e4rz 2022 7:34 a.m.","modified":"Updated on 21 Januar 2026 2:07 p.m."},"featured_img_caption":"","featured_img":false,"series_order":"","_links":{"self":[{"href":"https:\/\/letunnel.com\/de\/wp-json\/wp\/v2\/pages\/6645","targetHints":{"allow":["GET"]}}],"collection":[{"href":"https:\/\/letunnel.com\/de\/wp-json\/wp\/v2\/pages"}],"about":[{"href":"https:\/\/letunnel.com\/de\/wp-json\/wp\/v2\/types\/page"}],"author":[{"embeddable":true,"href":"https:\/\/letunnel.com\/de\/wp-json\/wp\/v2\/users\/4"}],"replies":[{"embeddable":true,"href":"https:\/\/letunnel.com\/de\/wp-json\/wp\/v2\/comments?post=6645"}],"version-history":[{"count":6,"href":"https:\/\/letunnel.com\/de\/wp-json\/wp\/v2\/pages\/6645\/revisions"}],"predecessor-version":[{"id":11550,"href":"https:\/\/letunnel.com\/de\/wp-json\/wp\/v2\/pages\/6645\/revisions\/11550"}],"wp:attachment":[{"href":"https:\/\/letunnel.com\/de\/wp-json\/wp\/v2\/media?parent=6645"}],"curies":[{"name":"wp","href":"https:\/\/api.w.org\/{rel}","templated":true}]}}