{"id":6697,"date":"2023-04-27T06:48:49","date_gmt":"2023-04-27T06:48:49","guid":{"rendered":"https:\/\/z57nbebsowx.preview.infomaniak.website\/?page_id=6697"},"modified":"2025-01-09T07:21:03","modified_gmt":"2025-01-09T07:21:03","slug":"verguenstigung-fuer-schwerfahrzeuge","status":"publish","type":"page","link":"https:\/\/letunnel.com\/de\/traffico-commerciale\/verguenstigung-fuer-schwerfahrzeuge\/","title":{"rendered":"Verg\u00fcnstigung f\u00fcr Schwerfahrzeuge"},"content":{"rendered":"\n<p>Vom 1.1.2025 bis zum 31.12.2025 k\u00f6nnen Verkehrsunternehmen, die Abonnemente der Kategorie 4, 10er und 20er Fahrten kaufen, f\u00fcr je 500 gekaufte Abos eine Erm\u00e4\u00dfigung von 2% erhalten. Interessierte Unternehmen werden gebeten, SISEX SA Tickets zu schicken, die den Kauf von 500 Fahrten in Form von 10-Pass- und 20-Pass-Abonnements belegen, um in den Genuss der Gratisfahrten zu kommen.<\/p>\n","protected":false},"excerpt":{"rendered":"<p>Vom 1.1.2025 bis zum 31.12.2025 k\u00f6nnen Verkehrsunternehmen, die Abonnemente der Kategorie 4, 10er und 20er Fahrten kaufen, f\u00fcr je 500 gekaufte Abos eine Erm\u00e4\u00dfigung von 2% erhalten. Interessierte Unternehmen werden gebeten, SISEX SA Tickets zu schicken, die den Kauf von 500 Fahrten in Form von 10-Pass- und 20-Pass-Abonnements belegen, um in den Genuss der Gratisfahrten [&hellip;]<\/p>\n","protected":false},"author":4,"featured_media":0,"parent":6122,"menu_order":0,"comment_status":"closed","ping_status":"closed","template":"","meta":{"_acf_changed":false,"advgb_blocks_editor_width":"","advgb_blocks_columns_visual_guide":"","footnotes":""},"class_list":["post-6697","page","type-page","status-publish","hentry"],"acf":[],"yoast_head":"<!-- This site is optimized with the Yoast SEO plugin v25.3.1 - https:\/\/yoast.com\/wordpress\/plugins\/seo\/ -->\n<title>Verg\u00fcnstigung f\u00fcr Schwerfahrzeuge - Le Tunnel du Grand-Saint-Bernard<\/title>\n<meta name=\"robots\" content=\"index, follow, max-snippet:-1, max-image-preview:large, max-video-preview:-1\" \/>\n<link rel=\"canonical\" href=\"https:\/\/letunnel.com\/traffico-commerciale\/promozioni-mezzi-pesanti\/\" \/>\n<meta property=\"og:locale\" content=\"de_DE\" \/>\n<meta property=\"og:type\" content=\"article\" \/>\n<meta property=\"og:title\" content=\"Verg\u00fcnstigung f\u00fcr Schwerfahrzeuge - Le Tunnel du Grand-Saint-Bernard\" \/>\n<meta property=\"og:description\" content=\"Vom 1.1.2025 bis zum 31.12.2025 k\u00f6nnen Verkehrsunternehmen, die Abonnemente der Kategorie 4, 10er und 20er Fahrten kaufen, f\u00fcr je 500 gekaufte Abos eine Erm\u00e4\u00dfigung von 2% erhalten. Interessierte Unternehmen werden gebeten, SISEX SA Tickets zu schicken, die den Kauf von 500 Fahrten in Form von 10-Pass- und 20-Pass-Abonnements belegen, um in den Genuss der Gratisfahrten [&hellip;]\" \/>\n<meta property=\"og:url\" content=\"https:\/\/letunnel.com\/traffico-commerciale\/promozioni-mezzi-pesanti\/\" \/>\n<meta property=\"og:site_name\" content=\"Le Tunnel du Grand-Saint-Bernard\" \/>\n<meta property=\"article:modified_time\" content=\"2025-01-09T07:21:03+00:00\" \/>\n<meta name=\"twitter:card\" content=\"summary_large_image\" \/>\n<meta name=\"twitter:label1\" content=\"Gesch\u00e4tzte Lesezeit\" \/>\n\t<meta name=\"twitter:data1\" content=\"1\u00a0Minute\" \/>\n<script type=\"application\/ld+json\" class=\"yoast-schema-graph\">{\"@context\":\"https:\/\/schema.org\",\"@graph\":[{\"@type\":\"WebPage\",\"@id\":\"https:\/\/letunnel.com\/traffico-commerciale\/promozioni-mezzi-pesanti\/\",\"url\":\"https:\/\/letunnel.com\/traffico-commerciale\/promozioni-mezzi-pesanti\/\",\"name\":\"Verg\u00fcnstigung f\u00fcr Schwerfahrzeuge - Le Tunnel du Grand-Saint-Bernard\",\"isPartOf\":{\"@id\":\"https:\/\/letunnel.com\/#website\"},\"datePublished\":\"2023-04-27T06:48:49+00:00\",\"dateModified\":\"2025-01-09T07:21:03+00:00\",\"breadcrumb\":{\"@id\":\"https:\/\/letunnel.com\/traffico-commerciale\/promozioni-mezzi-pesanti\/#breadcrumb\"},\"inLanguage\":\"de\",\"potentialAction\":[{\"@type\":\"ReadAction\",\"target\":[\"https:\/\/letunnel.com\/traffico-commerciale\/promozioni-mezzi-pesanti\/\"]}]},{\"@type\":\"BreadcrumbList\",\"@id\":\"https:\/\/letunnel.com\/traffico-commerciale\/promozioni-mezzi-pesanti\/#breadcrumb\",\"itemListElement\":[{\"@type\":\"ListItem\",\"position\":1,\"name\":\"Home\",\"item\":\"https:\/\/letunnel.com\/\"},{\"@type\":\"ListItem\",\"position\":2,\"name\":\"Gewerblicher Verkehr\",\"item\":\"https:\/\/letunnel.com\/de\/traffico-commerciale\/\"},{\"@type\":\"ListItem\",\"position\":3,\"name\":\"Verg\u00fcnstigung f\u00fcr Schwerfahrzeuge\"}]},{\"@type\":\"WebSite\",\"@id\":\"https:\/\/letunnel.com\/#website\",\"url\":\"https:\/\/letunnel.com\/\",\"name\":\"Le Tunnel du Grand-Saint-Bernard\",\"description\":\"Le Tunnel du Grand-Saint-Bernard\",\"publisher\":{\"@id\":\"https:\/\/letunnel.com\/#organization\"},\"potentialAction\":[{\"@type\":\"SearchAction\",\"target\":{\"@type\":\"EntryPoint\",\"urlTemplate\":\"https:\/\/letunnel.com\/?s={search_term_string}\"},\"query-input\":{\"@type\":\"PropertyValueSpecification\",\"valueRequired\":true,\"valueName\":\"search_term_string\"}}],\"inLanguage\":\"de\"},{\"@type\":\"Organization\",\"@id\":\"https:\/\/letunnel.com\/#organization\",\"name\":\"Le Tunnel du Grand-Saint-Bernard\",\"url\":\"https:\/\/letunnel.com\/\",\"logo\":{\"@type\":\"ImageObject\",\"inLanguage\":\"de\",\"@id\":\"https:\/\/letunnel.com\/#\/schema\/logo\/image\/\",\"url\":\"https:\/\/letunnel.com\/wp-content\/uploads\/2023\/10\/LOGO-2023-Tunnel-GS-Bernard-Bianco.png\",\"contentUrl\":\"https:\/\/letunnel.com\/wp-content\/uploads\/2023\/10\/LOGO-2023-Tunnel-GS-Bernard-Bianco.png\",\"width\":540,\"height\":480,\"caption\":\"Le Tunnel du Grand-Saint-Bernard\"},\"image\":{\"@id\":\"https:\/\/letunnel.com\/#\/schema\/logo\/image\/\"}}]}<\/script>\n<!-- \/ Yoast SEO plugin. -->","yoast_head_json":{"title":"Verg\u00fcnstigung f\u00fcr Schwerfahrzeuge - Le Tunnel du Grand-Saint-Bernard","robots":{"index":"index","follow":"follow","max-snippet":"max-snippet:-1","max-image-preview":"max-image-preview:large","max-video-preview":"max-video-preview:-1"},"canonical":"https:\/\/letunnel.com\/traffico-commerciale\/promozioni-mezzi-pesanti\/","og_locale":"de_DE","og_type":"article","og_title":"Verg\u00fcnstigung f\u00fcr Schwerfahrzeuge - Le Tunnel du Grand-Saint-Bernard","og_description":"Vom 1.1.2025 bis zum 31.12.2025 k\u00f6nnen Verkehrsunternehmen, die Abonnemente der Kategorie 4, 10er und 20er Fahrten kaufen, f\u00fcr je 500 gekaufte Abos eine Erm\u00e4\u00dfigung von 2% erhalten. Interessierte Unternehmen werden gebeten, SISEX SA Tickets zu schicken, die den Kauf von 500 Fahrten in Form von 10-Pass- und 20-Pass-Abonnements belegen, um in den Genuss der Gratisfahrten [&hellip;]","og_url":"https:\/\/letunnel.com\/traffico-commerciale\/promozioni-mezzi-pesanti\/","og_site_name":"Le Tunnel du Grand-Saint-Bernard","article_modified_time":"2025-01-09T07:21:03+00:00","twitter_card":"summary_large_image","twitter_misc":{"Gesch\u00e4tzte Lesezeit":"1\u00a0Minute"},"schema":{"@context":"https:\/\/schema.org","@graph":[{"@type":"WebPage","@id":"https:\/\/letunnel.com\/traffico-commerciale\/promozioni-mezzi-pesanti\/","url":"https:\/\/letunnel.com\/traffico-commerciale\/promozioni-mezzi-pesanti\/","name":"Verg\u00fcnstigung f\u00fcr Schwerfahrzeuge - Le Tunnel du Grand-Saint-Bernard","isPartOf":{"@id":"https:\/\/letunnel.com\/#website"},"datePublished":"2023-04-27T06:48:49+00:00","dateModified":"2025-01-09T07:21:03+00:00","breadcrumb":{"@id":"https:\/\/letunnel.com\/traffico-commerciale\/promozioni-mezzi-pesanti\/#breadcrumb"},"inLanguage":"de","potentialAction":[{"@type":"ReadAction","target":["https:\/\/letunnel.com\/traffico-commerciale\/promozioni-mezzi-pesanti\/"]}]},{"@type":"BreadcrumbList","@id":"https:\/\/letunnel.com\/traffico-commerciale\/promozioni-mezzi-pesanti\/#breadcrumb","itemListElement":[{"@type":"ListItem","position":1,"name":"Home","item":"https:\/\/letunnel.com\/"},{"@type":"ListItem","position":2,"name":"Gewerblicher Verkehr","item":"https:\/\/letunnel.com\/de\/traffico-commerciale\/"},{"@type":"ListItem","position":3,"name":"Verg\u00fcnstigung f\u00fcr Schwerfahrzeuge"}]},{"@type":"WebSite","@id":"https:\/\/letunnel.com\/#website","url":"https:\/\/letunnel.com\/","name":"Le Tunnel du Grand-Saint-Bernard","description":"Le Tunnel du Grand-Saint-Bernard","publisher":{"@id":"https:\/\/letunnel.com\/#organization"},"potentialAction":[{"@type":"SearchAction","target":{"@type":"EntryPoint","urlTemplate":"https:\/\/letunnel.com\/?s={search_term_string}"},"query-input":{"@type":"PropertyValueSpecification","valueRequired":true,"valueName":"search_term_string"}}],"inLanguage":"de"},{"@type":"Organization","@id":"https:\/\/letunnel.com\/#organization","name":"Le Tunnel du Grand-Saint-Bernard","url":"https:\/\/letunnel.com\/","logo":{"@type":"ImageObject","inLanguage":"de","@id":"https:\/\/letunnel.com\/#\/schema\/logo\/image\/","url":"https:\/\/letunnel.com\/wp-content\/uploads\/2023\/10\/LOGO-2023-Tunnel-GS-Bernard-Bianco.png","contentUrl":"https:\/\/letunnel.com\/wp-content\/uploads\/2023\/10\/LOGO-2023-Tunnel-GS-Bernard-Bianco.png","width":540,"height":480,"caption":"Le Tunnel du Grand-Saint-Bernard"},"image":{"@id":"https:\/\/letunnel.com\/#\/schema\/logo\/image\/"}}]}},"coauthors":[],"author_meta":{"author_link":"https:\/\/letunnel.com\/de\/author\/enricobich\/","display_name":"Enrico"},"relative_dates":{"created":"Posted 3\u00a0Jahren ago","modified":"Updated 1\u00a0Jahr ago"},"absolute_dates":{"created":"Posted on 27 April 2023","modified":"Updated on 9 Januar 2025"},"absolute_dates_time":{"created":"Posted on 27 April 2023 6:48 a.m.","modified":"Updated on 9 Januar 2025 7:21 a.m."},"featured_img_caption":"","featured_img":false,"series_order":"","_links":{"self":[{"href":"https:\/\/letunnel.com\/de\/wp-json\/wp\/v2\/pages\/6697","targetHints":{"allow":["GET"]}}],"collection":[{"href":"https:\/\/letunnel.com\/de\/wp-json\/wp\/v2\/pages"}],"about":[{"href":"https:\/\/letunnel.com\/de\/wp-json\/wp\/v2\/types\/page"}],"author":[{"embeddable":true,"href":"https:\/\/letunnel.com\/de\/wp-json\/wp\/v2\/users\/4"}],"replies":[{"embeddable":true,"href":"https:\/\/letunnel.com\/de\/wp-json\/wp\/v2\/comments?post=6697"}],"version-history":[{"count":4,"href":"https:\/\/letunnel.com\/de\/wp-json\/wp\/v2\/pages\/6697\/revisions"}],"predecessor-version":[{"id":9829,"href":"https:\/\/letunnel.com\/de\/wp-json\/wp\/v2\/pages\/6697\/revisions\/9829"}],"up":[{"embeddable":true,"href":"https:\/\/letunnel.com\/de\/wp-json\/wp\/v2\/pages\/6122"}],"wp:attachment":[{"href":"https:\/\/letunnel.com\/de\/wp-json\/wp\/v2\/media?parent=6697"}],"curies":[{"name":"wp","href":"https:\/\/api.w.org\/{rel}","templated":true}]}}