{"id":1935,"date":"2023-04-27T07:01:37","date_gmt":"2023-04-27T07:01:37","guid":{"rendered":"https:\/\/z57nbebsowx.preview.infomaniak.website\/il-tunnel\/dove-siamo\/"},"modified":"2026-02-02T07:09:48","modified_gmt":"2026-02-02T07:09:48","slug":"dove-siamo","status":"publish","type":"page","link":"https:\/\/letunnel.com\/fr\/il-tunnel\/dove-siamo\/","title":{"rendered":"O\u00f9 nous sommes"},"content":{"rendered":"\n<h2 class=\"wp-block-heading\">LA R\u00c9GION DU GRAND-SAINT-BERNARD<\/h2>\n\n\n\n<p>BEAUCOUP DE TOURISTES SONT AGR\u00c9ABLEMENT S\u00c9DUITS &#8230;<\/p>\n\n\n\n<p>La route qui m\u00e8ne au tunnel du Grand-Saint-Bernard (<a href=\"https:\/\/maps.app.goo.gl\/CWXHbP2aSLFRkz9cA\">link \u00e0 Google Maps<\/a>) traverse d\u2019int\u00e9ressantes r\u00e9gions touristiques aussi bien au sud qu\u2019au nord. De nombreux touristes se laissent s\u00e9duire avec plaisir par les innombrables attractions : Col du Grand-Saint-Bernard, excursions, sports d\u2019hiver et d\u2019\u00e9t\u00e9, faune, flore, gastronomie, histoire, artisanat local, folklore. Sur le versant sud, la\u00a0<a href=\"http:\/\/www.regione.vda.it\/\" target=\"_blank\" rel=\"noreferrer noopener\">Vall\u00e9e d\u2019Aoste\u00a0<\/a>: les villages pittoresques de Saint-Rh\u00e9my-en-Bosses, Saint-Oyen, \u00c9troubles, Allein, Doues et Gignod, dans une nature encore intacte avec les stations de sports d\u2019hiver du Grand-Saint-Bernard : Cr\u00e9vacol, Flassin, Etroubles. L\u2019originalit\u00e9 des constructions, avec les toits caract\u00e9ristiques en lauzes, l\u2019authenticit\u00e9 des produits et de l\u2019accueil font appr\u00e9cier encore davantage cet int\u00e9ressant itin\u00e9raire.<\/p>\n\n\n\n<p>AOSTE, la cit\u00e9 fond\u00e9e par les Romains, avec son histoire, l\u2019art, la gastronomie.<br>Plus loin, l\u2019autoroute vous emm\u00e8nera \u00e0Turin, Milan, Florence, Rome et sur la C\u00f4te d\u2019Azur.<\/p>\n\n\n\n<p>Sur le versant Nord, le&nbsp;<a target=\"_blank\" href=\"http:\/\/www.valais.ch\/fr\/welcome.cfm?\" rel=\"noreferrer noopener\">Valais<\/a>&nbsp;: les villages typiques de Bourg-Saint-Pierre, Liddes, Orsi\u00e8res, Sembrancher. Tout pr\u00e8s, les c\u00e9l\u00e8bres stations de sports d\u2019hiver et d\u2019\u00e9t\u00e9 de Super St-Bernard, Vich\u00e8res, Verbier et Champex. Puis MARTIGNY, ville gallo-romaine avec la c\u00e9l\u00e8bre \u00ab\u00a0<a target=\"_blank\" href=\"http:\/\/www.gianadda.ch\/\" rel=\"noreferrer noopener\">Fondation Gianadda<\/a>\u00a0\u00bb jusqu&rsquo;\u00e0 Montreux, Vevey et Lausanne (<a target=\"_blank\" href=\"http:\/\/www.olympic.org\/fr\/passion\/museum\/home_fr.asp\" rel=\"noreferrer noopener\">Mus\u00e9e olympique<\/a>).<\/p>\n\n\n\n<figure class=\"wp-block-gallery has-nested-images columns-default is-cropped wp-block-gallery-1 is-layout-flex wp-block-gallery-is-layout-flex\">\n<figure class=\"wp-block-image size-large\"><img fetchpriority=\"high\" decoding=\"async\" width=\"700\" height=\"525\" data-id=\"902\" src=\"https:\/\/z57nbebsowx.preview.infomaniak.website\/wp-content\/uploads\/2023\/04\/Arco-Augusto-Aosta.jpeg\" alt=\"\" class=\"wp-image-902\" srcset=\"https:\/\/letunnel.com\/wp-content\/uploads\/2023\/04\/Arco-Augusto-Aosta.jpeg 700w, https:\/\/letunnel.com\/wp-content\/uploads\/2023\/04\/Arco-Augusto-Aosta-300x225.jpeg 300w\" sizes=\"(max-width: 700px) 100vw, 700px\" \/><\/figure>\n\n\n\n<figure class=\"wp-block-image size-large\"><img decoding=\"async\" width=\"700\" height=\"525\" data-id=\"900\" src=\"https:\/\/z57nbebsowx.preview.infomaniak.website\/wp-content\/uploads\/2023\/04\/Bourg-Saint-Pierre-Valais-.jpeg\" alt=\"\" class=\"wp-image-900\" srcset=\"https:\/\/letunnel.com\/wp-content\/uploads\/2023\/04\/Bourg-Saint-Pierre-Valais-.jpeg 700w, https:\/\/letunnel.com\/wp-content\/uploads\/2023\/04\/Bourg-Saint-Pierre-Valais--300x225.jpeg 300w\" sizes=\"(max-width: 700px) 100vw, 700px\" \/><\/figure>\n\n\n\n<figure class=\"wp-block-image size-large\"><img decoding=\"async\" width=\"700\" height=\"525\" data-id=\"898\" src=\"https:\/\/z57nbebsowx.preview.infomaniak.website\/wp-content\/uploads\/2023\/04\/Colle-del-Gran-San-Bernardo-Valle-dAosta-.jpeg\" alt=\"\" class=\"wp-image-898\" srcset=\"https:\/\/letunnel.com\/wp-content\/uploads\/2023\/04\/Colle-del-Gran-San-Bernardo-Valle-dAosta-.jpeg 700w, https:\/\/letunnel.com\/wp-content\/uploads\/2023\/04\/Colle-del-Gran-San-Bernardo-Valle-dAosta--300x225.jpeg 300w\" sizes=\"(max-width: 700px) 100vw, 700px\" \/><\/figure>\n\n\n\n<figure class=\"wp-block-image size-large\"><img loading=\"lazy\" decoding=\"async\" width=\"700\" height=\"525\" data-id=\"901\" src=\"https:\/\/z57nbebsowx.preview.infomaniak.website\/wp-content\/uploads\/2023\/04\/Etroubles-Valle-dAosta-.jpeg\" alt=\"\" class=\"wp-image-901\" srcset=\"https:\/\/letunnel.com\/wp-content\/uploads\/2023\/04\/Etroubles-Valle-dAosta-.jpeg 700w, https:\/\/letunnel.com\/wp-content\/uploads\/2023\/04\/Etroubles-Valle-dAosta--300x225.jpeg 300w\" sizes=\"(max-width: 700px) 100vw, 700px\" \/><\/figure>\n\n\n\n<figure class=\"wp-block-image size-large\"><img loading=\"lazy\" decoding=\"async\" width=\"700\" height=\"525\" data-id=\"894\" src=\"https:\/\/z57nbebsowx.preview.infomaniak.website\/wp-content\/uploads\/2023\/04\/Fondation-Gianadda-Martigny-.jpeg\" alt=\"\" class=\"wp-image-894\" srcset=\"https:\/\/letunnel.com\/wp-content\/uploads\/2023\/04\/Fondation-Gianadda-Martigny-.jpeg 700w, https:\/\/letunnel.com\/wp-content\/uploads\/2023\/04\/Fondation-Gianadda-Martigny--300x225.jpeg 300w\" sizes=\"(max-width: 700px) 100vw, 700px\" \/><\/figure>\n\n\n\n<figure class=\"wp-block-image size-large\"><img loading=\"lazy\" decoding=\"async\" width=\"700\" height=\"525\" data-id=\"893\" src=\"https:\/\/z57nbebsowx.preview.infomaniak.website\/wp-content\/uploads\/2023\/04\/Lac-Leman-Suisse-.jpeg\" alt=\"\" class=\"wp-image-893\" srcset=\"https:\/\/letunnel.com\/wp-content\/uploads\/2023\/04\/Lac-Leman-Suisse-.jpeg 700w, https:\/\/letunnel.com\/wp-content\/uploads\/2023\/04\/Lac-Leman-Suisse--300x225.jpeg 300w\" sizes=\"(max-width: 700px) 100vw, 700px\" \/><\/figure>\n\n\n\n<figure class=\"wp-block-image size-large\"><img loading=\"lazy\" decoding=\"async\" width=\"700\" height=\"525\" data-id=\"897\" src=\"https:\/\/z57nbebsowx.preview.infomaniak.website\/wp-content\/uploads\/2023\/04\/Liddes-Valais-.jpeg\" alt=\"\" class=\"wp-image-897\" srcset=\"https:\/\/letunnel.com\/wp-content\/uploads\/2023\/04\/Liddes-Valais-.jpeg 700w, https:\/\/letunnel.com\/wp-content\/uploads\/2023\/04\/Liddes-Valais--300x225.jpeg 300w\" sizes=\"(max-width: 700px) 100vw, 700px\" \/><\/figure>\n\n\n\n<figure class=\"wp-block-image size-large\"><img loading=\"lazy\" decoding=\"async\" width=\"700\" height=\"525\" data-id=\"903\" src=\"https:\/\/z57nbebsowx.preview.infomaniak.website\/wp-content\/uploads\/2023\/04\/martigny.jpg\" alt=\"\" class=\"wp-image-903\" srcset=\"https:\/\/letunnel.com\/wp-content\/uploads\/2023\/04\/martigny.jpg 700w, https:\/\/letunnel.com\/wp-content\/uploads\/2023\/04\/martigny-300x225.jpg 300w\" sizes=\"(max-width: 700px) 100vw, 700px\" \/><\/figure>\n\n\n\n<figure class=\"wp-block-image size-large\"><img loading=\"lazy\" decoding=\"async\" width=\"700\" height=\"525\" data-id=\"899\" src=\"https:\/\/z57nbebsowx.preview.infomaniak.website\/wp-content\/uploads\/2023\/04\/Musee-Olympique-Lausanne-.jpeg\" alt=\"\" class=\"wp-image-899\" srcset=\"https:\/\/letunnel.com\/wp-content\/uploads\/2023\/04\/Musee-Olympique-Lausanne-.jpeg 700w, https:\/\/letunnel.com\/wp-content\/uploads\/2023\/04\/Musee-Olympique-Lausanne--300x225.jpeg 300w\" sizes=\"(max-width: 700px) 100vw, 700px\" \/><\/figure>\n\n\n\n<figure class=\"wp-block-image size-large\"><img loading=\"lazy\" decoding=\"async\" width=\"700\" height=\"525\" data-id=\"895\" src=\"https:\/\/z57nbebsowx.preview.infomaniak.website\/wp-content\/uploads\/2023\/04\/Saint-Oyen-Valle-dAosta-.jpeg\" alt=\"\" class=\"wp-image-895\" srcset=\"https:\/\/letunnel.com\/wp-content\/uploads\/2023\/04\/Saint-Oyen-Valle-dAosta-.jpeg 700w, https:\/\/letunnel.com\/wp-content\/uploads\/2023\/04\/Saint-Oyen-Valle-dAosta--300x225.jpeg 300w\" sizes=\"(max-width: 700px) 100vw, 700px\" \/><\/figure>\n\n\n\n<figure class=\"wp-block-image size-large\"><img loading=\"lazy\" decoding=\"async\" width=\"700\" height=\"525\" data-id=\"896\" src=\"https:\/\/z57nbebsowx.preview.infomaniak.website\/wp-content\/uploads\/2023\/04\/Saint-Rhemy-en-Bosses-Valle-dAosta-.jpeg\" alt=\"\" class=\"wp-image-896\" srcset=\"https:\/\/letunnel.com\/wp-content\/uploads\/2023\/04\/Saint-Rhemy-en-Bosses-Valle-dAosta-.jpeg 700w, https:\/\/letunnel.com\/wp-content\/uploads\/2023\/04\/Saint-Rhemy-en-Bosses-Valle-dAosta--300x225.jpeg 300w\" sizes=\"(max-width: 700px) 100vw, 700px\" \/><\/figure>\n\n\n\n<figure class=\"wp-block-image size-large\"><img loading=\"lazy\" decoding=\"async\" width=\"700\" height=\"525\" data-id=\"904\" src=\"https:\/\/z57nbebsowx.preview.infomaniak.website\/wp-content\/uploads\/2023\/04\/Torino-Italia-.jpeg\" alt=\"\" class=\"wp-image-904\" srcset=\"https:\/\/letunnel.com\/wp-content\/uploads\/2023\/04\/Torino-Italia-.jpeg 700w, https:\/\/letunnel.com\/wp-content\/uploads\/2023\/04\/Torino-Italia--300x225.jpeg 300w\" sizes=\"(max-width: 700px) 100vw, 700px\" \/><\/figure>\n<\/figure>\n","protected":false},"excerpt":{"rendered":"<p>LA R\u00c9GION DU GRAND-SAINT-BERNARD BEAUCOUP DE TOURISTES SONT AGR\u00c9ABLEMENT S\u00c9DUITS &#8230; La route qui m\u00e8ne au tunnel du Grand-Saint-Bernard (link \u00e0 Google Maps) traverse d\u2019int\u00e9ressantes r\u00e9gions touristiques aussi bien au sud qu\u2019au nord. De nombreux touristes se laissent s\u00e9duire avec plaisir par les innombrables attractions : Col du Grand-Saint-Bernard, excursions, sports d\u2019hiver et d\u2019\u00e9t\u00e9, faune, [&hellip;]<\/p>\n","protected":false},"author":1,"featured_media":0,"parent":1927,"menu_order":0,"comment_status":"closed","ping_status":"closed","template":"","meta":{"_acf_changed":false,"advgb_blocks_editor_width":"","advgb_blocks_columns_visual_guide":"","footnotes":""},"class_list":["post-1935","page","type-page","status-publish","hentry"],"acf":[],"yoast_head":"<!-- This site is optimized with the Yoast SEO plugin v25.3.1 - https:\/\/yoast.com\/wordpress\/plugins\/seo\/ -->\n<title>O\u00f9 nous sommes - Le Tunnel du Grand-Saint-Bernard<\/title>\n<meta name=\"robots\" content=\"index, follow, max-snippet:-1, max-image-preview:large, max-video-preview:-1\" \/>\n<link rel=\"canonical\" href=\"https:\/\/letunnel.com\/fr\/il-tunnel\/dove-siamo\/\" \/>\n<meta property=\"og:locale\" content=\"fr_FR\" \/>\n<meta property=\"og:type\" content=\"article\" \/>\n<meta property=\"og:title\" content=\"O\u00f9 nous sommes - Le Tunnel du Grand-Saint-Bernard\" \/>\n<meta property=\"og:description\" content=\"LA R\u00c9GION DU GRAND-SAINT-BERNARD BEAUCOUP DE TOURISTES SONT AGR\u00c9ABLEMENT S\u00c9DUITS &#8230; La route qui m\u00e8ne au tunnel du Grand-Saint-Bernard (link \u00e0 Google Maps) traverse d\u2019int\u00e9ressantes r\u00e9gions touristiques aussi bien au sud qu\u2019au nord. De nombreux touristes se laissent s\u00e9duire avec plaisir par les innombrables attractions : Col du Grand-Saint-Bernard, excursions, sports d\u2019hiver et d\u2019\u00e9t\u00e9, faune, [&hellip;]\" \/>\n<meta property=\"og:url\" content=\"https:\/\/letunnel.com\/fr\/il-tunnel\/dove-siamo\/\" \/>\n<meta property=\"og:site_name\" content=\"Le Tunnel du Grand-Saint-Bernard\" \/>\n<meta property=\"article:modified_time\" content=\"2026-02-02T07:09:48+00:00\" \/>\n<meta property=\"og:image\" content=\"https:\/\/letunnel.com\/wp-content\/uploads\/2023\/04\/Arco-Augusto-Aosta.jpeg\" \/>\n\t<meta property=\"og:image:width\" content=\"700\" \/>\n\t<meta property=\"og:image:height\" content=\"525\" \/>\n\t<meta property=\"og:image:type\" content=\"image\/jpeg\" \/>\n<meta name=\"twitter:card\" content=\"summary_large_image\" \/>\n<meta name=\"twitter:label1\" content=\"Dur\u00e9e de lecture estim\u00e9e\" \/>\n\t<meta name=\"twitter:data1\" content=\"4 minutes\" \/>\n<script type=\"application\/ld+json\" class=\"yoast-schema-graph\">{\"@context\":\"https:\/\/schema.org\",\"@graph\":[{\"@type\":\"WebPage\",\"@id\":\"https:\/\/letunnel.com\/fr\/il-tunnel\/dove-siamo\/\",\"url\":\"https:\/\/letunnel.com\/fr\/il-tunnel\/dove-siamo\/\",\"name\":\"O\u00f9 nous sommes - Le Tunnel du Grand-Saint-Bernard\",\"isPartOf\":{\"@id\":\"https:\/\/letunnel.com\/#website\"},\"primaryImageOfPage\":{\"@id\":\"https:\/\/letunnel.com\/fr\/il-tunnel\/dove-siamo\/#primaryimage\"},\"image\":{\"@id\":\"https:\/\/letunnel.com\/fr\/il-tunnel\/dove-siamo\/#primaryimage\"},\"thumbnailUrl\":\"https:\/\/z57nbebsowx.preview.infomaniak.website\/wp-content\/uploads\/2023\/04\/Arco-Augusto-Aosta.jpeg\",\"datePublished\":\"2023-04-27T07:01:37+00:00\",\"dateModified\":\"2026-02-02T07:09:48+00:00\",\"breadcrumb\":{\"@id\":\"https:\/\/letunnel.com\/fr\/il-tunnel\/dove-siamo\/#breadcrumb\"},\"inLanguage\":\"fr-FR\",\"potentialAction\":[{\"@type\":\"ReadAction\",\"target\":[\"https:\/\/letunnel.com\/fr\/il-tunnel\/dove-siamo\/\"]}]},{\"@type\":\"ImageObject\",\"inLanguage\":\"fr-FR\",\"@id\":\"https:\/\/letunnel.com\/fr\/il-tunnel\/dove-siamo\/#primaryimage\",\"url\":\"https:\/\/z57nbebsowx.preview.infomaniak.website\/wp-content\/uploads\/2023\/04\/Arco-Augusto-Aosta.jpeg\",\"contentUrl\":\"https:\/\/z57nbebsowx.preview.infomaniak.website\/wp-content\/uploads\/2023\/04\/Arco-Augusto-Aosta.jpeg\"},{\"@type\":\"BreadcrumbList\",\"@id\":\"https:\/\/letunnel.com\/fr\/il-tunnel\/dove-siamo\/#breadcrumb\",\"itemListElement\":[{\"@type\":\"ListItem\",\"position\":1,\"name\":\"Home\",\"item\":\"https:\/\/letunnel.com\/fr\/\"},{\"@type\":\"ListItem\",\"position\":2,\"name\":\"Le tunnel\",\"item\":\"https:\/\/letunnel.com\/fr\/il-tunnel\/\"},{\"@type\":\"ListItem\",\"position\":3,\"name\":\"O\u00f9 nous sommes\"}]},{\"@type\":\"WebSite\",\"@id\":\"https:\/\/letunnel.com\/#website\",\"url\":\"https:\/\/letunnel.com\/\",\"name\":\"Le Tunnel du Grand-Saint-Bernard\",\"description\":\"Le Tunnel du Grand-Saint-Bernard\",\"publisher\":{\"@id\":\"https:\/\/letunnel.com\/#organization\"},\"potentialAction\":[{\"@type\":\"SearchAction\",\"target\":{\"@type\":\"EntryPoint\",\"urlTemplate\":\"https:\/\/letunnel.com\/?s={search_term_string}\"},\"query-input\":{\"@type\":\"PropertyValueSpecification\",\"valueRequired\":true,\"valueName\":\"search_term_string\"}}],\"inLanguage\":\"fr-FR\"},{\"@type\":\"Organization\",\"@id\":\"https:\/\/letunnel.com\/#organization\",\"name\":\"Le Tunnel du Grand-Saint-Bernard\",\"url\":\"https:\/\/letunnel.com\/\",\"logo\":{\"@type\":\"ImageObject\",\"inLanguage\":\"fr-FR\",\"@id\":\"https:\/\/letunnel.com\/#\/schema\/logo\/image\/\",\"url\":\"https:\/\/letunnel.com\/wp-content\/uploads\/2023\/10\/LOGO-2023-Tunnel-GS-Bernard-Bianco.png\",\"contentUrl\":\"https:\/\/letunnel.com\/wp-content\/uploads\/2023\/10\/LOGO-2023-Tunnel-GS-Bernard-Bianco.png\",\"width\":540,\"height\":480,\"caption\":\"Le Tunnel du Grand-Saint-Bernard\"},\"image\":{\"@id\":\"https:\/\/letunnel.com\/#\/schema\/logo\/image\/\"}}]}<\/script>\n<!-- \/ Yoast SEO plugin. -->","yoast_head_json":{"title":"O\u00f9 nous sommes - Le Tunnel du Grand-Saint-Bernard","robots":{"index":"index","follow":"follow","max-snippet":"max-snippet:-1","max-image-preview":"max-image-preview:large","max-video-preview":"max-video-preview:-1"},"canonical":"https:\/\/letunnel.com\/fr\/il-tunnel\/dove-siamo\/","og_locale":"fr_FR","og_type":"article","og_title":"O\u00f9 nous sommes - Le Tunnel du Grand-Saint-Bernard","og_description":"LA R\u00c9GION DU GRAND-SAINT-BERNARD BEAUCOUP DE TOURISTES SONT AGR\u00c9ABLEMENT S\u00c9DUITS &#8230; La route qui m\u00e8ne au tunnel du Grand-Saint-Bernard (link \u00e0 Google Maps) traverse d\u2019int\u00e9ressantes r\u00e9gions touristiques aussi bien au sud qu\u2019au nord. De nombreux touristes se laissent s\u00e9duire avec plaisir par les innombrables attractions : Col du Grand-Saint-Bernard, excursions, sports d\u2019hiver et d\u2019\u00e9t\u00e9, faune, [&hellip;]","og_url":"https:\/\/letunnel.com\/fr\/il-tunnel\/dove-siamo\/","og_site_name":"Le Tunnel du Grand-Saint-Bernard","article_modified_time":"2026-02-02T07:09:48+00:00","og_image":[{"width":700,"height":525,"url":"https:\/\/letunnel.com\/wp-content\/uploads\/2023\/04\/Arco-Augusto-Aosta.jpeg","type":"image\/jpeg"}],"twitter_card":"summary_large_image","twitter_misc":{"Dur\u00e9e de lecture estim\u00e9e":"4 minutes"},"schema":{"@context":"https:\/\/schema.org","@graph":[{"@type":"WebPage","@id":"https:\/\/letunnel.com\/fr\/il-tunnel\/dove-siamo\/","url":"https:\/\/letunnel.com\/fr\/il-tunnel\/dove-siamo\/","name":"O\u00f9 nous sommes - Le Tunnel du Grand-Saint-Bernard","isPartOf":{"@id":"https:\/\/letunnel.com\/#website"},"primaryImageOfPage":{"@id":"https:\/\/letunnel.com\/fr\/il-tunnel\/dove-siamo\/#primaryimage"},"image":{"@id":"https:\/\/letunnel.com\/fr\/il-tunnel\/dove-siamo\/#primaryimage"},"thumbnailUrl":"https:\/\/z57nbebsowx.preview.infomaniak.website\/wp-content\/uploads\/2023\/04\/Arco-Augusto-Aosta.jpeg","datePublished":"2023-04-27T07:01:37+00:00","dateModified":"2026-02-02T07:09:48+00:00","breadcrumb":{"@id":"https:\/\/letunnel.com\/fr\/il-tunnel\/dove-siamo\/#breadcrumb"},"inLanguage":"fr-FR","potentialAction":[{"@type":"ReadAction","target":["https:\/\/letunnel.com\/fr\/il-tunnel\/dove-siamo\/"]}]},{"@type":"ImageObject","inLanguage":"fr-FR","@id":"https:\/\/letunnel.com\/fr\/il-tunnel\/dove-siamo\/#primaryimage","url":"https:\/\/z57nbebsowx.preview.infomaniak.website\/wp-content\/uploads\/2023\/04\/Arco-Augusto-Aosta.jpeg","contentUrl":"https:\/\/z57nbebsowx.preview.infomaniak.website\/wp-content\/uploads\/2023\/04\/Arco-Augusto-Aosta.jpeg"},{"@type":"BreadcrumbList","@id":"https:\/\/letunnel.com\/fr\/il-tunnel\/dove-siamo\/#breadcrumb","itemListElement":[{"@type":"ListItem","position":1,"name":"Home","item":"https:\/\/letunnel.com\/fr\/"},{"@type":"ListItem","position":2,"name":"Le tunnel","item":"https:\/\/letunnel.com\/fr\/il-tunnel\/"},{"@type":"ListItem","position":3,"name":"O\u00f9 nous sommes"}]},{"@type":"WebSite","@id":"https:\/\/letunnel.com\/#website","url":"https:\/\/letunnel.com\/","name":"Le Tunnel du Grand-Saint-Bernard","description":"Le Tunnel du Grand-Saint-Bernard","publisher":{"@id":"https:\/\/letunnel.com\/#organization"},"potentialAction":[{"@type":"SearchAction","target":{"@type":"EntryPoint","urlTemplate":"https:\/\/letunnel.com\/?s={search_term_string}"},"query-input":{"@type":"PropertyValueSpecification","valueRequired":true,"valueName":"search_term_string"}}],"inLanguage":"fr-FR"},{"@type":"Organization","@id":"https:\/\/letunnel.com\/#organization","name":"Le Tunnel du Grand-Saint-Bernard","url":"https:\/\/letunnel.com\/","logo":{"@type":"ImageObject","inLanguage":"fr-FR","@id":"https:\/\/letunnel.com\/#\/schema\/logo\/image\/","url":"https:\/\/letunnel.com\/wp-content\/uploads\/2023\/10\/LOGO-2023-Tunnel-GS-Bernard-Bianco.png","contentUrl":"https:\/\/letunnel.com\/wp-content\/uploads\/2023\/10\/LOGO-2023-Tunnel-GS-Bernard-Bianco.png","width":540,"height":480,"caption":"Le Tunnel du Grand-Saint-Bernard"},"image":{"@id":"https:\/\/letunnel.com\/#\/schema\/logo\/image\/"}}]}},"coauthors":[],"author_meta":{"author_link":"https:\/\/letunnel.com\/fr\/author\/stefano\/","display_name":"Stefano"},"relative_dates":{"created":"Publi\u00e9 3 ans il y a","modified":"Mis \u00e0 jour 3 mois il y a"},"absolute_dates":{"created":"Publi\u00e9 le 27 avril 2023","modified":"Mise \u00e0 jour le 2 f\u00e9vrier 2026"},"absolute_dates_time":{"created":"Publi\u00e9 le 27 avril 2023 7:01 am","modified":"Mise \u00e0 jour le 2 f\u00e9vrier 2026 7:09 am"},"featured_img_caption":"","featured_img":false,"series_order":"","_links":{"self":[{"href":"https:\/\/letunnel.com\/fr\/wp-json\/wp\/v2\/pages\/1935","targetHints":{"allow":["GET"]}}],"collection":[{"href":"https:\/\/letunnel.com\/fr\/wp-json\/wp\/v2\/pages"}],"about":[{"href":"https:\/\/letunnel.com\/fr\/wp-json\/wp\/v2\/types\/page"}],"author":[{"embeddable":true,"href":"https:\/\/letunnel.com\/fr\/wp-json\/wp\/v2\/users\/1"}],"replies":[{"embeddable":true,"href":"https:\/\/letunnel.com\/fr\/wp-json\/wp\/v2\/comments?post=1935"}],"version-history":[{"count":2,"href":"https:\/\/letunnel.com\/fr\/wp-json\/wp\/v2\/pages\/1935\/revisions"}],"predecessor-version":[{"id":11623,"href":"https:\/\/letunnel.com\/fr\/wp-json\/wp\/v2\/pages\/1935\/revisions\/11623"}],"up":[{"embeddable":true,"href":"https:\/\/letunnel.com\/fr\/wp-json\/wp\/v2\/pages\/1927"}],"wp:attachment":[{"href":"https:\/\/letunnel.com\/fr\/wp-json\/wp\/v2\/media?parent=1935"}],"curies":[{"name":"wp","href":"https:\/\/api.w.org\/{rel}","templated":true}]}}