{"id":1941,"date":"2022-03-22T16:21:16","date_gmt":"2022-03-22T16:21:16","guid":{"rendered":"https:\/\/z57nbebsowx.preview.infomaniak.website\/il-tunnel\/le-strutture-del-tunnel\/"},"modified":"2023-11-07T13:53:51","modified_gmt":"2023-11-07T13:53:51","slug":"le-strutture-del-tunnel","status":"publish","type":"page","link":"https:\/\/letunnel.com\/fr\/il-tunnel\/le-strutture-del-tunnel\/","title":{"rendered":"Les structures"},"content":{"rendered":"\n<h2 class=\"wp-block-heading advgb-dyn-f073a7ea\">LA GESTION DES INSTALLATIONS ET DU TRAFIC<\/h2>\n\n\n\n<p>Le Tunnel du Grand-Saint-Bernard a une longueur de 5&rsquo;798 m et une chauss\u00e9e avec trafic bidirectionnel. Le portail nord est situ\u00e9 \u00e0 1&rsquo;918 m d\u2019altitude et le portail sud \u00e0 1&rsquo;875m. La gestion des installations et du trafic du Tunnel du Grand-Saint-Bernard est effectu\u00e9e par les deux Salles de Contr\u00f4le Nord et Sud situ\u00e9es dans les deux gares. Dans ces salles, op\u00e9rationnelles 24h\/24h, aboutissent toutes les informations concernant les diff\u00e9rentes installations techniques ainsi que les alarmes.<\/p>\n\n\n\n<p>L\u2019acc\u00e8s au tunnel est facilit\u00e9 par des routes d\u2019une largeur et d\u2019une pente appropri\u00e9es. A partir d\u2019une certaine altitude ces routes sont dot\u00e9es de galeries couvertes de protection contre les intemp\u00e9ries et les avalanches. La route d\u2019acc\u00e8s sur le versant italien a une longueur totale de 9&rsquo;900 m. La partie couverte, longue de 6&rsquo;150 m, rejoint directement le Tunnel et comprend les constructions de la gare et la plateforme de stationnement. Sur le versant suisse, la route couverte a une longueur de 5&rsquo;770m.<\/p>\n\n\n\n<p>Le tunnel du Grand-Saint-Bernard est \u00e9quip\u00e9 une galerie de s\u00e9curit\u00e9 et de service (<a href=\"https:\/\/z57nbebsowx.preview.infomaniak.website\/fr\/sistema-di-sicurezza\/galleria-di-sicurezza-e-servizio-gss\/\">GSS<\/a>), d\u00e9di\u00e9e \u00e0 l&rsquo;\u00e9vacuation en cas d&rsquo;urgence et \u00e0 l&rsquo;h\u00e9bergement des installations desservant le trafic routier.<\/p>\n\n\n\n<h2 class=\"wp-block-heading advgb-dyn-eb000337\">TUNNEL DU GRAND-SAINT-BERNARD | VID\u00c9O<br><a href=\"http:\/\/www.youtube.com\/embed\/tnRj0xvxVVw?html5=1\" target=\"_blank\" rel=\"noreferrer noopener\"><\/a><\/h2>\n\n\n\n<figure class=\"wp-block-embed is-type-video is-provider-youtube wp-block-embed-youtube wp-embed-aspect-4-3 wp-has-aspect-ratio\"><div class=\"wp-block-embed__wrapper\">\n<iframe title=\"Galleria di Servizio e Sicurezza - Il Tunnel del Gran San Bernardo | Italiano\" width=\"800\" height=\"600\" src=\"https:\/\/www.youtube.com\/embed\/tnRj0xvxVVw?feature=oembed\" frameborder=\"0\" allow=\"accelerometer; autoplay; clipboard-write; encrypted-media; gyroscope; picture-in-picture; web-share\" allowfullscreen><\/iframe>\n<\/div><\/figure>\n\n\n\n<h2 class=\"wp-block-heading advgb-dyn-c2136293\">GALERIE PHOTOGRAFIQUE<\/h2>\n\n\n\n<figure class=\"wp-block-gallery has-nested-images columns-4 is-cropped wp-block-gallery-1 is-layout-flex wp-block-gallery-is-layout-flex\">\n<figure class=\"wp-block-image size-thumbnail\"><a href=\"https:\/\/z57nbebsowx.preview.infomaniak.website\/wp-content\/uploads\/2022\/03\/Planimetria-impianti-di-sicurezza-.jpeg\"><img fetchpriority=\"high\" decoding=\"async\" width=\"300\" height=\"300\" data-id=\"222\" src=\"https:\/\/z57nbebsowx.preview.infomaniak.website\/wp-content\/uploads\/2022\/03\/Planimetria-impianti-di-sicurezza--300x300.jpeg\" alt=\"\" class=\"wp-image-222\"\/><\/a><\/figure>\n\n\n\n<figure class=\"wp-block-image size-thumbnail\"><a href=\"https:\/\/z57nbebsowx.preview.infomaniak.website\/wp-content\/uploads\/2022\/03\/Schema-di-ventilazione-.jpeg\"><img decoding=\"async\" width=\"300\" height=\"300\" data-id=\"220\" src=\"https:\/\/z57nbebsowx.preview.infomaniak.website\/wp-content\/uploads\/2022\/03\/Schema-di-ventilazione--300x300.jpeg\" alt=\"\" class=\"wp-image-220\"\/><\/a><\/figure>\n\n\n\n<figure class=\"wp-block-image size-thumbnail\"><a href=\"https:\/\/z57nbebsowx.preview.infomaniak.website\/wp-content\/uploads\/2022\/03\/Schema-longitudinale-.jpeg\"><img decoding=\"async\" data-id=\"221\" src=\"https:\/\/z57nbebsowx.preview.infomaniak.website\/wp-content\/uploads\/2022\/03\/Schema-longitudinale--300x300.jpeg\" alt=\"\" class=\"wp-image-221\"\/><\/a><\/figure>\n\n\n\n<figure class=\"wp-block-image size-thumbnail\"><a href=\"https:\/\/z57nbebsowx.preview.infomaniak.website\/wp-content\/uploads\/2022\/03\/Sezione-tipo-del-traforo-.jpeg\"><img decoding=\"async\" width=\"300\" height=\"300\" data-id=\"223\" src=\"https:\/\/z57nbebsowx.preview.infomaniak.website\/wp-content\/uploads\/2022\/03\/Sezione-tipo-del-traforo--300x300.jpeg\" alt=\"\" class=\"wp-image-223\"\/><\/a><\/figure>\n<\/figure>\n","protected":false},"excerpt":{"rendered":"<p>LA GESTION DES INSTALLATIONS ET DU TRAFIC Le Tunnel du Grand-Saint-Bernard a une longueur de 5&rsquo;798 m et une chauss\u00e9e avec trafic bidirectionnel. Le portail nord est situ\u00e9 \u00e0 1&rsquo;918 m d\u2019altitude et le portail sud \u00e0 1&rsquo;875m. La gestion des installations et du trafic du Tunnel du Grand-Saint-Bernard est effectu\u00e9e par les deux Salles [&hellip;]<\/p>\n","protected":false},"author":1,"featured_media":1299,"parent":1927,"menu_order":0,"comment_status":"closed","ping_status":"closed","template":"","meta":{"_acf_changed":false,"advgb_blocks_editor_width":"","advgb_blocks_columns_visual_guide":"","footnotes":""},"class_list":["post-1941","page","type-page","status-publish","has-post-thumbnail","hentry"],"acf":[],"yoast_head":"<!-- This site is optimized with the Yoast SEO plugin v25.3.1 - https:\/\/yoast.com\/wordpress\/plugins\/seo\/ -->\n<title>Les structures - Le Tunnel du Grand-Saint-Bernard<\/title>\n<meta name=\"robots\" content=\"index, follow, max-snippet:-1, max-image-preview:large, max-video-preview:-1\" \/>\n<link rel=\"canonical\" href=\"https:\/\/letunnel.com\/fr\/il-tunnel\/le-strutture-del-tunnel\/\" \/>\n<meta property=\"og:locale\" content=\"fr_FR\" \/>\n<meta property=\"og:type\" content=\"article\" \/>\n<meta property=\"og:title\" content=\"Les structures - Le Tunnel du Grand-Saint-Bernard\" \/>\n<meta property=\"og:description\" content=\"LA GESTION DES INSTALLATIONS ET DU TRAFIC Le Tunnel du Grand-Saint-Bernard a une longueur de 5&rsquo;798 m et une chauss\u00e9e avec trafic bidirectionnel. Le portail nord est situ\u00e9 \u00e0 1&rsquo;918 m d\u2019altitude et le portail sud \u00e0 1&rsquo;875m. La gestion des installations et du trafic du Tunnel du Grand-Saint-Bernard est effectu\u00e9e par les deux Salles [&hellip;]\" \/>\n<meta property=\"og:url\" content=\"https:\/\/letunnel.com\/fr\/il-tunnel\/le-strutture-del-tunnel\/\" \/>\n<meta property=\"og:site_name\" content=\"Le Tunnel du Grand-Saint-Bernard\" \/>\n<meta property=\"article:modified_time\" content=\"2023-11-07T13:53:51+00:00\" \/>\n<meta property=\"og:image\" content=\"https:\/\/letunnel.com\/wp-content\/uploads\/2022\/03\/Le-tunnel-foto-galleria.jpg\" \/>\n\t<meta property=\"og:image:width\" content=\"1600\" \/>\n\t<meta property=\"og:image:height\" content=\"1067\" \/>\n\t<meta property=\"og:image:type\" content=\"image\/jpeg\" \/>\n<meta name=\"twitter:card\" content=\"summary_large_image\" \/>\n<meta name=\"twitter:label1\" content=\"Dur\u00e9e de lecture estim\u00e9e\" \/>\n\t<meta name=\"twitter:data1\" content=\"2 minutes\" \/>\n<script type=\"application\/ld+json\" class=\"yoast-schema-graph\">{\"@context\":\"https:\/\/schema.org\",\"@graph\":[{\"@type\":\"WebPage\",\"@id\":\"https:\/\/letunnel.com\/fr\/il-tunnel\/le-strutture-del-tunnel\/\",\"url\":\"https:\/\/letunnel.com\/fr\/il-tunnel\/le-strutture-del-tunnel\/\",\"name\":\"Les structures - Le Tunnel du Grand-Saint-Bernard\",\"isPartOf\":{\"@id\":\"https:\/\/letunnel.com\/#website\"},\"primaryImageOfPage\":{\"@id\":\"https:\/\/letunnel.com\/fr\/il-tunnel\/le-strutture-del-tunnel\/#primaryimage\"},\"image\":{\"@id\":\"https:\/\/letunnel.com\/fr\/il-tunnel\/le-strutture-del-tunnel\/#primaryimage\"},\"thumbnailUrl\":\"https:\/\/letunnel.com\/wp-content\/uploads\/2022\/03\/Le-tunnel-foto-galleria.jpg\",\"datePublished\":\"2022-03-22T16:21:16+00:00\",\"dateModified\":\"2023-11-07T13:53:51+00:00\",\"breadcrumb\":{\"@id\":\"https:\/\/letunnel.com\/fr\/il-tunnel\/le-strutture-del-tunnel\/#breadcrumb\"},\"inLanguage\":\"fr-FR\",\"potentialAction\":[{\"@type\":\"ReadAction\",\"target\":[\"https:\/\/letunnel.com\/fr\/il-tunnel\/le-strutture-del-tunnel\/\"]}]},{\"@type\":\"ImageObject\",\"inLanguage\":\"fr-FR\",\"@id\":\"https:\/\/letunnel.com\/fr\/il-tunnel\/le-strutture-del-tunnel\/#primaryimage\",\"url\":\"https:\/\/letunnel.com\/wp-content\/uploads\/2022\/03\/Le-tunnel-foto-galleria.jpg\",\"contentUrl\":\"https:\/\/letunnel.com\/wp-content\/uploads\/2022\/03\/Le-tunnel-foto-galleria.jpg\",\"width\":1600,\"height\":1067},{\"@type\":\"BreadcrumbList\",\"@id\":\"https:\/\/letunnel.com\/fr\/il-tunnel\/le-strutture-del-tunnel\/#breadcrumb\",\"itemListElement\":[{\"@type\":\"ListItem\",\"position\":1,\"name\":\"Home\",\"item\":\"https:\/\/letunnel.com\/\"},{\"@type\":\"ListItem\",\"position\":2,\"name\":\"Le tunnel\",\"item\":\"https:\/\/letunnel.com\/fr\/il-tunnel\/\"},{\"@type\":\"ListItem\",\"position\":3,\"name\":\"Les structures\"}]},{\"@type\":\"WebSite\",\"@id\":\"https:\/\/letunnel.com\/#website\",\"url\":\"https:\/\/letunnel.com\/\",\"name\":\"Le Tunnel du Grand-Saint-Bernard\",\"description\":\"Le Tunnel du Grand-Saint-Bernard\",\"publisher\":{\"@id\":\"https:\/\/letunnel.com\/#organization\"},\"potentialAction\":[{\"@type\":\"SearchAction\",\"target\":{\"@type\":\"EntryPoint\",\"urlTemplate\":\"https:\/\/letunnel.com\/?s={search_term_string}\"},\"query-input\":{\"@type\":\"PropertyValueSpecification\",\"valueRequired\":true,\"valueName\":\"search_term_string\"}}],\"inLanguage\":\"fr-FR\"},{\"@type\":\"Organization\",\"@id\":\"https:\/\/letunnel.com\/#organization\",\"name\":\"Le Tunnel du Grand-Saint-Bernard\",\"url\":\"https:\/\/letunnel.com\/\",\"logo\":{\"@type\":\"ImageObject\",\"inLanguage\":\"fr-FR\",\"@id\":\"https:\/\/letunnel.com\/#\/schema\/logo\/image\/\",\"url\":\"https:\/\/letunnel.com\/wp-content\/uploads\/2023\/10\/LOGO-2023-Tunnel-GS-Bernard-Bianco.png\",\"contentUrl\":\"https:\/\/letunnel.com\/wp-content\/uploads\/2023\/10\/LOGO-2023-Tunnel-GS-Bernard-Bianco.png\",\"width\":540,\"height\":480,\"caption\":\"Le Tunnel du Grand-Saint-Bernard\"},\"image\":{\"@id\":\"https:\/\/letunnel.com\/#\/schema\/logo\/image\/\"}}]}<\/script>\n<!-- \/ Yoast SEO plugin. -->","yoast_head_json":{"title":"Les structures - Le Tunnel du Grand-Saint-Bernard","robots":{"index":"index","follow":"follow","max-snippet":"max-snippet:-1","max-image-preview":"max-image-preview:large","max-video-preview":"max-video-preview:-1"},"canonical":"https:\/\/letunnel.com\/fr\/il-tunnel\/le-strutture-del-tunnel\/","og_locale":"fr_FR","og_type":"article","og_title":"Les structures - Le Tunnel du Grand-Saint-Bernard","og_description":"LA GESTION DES INSTALLATIONS ET DU TRAFIC Le Tunnel du Grand-Saint-Bernard a une longueur de 5&rsquo;798 m et une chauss\u00e9e avec trafic bidirectionnel. Le portail nord est situ\u00e9 \u00e0 1&rsquo;918 m d\u2019altitude et le portail sud \u00e0 1&rsquo;875m. La gestion des installations et du trafic du Tunnel du Grand-Saint-Bernard est effectu\u00e9e par les deux Salles [&hellip;]","og_url":"https:\/\/letunnel.com\/fr\/il-tunnel\/le-strutture-del-tunnel\/","og_site_name":"Le Tunnel du Grand-Saint-Bernard","article_modified_time":"2023-11-07T13:53:51+00:00","og_image":[{"width":1600,"height":1067,"url":"https:\/\/letunnel.com\/wp-content\/uploads\/2022\/03\/Le-tunnel-foto-galleria.jpg","type":"image\/jpeg"}],"twitter_card":"summary_large_image","twitter_misc":{"Dur\u00e9e de lecture estim\u00e9e":"2 minutes"},"schema":{"@context":"https:\/\/schema.org","@graph":[{"@type":"WebPage","@id":"https:\/\/letunnel.com\/fr\/il-tunnel\/le-strutture-del-tunnel\/","url":"https:\/\/letunnel.com\/fr\/il-tunnel\/le-strutture-del-tunnel\/","name":"Les structures - Le Tunnel du Grand-Saint-Bernard","isPartOf":{"@id":"https:\/\/letunnel.com\/#website"},"primaryImageOfPage":{"@id":"https:\/\/letunnel.com\/fr\/il-tunnel\/le-strutture-del-tunnel\/#primaryimage"},"image":{"@id":"https:\/\/letunnel.com\/fr\/il-tunnel\/le-strutture-del-tunnel\/#primaryimage"},"thumbnailUrl":"https:\/\/letunnel.com\/wp-content\/uploads\/2022\/03\/Le-tunnel-foto-galleria.jpg","datePublished":"2022-03-22T16:21:16+00:00","dateModified":"2023-11-07T13:53:51+00:00","breadcrumb":{"@id":"https:\/\/letunnel.com\/fr\/il-tunnel\/le-strutture-del-tunnel\/#breadcrumb"},"inLanguage":"fr-FR","potentialAction":[{"@type":"ReadAction","target":["https:\/\/letunnel.com\/fr\/il-tunnel\/le-strutture-del-tunnel\/"]}]},{"@type":"ImageObject","inLanguage":"fr-FR","@id":"https:\/\/letunnel.com\/fr\/il-tunnel\/le-strutture-del-tunnel\/#primaryimage","url":"https:\/\/letunnel.com\/wp-content\/uploads\/2022\/03\/Le-tunnel-foto-galleria.jpg","contentUrl":"https:\/\/letunnel.com\/wp-content\/uploads\/2022\/03\/Le-tunnel-foto-galleria.jpg","width":1600,"height":1067},{"@type":"BreadcrumbList","@id":"https:\/\/letunnel.com\/fr\/il-tunnel\/le-strutture-del-tunnel\/#breadcrumb","itemListElement":[{"@type":"ListItem","position":1,"name":"Home","item":"https:\/\/letunnel.com\/"},{"@type":"ListItem","position":2,"name":"Le tunnel","item":"https:\/\/letunnel.com\/fr\/il-tunnel\/"},{"@type":"ListItem","position":3,"name":"Les structures"}]},{"@type":"WebSite","@id":"https:\/\/letunnel.com\/#website","url":"https:\/\/letunnel.com\/","name":"Le Tunnel du Grand-Saint-Bernard","description":"Le Tunnel du Grand-Saint-Bernard","publisher":{"@id":"https:\/\/letunnel.com\/#organization"},"potentialAction":[{"@type":"SearchAction","target":{"@type":"EntryPoint","urlTemplate":"https:\/\/letunnel.com\/?s={search_term_string}"},"query-input":{"@type":"PropertyValueSpecification","valueRequired":true,"valueName":"search_term_string"}}],"inLanguage":"fr-FR"},{"@type":"Organization","@id":"https:\/\/letunnel.com\/#organization","name":"Le Tunnel du Grand-Saint-Bernard","url":"https:\/\/letunnel.com\/","logo":{"@type":"ImageObject","inLanguage":"fr-FR","@id":"https:\/\/letunnel.com\/#\/schema\/logo\/image\/","url":"https:\/\/letunnel.com\/wp-content\/uploads\/2023\/10\/LOGO-2023-Tunnel-GS-Bernard-Bianco.png","contentUrl":"https:\/\/letunnel.com\/wp-content\/uploads\/2023\/10\/LOGO-2023-Tunnel-GS-Bernard-Bianco.png","width":540,"height":480,"caption":"Le Tunnel du Grand-Saint-Bernard"},"image":{"@id":"https:\/\/letunnel.com\/#\/schema\/logo\/image\/"}}]}},"coauthors":[],"author_meta":{"author_link":"https:\/\/letunnel.com\/fr\/author\/stefano\/","display_name":"Stefano"},"relative_dates":{"created":"Publi\u00e9 4 ans il y a","modified":"Mis \u00e0 jour 2 ans il y a"},"absolute_dates":{"created":"Publi\u00e9 le 22 mars 2022","modified":"Mise \u00e0 jour le 7 novembre 2023"},"absolute_dates_time":{"created":"Publi\u00e9 le 22 mars 2022 4:21 pm","modified":"Mise \u00e0 jour le 7 novembre 2023 1:53 pm"},"featured_img_caption":"","featured_img":"https:\/\/letunnel.com\/wp-content\/uploads\/2022\/03\/Le-tunnel-foto-galleria.jpg","series_order":"","_links":{"self":[{"href":"https:\/\/letunnel.com\/fr\/wp-json\/wp\/v2\/pages\/1941","targetHints":{"allow":["GET"]}}],"collection":[{"href":"https:\/\/letunnel.com\/fr\/wp-json\/wp\/v2\/pages"}],"about":[{"href":"https:\/\/letunnel.com\/fr\/wp-json\/wp\/v2\/types\/page"}],"author":[{"embeddable":true,"href":"https:\/\/letunnel.com\/fr\/wp-json\/wp\/v2\/users\/1"}],"replies":[{"embeddable":true,"href":"https:\/\/letunnel.com\/fr\/wp-json\/wp\/v2\/comments?post=1941"}],"version-history":[{"count":2,"href":"https:\/\/letunnel.com\/fr\/wp-json\/wp\/v2\/pages\/1941\/revisions"}],"predecessor-version":[{"id":6568,"href":"https:\/\/letunnel.com\/fr\/wp-json\/wp\/v2\/pages\/1941\/revisions\/6568"}],"up":[{"embeddable":true,"href":"https:\/\/letunnel.com\/fr\/wp-json\/wp\/v2\/pages\/1927"}],"wp:featuredmedia":[{"embeddable":true,"href":"https:\/\/letunnel.com\/fr\/wp-json\/wp\/v2\/media\/1299"}],"wp:attachment":[{"href":"https:\/\/letunnel.com\/fr\/wp-json\/wp\/v2\/media?parent=1941"}],"curies":[{"name":"wp","href":"https:\/\/api.w.org\/{rel}","templated":true}]}}