{"id":2078,"date":"2022-03-14T08:20:48","date_gmt":"2022-03-14T08:20:48","guid":{"rendered":"https:\/\/z57nbebsowx.preview.infomaniak.website\/privacy-policy\/"},"modified":"2023-11-16T10:50:08","modified_gmt":"2023-11-16T10:50:08","slug":"privacy-policy","status":"publish","type":"page","link":"https:\/\/letunnel.com\/fr\/privacy-policy\/","title":{"rendered":"PRIVACY"},"content":{"rendered":"\n<h2 class=\"wp-block-heading\"><strong>Informations sur le traitement des donn\u00e9es \u00e0 caract\u00e8re personnel<br>conform\u00e9ment \u00e0 l&rsquo;article 13 du r\u00e8glement (UE) 2016\/679<\/strong>.<\/h2>\n\n\n\n<p><br>En application du R\u00e8glement (UE) 2016\/679 (ci-apr\u00e8s le \u00a0\u00bb R\u00e8glement \u00ab\u00a0), cette page d\u00e9crit comment sont trait\u00e9es les donn\u00e9es \u00e0 caract\u00e8re personnel des utilisateurs consultant le site www.letunnel.com de SISEX S.A. (ci-apr\u00e8s SISEX).<\/p>\n\n\n\n<p>Ces informations ne concernent pas les autres sites, pages ou services en ligne accessibles par des liens hypertextes \u00e9ventuellement publi\u00e9s sur les sites mais renvoyant \u00e0 des ressources ext\u00e9rieures au domaine de SISEX.<\/p>\n\n\n\n<p><\/p>\n\n\n\n<p>RESPONSABLE DU TRAITEMENT<\/p>\n\n\n\n<p>Le responsable du traitement est SISEX S.A. dont le si\u00e8ge social est situ\u00e9 en SUISSE \u00e0 1946 Bourg-Saint-Pierre.<\/p>\n\n\n\n<p><\/p>\n\n\n\n<p>FINALIT\u00c9 ET BASE JURIDIQUE DU TRAITEMENT<\/p>\n\n\n\n<p>Les donn\u00e9es personnelles indiqu\u00e9es sur cette page sont trait\u00e9es par SISEX afin de v\u00e9rifier le bon fonctionnement du site ou de r\u00e9pondre aux exigences des utilisateurs ou de fournir le service. La prestation du service demand\u00e9 par les utilisateurs est donc la base juridique du traitement.<\/p>\n\n\n\n<p><\/p>\n\n\n\n<p>TYPES DE DONNEES TRAITEES ET FINALITES DU TRAITEMENT<br>Donn\u00e9es de navigation<br>Les syst\u00e8mes informatiques et les proc\u00e9dures des logiciels utilis\u00e9s pour faire fonctionner ce site acqui\u00e8rent, au cours de leur fonctionnement normal, certaines donn\u00e9es personnelles dont la transmission est implicite dans l&rsquo;utilisation des protocoles de communication d&rsquo;Internet.<br>Cette cat\u00e9gorie de donn\u00e9es comprend les adresses IP ou les noms de domaine des ordinateurs et des terminaux utilis\u00e9s par les utilisateurs, les adresses en notation URI\/URL (Uniform Resource Identifier\/Locator) des ressources demand\u00e9es, l&rsquo;heure de la demande, la m\u00e9thode utilis\u00e9e pour soumettre la demande au serveur, la taille du fichier obtenu en r\u00e9ponse, le code num\u00e9rique indiquant l&rsquo;\u00e9tat de la r\u00e9ponse donn\u00e9e par le serveur (succ\u00e8s, erreur, etc.) et d&rsquo;autres param\u00e8tres relatifs au syst\u00e8me d&rsquo;exploitation et \u00e0 l&rsquo;environnement informatique de l&rsquo;utilisateur.<br>Ces donn\u00e9es, n\u00e9cessaires \u00e0 l&rsquo;utilisation des services web, sont \u00e9galement trait\u00e9es pour<\/p>\n\n\n\n<ul class=\"wp-block-list\">\n<li>obtenir des informations statistiques sur l&rsquo;utilisation des services (pages les plus visit\u00e9es, nombre de visiteurs par tranche horaire ou par jour, zones g\u00e9ographiques d&rsquo;origine, etc.)<\/li>\n\n\n\n<li>v\u00e9rifier le bon fonctionnement des services offerts.<\/li>\n<\/ul>\n\n\n\n<p>Les donn\u00e9es de navigation sont supprim\u00e9es imm\u00e9diatement apr\u00e8s leur collecte (sauf en cas de n\u00e9cessit\u00e9 de constatation de d\u00e9lits par les autorit\u00e9s judiciaires).<br>Cookies et autres syst\u00e8mes de tra\u00e7age<br>Les cookies ne sont pas utilis\u00e9s pour \u00e9tablir le profil des utilisateurs, pas plus que d&rsquo;autres m\u00e9thodes de tra\u00e7age. Nous utilisons plut\u00f4t<\/p>\n\n\n\n<ol class=\"wp-block-list\">\n<li>des cookies techniques de session (non persistants) strictement limit\u00e9s \u00e0 ce qui est n\u00e9cessaire pour une navigation s\u00fbre et efficace sur les sites. Ces cookies garantissent une navigation et une utilisation normales du site web ;<\/li>\n\n\n\n<li>des cookies techniques \u00ab\u00a0analytiques\u00a0\u00bb, pour collecter des informations, sous forme regroup\u00e9e et anonyme, sur l&rsquo;utilisation du site par les usagers. Ces informations sont trait\u00e9es afin d&rsquo;am\u00e9liorer le fonctionnement du site et de rendre son contenu plus int\u00e9ressant et plus adapt\u00e9 aux souhaits des usagers. Les cookies analytiques sont envoy\u00e9s par le site lui-m\u00eame ou par des domaines tiers.<\/li>\n<\/ol>\n\n\n\n<p>L&rsquo;installation de ces cookies ne n\u00e9cessite pas le pr\u00e9alable consentement de l&rsquo;utilisateur ; en effet, le stockage des cookies de session dans le terminal ou le navigateur de ce dernier est sous son contr\u00f4le, ce qui peut bloquer l&rsquo;installation des cookies techniques. Toutefois, l&rsquo;absence de cookies techniques peut affecter la possibilit\u00e9 d&rsquo;acc\u00e9der au site, de l&rsquo;utiliser en tout ou en partie, d&rsquo;activer ou de d\u00e9sactiver certaines fonctions.<\/p>\n\n\n\n<p><\/p>\n\n\n\n<p>DESTINATAIRES DES DONN\u00c9ES<\/p>\n\n\n\n<p>Les destinataires des donn\u00e9es collect\u00e9es sur le site www.letunnel.com sont les sujets qui fournissent \u00e0 SISEX les services de d\u00e9veloppement et de maintenance des plates-formes web et les services de d\u00e9veloppement, de r\u00e9alisation et de gestion op\u00e9rationnelle des plates-formes technologiques utilis\u00e9es. Ces sujets sont d\u00e9sign\u00e9s par SISEX comme responsables du traitement des donn\u00e9es.<\/p>\n\n\n\n<p><\/p>\n\n\n\n<p>DROITS DES PERSONNES CONCERN\u00c9ES<br>Conform\u00e9ment aux articles 15 et suivants du r\u00e8glement (UE) 2016\/679, la personne concern\u00e9e dispose \u00e0 tout moment d&rsquo;un droit d&rsquo;acc\u00e8s, de rectification, de mise \u00e0 jour, de compl\u00e9ment, d&rsquo;effacement, de limitation et d&rsquo;opposition au traitement des donn\u00e9es en adressant une demande \u00e9crite au responsable du traitement.<br>Elle a \u00e9galement le droit, si elle le juge opportun, de d\u00e9poser une plainte aupr\u00e8s de l&rsquo;autorit\u00e9 charg\u00e9e de la protection des donn\u00e9es en ce qui concerne le traitement de ses donn\u00e9es effectu\u00e9 par SISEX.<\/p>\n","protected":false},"excerpt":{"rendered":"<p>Informations sur le traitement des donn\u00e9es \u00e0 caract\u00e8re personnelconform\u00e9ment \u00e0 l&rsquo;article 13 du r\u00e8glement (UE) 2016\/679. En application du R\u00e8glement (UE) 2016\/679 (ci-apr\u00e8s le \u00a0\u00bb R\u00e8glement \u00ab\u00a0), cette page d\u00e9crit comment sont trait\u00e9es les donn\u00e9es \u00e0 caract\u00e8re personnel des utilisateurs consultant le site www.letunnel.com de SISEX S.A. (ci-apr\u00e8s SISEX). Ces informations ne concernent pas les [&hellip;]<\/p>\n","protected":false},"author":1,"featured_media":0,"parent":0,"menu_order":0,"comment_status":"closed","ping_status":"open","template":"","meta":{"_acf_changed":false,"advgb_blocks_editor_width":"","advgb_blocks_columns_visual_guide":"","footnotes":""},"class_list":["post-2078","page","type-page","status-publish","hentry"],"acf":[],"yoast_head":"<!-- This site is optimized with the Yoast SEO plugin v25.3.1 - https:\/\/yoast.com\/wordpress\/plugins\/seo\/ -->\n<title>PRIVACY - Le Tunnel du Grand-Saint-Bernard<\/title>\n<meta name=\"robots\" content=\"index, follow, max-snippet:-1, max-image-preview:large, max-video-preview:-1\" \/>\n<link rel=\"canonical\" href=\"https:\/\/letunnel.com\/fr\/privacy-policy\/\" \/>\n<meta property=\"og:locale\" content=\"fr_FR\" \/>\n<meta property=\"og:type\" content=\"article\" \/>\n<meta property=\"og:title\" content=\"PRIVACY - Le Tunnel du Grand-Saint-Bernard\" \/>\n<meta property=\"og:description\" content=\"Informations sur le traitement des donn\u00e9es \u00e0 caract\u00e8re personnelconform\u00e9ment \u00e0 l&rsquo;article 13 du r\u00e8glement (UE) 2016\/679. En application du R\u00e8glement (UE) 2016\/679 (ci-apr\u00e8s le \u00a0\u00bb R\u00e8glement \u00ab\u00a0), cette page d\u00e9crit comment sont trait\u00e9es les donn\u00e9es \u00e0 caract\u00e8re personnel des utilisateurs consultant le site www.letunnel.com de SISEX S.A. (ci-apr\u00e8s SISEX). Ces informations ne concernent pas les [&hellip;]\" \/>\n<meta property=\"og:url\" content=\"https:\/\/letunnel.com\/fr\/privacy-policy\/\" \/>\n<meta property=\"og:site_name\" content=\"Le Tunnel du Grand-Saint-Bernard\" \/>\n<meta property=\"article:modified_time\" content=\"2023-11-16T10:50:08+00:00\" \/>\n<meta name=\"twitter:card\" content=\"summary_large_image\" \/>\n<meta name=\"twitter:label1\" content=\"Dur\u00e9e de lecture estim\u00e9e\" \/>\n\t<meta name=\"twitter:data1\" content=\"4 minutes\" \/>\n<script type=\"application\/ld+json\" class=\"yoast-schema-graph\">{\"@context\":\"https:\/\/schema.org\",\"@graph\":[{\"@type\":\"WebPage\",\"@id\":\"https:\/\/letunnel.com\/fr\/privacy-policy\/\",\"url\":\"https:\/\/letunnel.com\/fr\/privacy-policy\/\",\"name\":\"PRIVACY - Le Tunnel du Grand-Saint-Bernard\",\"isPartOf\":{\"@id\":\"https:\/\/letunnel.com\/#website\"},\"datePublished\":\"2022-03-14T08:20:48+00:00\",\"dateModified\":\"2023-11-16T10:50:08+00:00\",\"breadcrumb\":{\"@id\":\"https:\/\/letunnel.com\/fr\/privacy-policy\/#breadcrumb\"},\"inLanguage\":\"fr-FR\",\"potentialAction\":[{\"@type\":\"ReadAction\",\"target\":[\"https:\/\/letunnel.com\/fr\/privacy-policy\/\"]}]},{\"@type\":\"BreadcrumbList\",\"@id\":\"https:\/\/letunnel.com\/fr\/privacy-policy\/#breadcrumb\",\"itemListElement\":[{\"@type\":\"ListItem\",\"position\":1,\"name\":\"Home\",\"item\":\"https:\/\/letunnel.com\/\"},{\"@type\":\"ListItem\",\"position\":2,\"name\":\"PRIVACY\"}]},{\"@type\":\"WebSite\",\"@id\":\"https:\/\/letunnel.com\/#website\",\"url\":\"https:\/\/letunnel.com\/\",\"name\":\"Le Tunnel du Grand-Saint-Bernard\",\"description\":\"Le Tunnel du Grand-Saint-Bernard\",\"publisher\":{\"@id\":\"https:\/\/letunnel.com\/#organization\"},\"potentialAction\":[{\"@type\":\"SearchAction\",\"target\":{\"@type\":\"EntryPoint\",\"urlTemplate\":\"https:\/\/letunnel.com\/?s={search_term_string}\"},\"query-input\":{\"@type\":\"PropertyValueSpecification\",\"valueRequired\":true,\"valueName\":\"search_term_string\"}}],\"inLanguage\":\"fr-FR\"},{\"@type\":\"Organization\",\"@id\":\"https:\/\/letunnel.com\/#organization\",\"name\":\"Le Tunnel du Grand-Saint-Bernard\",\"url\":\"https:\/\/letunnel.com\/\",\"logo\":{\"@type\":\"ImageObject\",\"inLanguage\":\"fr-FR\",\"@id\":\"https:\/\/letunnel.com\/#\/schema\/logo\/image\/\",\"url\":\"https:\/\/letunnel.com\/wp-content\/uploads\/2023\/10\/LOGO-2023-Tunnel-GS-Bernard-Bianco.png\",\"contentUrl\":\"https:\/\/letunnel.com\/wp-content\/uploads\/2023\/10\/LOGO-2023-Tunnel-GS-Bernard-Bianco.png\",\"width\":540,\"height\":480,\"caption\":\"Le Tunnel du Grand-Saint-Bernard\"},\"image\":{\"@id\":\"https:\/\/letunnel.com\/#\/schema\/logo\/image\/\"}}]}<\/script>\n<!-- \/ Yoast SEO plugin. -->","yoast_head_json":{"title":"PRIVACY - Le Tunnel du Grand-Saint-Bernard","robots":{"index":"index","follow":"follow","max-snippet":"max-snippet:-1","max-image-preview":"max-image-preview:large","max-video-preview":"max-video-preview:-1"},"canonical":"https:\/\/letunnel.com\/fr\/privacy-policy\/","og_locale":"fr_FR","og_type":"article","og_title":"PRIVACY - Le Tunnel du Grand-Saint-Bernard","og_description":"Informations sur le traitement des donn\u00e9es \u00e0 caract\u00e8re personnelconform\u00e9ment \u00e0 l&rsquo;article 13 du r\u00e8glement (UE) 2016\/679. En application du R\u00e8glement (UE) 2016\/679 (ci-apr\u00e8s le \u00a0\u00bb R\u00e8glement \u00ab\u00a0), cette page d\u00e9crit comment sont trait\u00e9es les donn\u00e9es \u00e0 caract\u00e8re personnel des utilisateurs consultant le site www.letunnel.com de SISEX S.A. (ci-apr\u00e8s SISEX). Ces informations ne concernent pas les [&hellip;]","og_url":"https:\/\/letunnel.com\/fr\/privacy-policy\/","og_site_name":"Le Tunnel du Grand-Saint-Bernard","article_modified_time":"2023-11-16T10:50:08+00:00","twitter_card":"summary_large_image","twitter_misc":{"Dur\u00e9e de lecture estim\u00e9e":"4 minutes"},"schema":{"@context":"https:\/\/schema.org","@graph":[{"@type":"WebPage","@id":"https:\/\/letunnel.com\/fr\/privacy-policy\/","url":"https:\/\/letunnel.com\/fr\/privacy-policy\/","name":"PRIVACY - Le Tunnel du Grand-Saint-Bernard","isPartOf":{"@id":"https:\/\/letunnel.com\/#website"},"datePublished":"2022-03-14T08:20:48+00:00","dateModified":"2023-11-16T10:50:08+00:00","breadcrumb":{"@id":"https:\/\/letunnel.com\/fr\/privacy-policy\/#breadcrumb"},"inLanguage":"fr-FR","potentialAction":[{"@type":"ReadAction","target":["https:\/\/letunnel.com\/fr\/privacy-policy\/"]}]},{"@type":"BreadcrumbList","@id":"https:\/\/letunnel.com\/fr\/privacy-policy\/#breadcrumb","itemListElement":[{"@type":"ListItem","position":1,"name":"Home","item":"https:\/\/letunnel.com\/"},{"@type":"ListItem","position":2,"name":"PRIVACY"}]},{"@type":"WebSite","@id":"https:\/\/letunnel.com\/#website","url":"https:\/\/letunnel.com\/","name":"Le Tunnel du Grand-Saint-Bernard","description":"Le Tunnel du Grand-Saint-Bernard","publisher":{"@id":"https:\/\/letunnel.com\/#organization"},"potentialAction":[{"@type":"SearchAction","target":{"@type":"EntryPoint","urlTemplate":"https:\/\/letunnel.com\/?s={search_term_string}"},"query-input":{"@type":"PropertyValueSpecification","valueRequired":true,"valueName":"search_term_string"}}],"inLanguage":"fr-FR"},{"@type":"Organization","@id":"https:\/\/letunnel.com\/#organization","name":"Le Tunnel du Grand-Saint-Bernard","url":"https:\/\/letunnel.com\/","logo":{"@type":"ImageObject","inLanguage":"fr-FR","@id":"https:\/\/letunnel.com\/#\/schema\/logo\/image\/","url":"https:\/\/letunnel.com\/wp-content\/uploads\/2023\/10\/LOGO-2023-Tunnel-GS-Bernard-Bianco.png","contentUrl":"https:\/\/letunnel.com\/wp-content\/uploads\/2023\/10\/LOGO-2023-Tunnel-GS-Bernard-Bianco.png","width":540,"height":480,"caption":"Le Tunnel du Grand-Saint-Bernard"},"image":{"@id":"https:\/\/letunnel.com\/#\/schema\/logo\/image\/"}}]}},"coauthors":[],"author_meta":{"author_link":"https:\/\/letunnel.com\/fr\/author\/stefano\/","display_name":"Stefano"},"relative_dates":{"created":"Publi\u00e9 4 ans il y a","modified":"Mis \u00e0 jour 2 ans il y a"},"absolute_dates":{"created":"Publi\u00e9 le 14 mars 2022","modified":"Mise \u00e0 jour le 16 novembre 2023"},"absolute_dates_time":{"created":"Publi\u00e9 le 14 mars 2022 8:20 am","modified":"Mise \u00e0 jour le 16 novembre 2023 10:50 am"},"featured_img_caption":"","featured_img":false,"series_order":"","_links":{"self":[{"href":"https:\/\/letunnel.com\/fr\/wp-json\/wp\/v2\/pages\/2078","targetHints":{"allow":["GET"]}}],"collection":[{"href":"https:\/\/letunnel.com\/fr\/wp-json\/wp\/v2\/pages"}],"about":[{"href":"https:\/\/letunnel.com\/fr\/wp-json\/wp\/v2\/types\/page"}],"author":[{"embeddable":true,"href":"https:\/\/letunnel.com\/fr\/wp-json\/wp\/v2\/users\/1"}],"replies":[{"embeddable":true,"href":"https:\/\/letunnel.com\/fr\/wp-json\/wp\/v2\/comments?post=2078"}],"version-history":[{"count":2,"href":"https:\/\/letunnel.com\/fr\/wp-json\/wp\/v2\/pages\/2078\/revisions"}],"predecessor-version":[{"id":6655,"href":"https:\/\/letunnel.com\/fr\/wp-json\/wp\/v2\/pages\/2078\/revisions\/6655"}],"wp:attachment":[{"href":"https:\/\/letunnel.com\/fr\/wp-json\/wp\/v2\/media?parent=2078"}],"curies":[{"name":"wp","href":"https:\/\/api.w.org\/{rel}","templated":true}]}}