{"id":2088,"date":"2022-03-28T08:06:19","date_gmt":"2022-03-28T08:06:19","guid":{"rendered":"https:\/\/z57nbebsowx.preview.infomaniak.website\/sitrasb-s-p-a\/"},"modified":"2023-09-08T10:33:56","modified_gmt":"2023-09-08T10:33:56","slug":"sitrasb-s-p-a","status":"publish","type":"page","link":"https:\/\/letunnel.com\/fr\/sitrasb-s-p-a\/","title":{"rendered":"SITRASB S.P.A."},"content":{"rendered":"\n<h2 class=\"wp-block-heading advgb-dyn-d670eebc\">SOCI\u00c9T\u00c9ES DE GESTION<\/h2>\n\n\n\n<p>SITRASB S.p.A. (Societ\u00e0 Italiana Traforo Gran San Bernardo) g\u00e8re, au titre de concessionnaire, la moiti\u00e9 Sud du tunnel routier qui relie l&rsquo;Italie \u00e0 la Suisse ainsi que la route d\u2019acc\u00e8s. Les actionnaires de SITRASB S.p.A. sont la&nbsp;<a target=\"_blank\" href=\"http:\/\/www.regione.vda.it\/\" rel=\"noreferrer noopener\">R\u00e9gion Autonome de la Vall\u00e9e d&rsquo;Aoste&nbsp;<\/a>pour le 63,5% et la&nbsp;<a target=\"_blank\" href=\"http:\/\/www.sav-a5.it\/\" rel=\"noreferrer noopener\">S.A.V. S.p.A.<\/a>&nbsp;Societ\u00e0 Autostrade Valdostane, pour le restant 36,5%.<\/p>\n\n\n\n<p>La SITRASB SpA dans le but de v\u00e9rifier son propre syst\u00e8me d&rsquo;organisation interne selon les prescriptions du D. Lgs, 231\/2001, a retenu utile de recueillir et r\u00e9sumer les r\u00e8gles et les principes comportamentaux qui, depuis toujours, caract\u00e9risent les relations de la Soci\u00e9t\u00e9 avec son personnel et envers tiers et qui qualifient le d\u00e9roulement de son activit\u00e9. Ces principes sont recueillis dans le Code Ethique dont la Soci\u00e9t\u00e9 souhaite, d&rsquo;un cot\u00e9 le partage spontan\u00e9e de la part de tout individu qui actionne pour compte de SITRASB SpA ou qui int\u00e9ragit avec elle, pr\u00e9voyant l&rsquo;application de sanctions disciplinaires et contractuelles pour les \u00e9ventulles violations.<br><br>La soci\u00e9t\u00e9 partenaire&nbsp;<a href=\"https:\/\/z57nbebsowx.preview.infomaniak.website\/datapage.asp?id=31&amp;l=2\">TGSB SA<\/a>, Tunnel du Grand-Saint-Bernard SA, a les m\u00eames comp\u00e9tences pour la moiti\u00e9 Nord du tunnel.<br>La soci\u00e9t\u00e9&nbsp;<a href=\"https:\/\/z57nbebsowx.preview.infomaniak.website\/datapage.asp?id=29&amp;l=2\">SISEX SA&nbsp;<\/a>(Soci\u00e9t\u00e9 italo-suisse d&rsquo;exploitation du Tunnel du Grand-Saint-Bernard), dont les deux soci\u00e9t\u00e9s concessionnaires sont actionnaires \u00e0 parts \u00e9gales, \u00e9tablit les statistiques, r\u00e9partit les recettes et g\u00e8re la promotion commune du Tunnel.<br>La situation g\u00e9ographique favorable, entre la Vall\u00e9e d\u2019Aoste et le Valais, fait du Tunnel du Grand-Saint-Bernard une voie de communication pratique et irrempla\u00e7able entre le Nord et le Sud de l\u2019Europe.<\/p>\n\n\n\n<p>Sitrasb est associ\u00e9e&nbsp;<a target=\"_blank\" href=\"http:\/\/www.aiscat.it\/\" rel=\"noreferrer noopener\">AISCAT<\/a>.<\/p>\n\n\n\n<p>P.I. di SITRASB S.p.A. 00470330077<br>Sede sociale: Sitrasb Spa &#8211; Via Chambery,51 &#8211; 11100 Aosta<br>Iscritta al registro delle imprese di Aosta n. 00508120011 &#8211; REA n .43234<br>Capitale sociale: 11 milioni di euro<\/p>\n\n\n\n<div data-wp-interactive=\"core\/file\" class=\"wp-block-file advgb-dyn-f14df474\"><object data-wp-bind--hidden=\"!state.hasPdfPreview\" hidden class=\"wp-block-file__embed\" data=\"https:\/\/z57nbebsowx.preview.infomaniak.website\/wp-content\/uploads\/2022\/04\/2020_Sitrasb_bilancio.pdf\" type=\"application\/pdf\" style=\"width:100%;height:600px\" aria-label=\"Contenu embarqu\u00e9 Sitrasb_bilancio 2020.\"><\/object><a id=\"wp-block-file--media-4f5f6273-8d00-4413-b656-db6387b6f6bf\" href=\"https:\/\/z57nbebsowx.preview.infomaniak.website\/wp-content\/uploads\/2022\/04\/2020_Sitrasb_bilancio.pdf\">Sitrasb_bilancio 2020<\/a><a href=\"https:\/\/z57nbebsowx.preview.infomaniak.website\/wp-content\/uploads\/2022\/04\/2020_Sitrasb_bilancio.pdf\" class=\"wp-block-file__button wp-element-button\" download aria-describedby=\"wp-block-file--media-4f5f6273-8d00-4413-b656-db6387b6f6bf\">Download<\/a><\/div>\n\n\n\n<p><\/p>\n","protected":false},"excerpt":{"rendered":"<p>SOCI\u00c9T\u00c9ES DE GESTION SITRASB S.p.A. (Societ\u00e0 Italiana Traforo Gran San Bernardo) g\u00e8re, au titre de concessionnaire, la moiti\u00e9 Sud du tunnel routier qui relie l&rsquo;Italie \u00e0 la Suisse ainsi que la route d\u2019acc\u00e8s. Les actionnaires de SITRASB S.p.A. sont la&nbsp;R\u00e9gion Autonome de la Vall\u00e9e d&rsquo;Aoste&nbsp;pour le 63,5% et la&nbsp;S.A.V. S.p.A.&nbsp;Societ\u00e0 Autostrade Valdostane, pour le restant [&hellip;]<\/p>\n","protected":false},"author":1,"featured_media":0,"parent":0,"menu_order":0,"comment_status":"closed","ping_status":"closed","template":"","meta":{"_acf_changed":false,"advgb_blocks_editor_width":"","advgb_blocks_columns_visual_guide":"","footnotes":""},"class_list":["post-2088","page","type-page","status-publish","hentry"],"acf":[],"yoast_head":"<!-- This site is optimized with the Yoast SEO plugin v25.3.1 - https:\/\/yoast.com\/wordpress\/plugins\/seo\/ -->\n<title>SITRASB S.P.A. - Le Tunnel du Grand-Saint-Bernard<\/title>\n<meta name=\"robots\" content=\"index, follow, max-snippet:-1, max-image-preview:large, max-video-preview:-1\" \/>\n<link rel=\"canonical\" href=\"https:\/\/letunnel.com\/sitrasb-s-p-a\/\" \/>\n<meta property=\"og:locale\" content=\"fr_FR\" \/>\n<meta property=\"og:type\" content=\"article\" \/>\n<meta property=\"og:title\" content=\"SITRASB S.P.A. - Le Tunnel du Grand-Saint-Bernard\" \/>\n<meta property=\"og:description\" content=\"SOCI\u00c9T\u00c9ES DE GESTION SITRASB S.p.A. (Societ\u00e0 Italiana Traforo Gran San Bernardo) g\u00e8re, au titre de concessionnaire, la moiti\u00e9 Sud du tunnel routier qui relie l&rsquo;Italie \u00e0 la Suisse ainsi que la route d\u2019acc\u00e8s. Les actionnaires de SITRASB S.p.A. sont la&nbsp;R\u00e9gion Autonome de la Vall\u00e9e d&rsquo;Aoste&nbsp;pour le 63,5% et la&nbsp;S.A.V. S.p.A.&nbsp;Societ\u00e0 Autostrade Valdostane, pour le restant [&hellip;]\" \/>\n<meta property=\"og:url\" content=\"https:\/\/letunnel.com\/sitrasb-s-p-a\/\" \/>\n<meta property=\"og:site_name\" content=\"Le Tunnel du Grand-Saint-Bernard\" \/>\n<meta property=\"article:modified_time\" content=\"2023-09-08T10:33:56+00:00\" \/>\n<meta name=\"twitter:card\" content=\"summary_large_image\" \/>\n<meta name=\"twitter:label1\" content=\"Dur\u00e9e de lecture estim\u00e9e\" \/>\n\t<meta name=\"twitter:data1\" content=\"2 minutes\" \/>\n<script type=\"application\/ld+json\" class=\"yoast-schema-graph\">{\"@context\":\"https:\/\/schema.org\",\"@graph\":[{\"@type\":\"WebPage\",\"@id\":\"https:\/\/letunnel.com\/sitrasb-s-p-a\/\",\"url\":\"https:\/\/letunnel.com\/sitrasb-s-p-a\/\",\"name\":\"SITRASB S.P.A. - Le Tunnel du Grand-Saint-Bernard\",\"isPartOf\":{\"@id\":\"https:\/\/letunnel.com\/#website\"},\"datePublished\":\"2022-03-28T08:06:19+00:00\",\"dateModified\":\"2023-09-08T10:33:56+00:00\",\"breadcrumb\":{\"@id\":\"https:\/\/letunnel.com\/sitrasb-s-p-a\/#breadcrumb\"},\"inLanguage\":\"fr-FR\",\"potentialAction\":[{\"@type\":\"ReadAction\",\"target\":[\"https:\/\/letunnel.com\/sitrasb-s-p-a\/\"]}]},{\"@type\":\"BreadcrumbList\",\"@id\":\"https:\/\/letunnel.com\/sitrasb-s-p-a\/#breadcrumb\",\"itemListElement\":[{\"@type\":\"ListItem\",\"position\":1,\"name\":\"Home\",\"item\":\"https:\/\/letunnel.com\/\"},{\"@type\":\"ListItem\",\"position\":2,\"name\":\"SITRASB S.P.A.\"}]},{\"@type\":\"WebSite\",\"@id\":\"https:\/\/letunnel.com\/#website\",\"url\":\"https:\/\/letunnel.com\/\",\"name\":\"Le Tunnel du Grand-Saint-Bernard\",\"description\":\"Le Tunnel du Grand-Saint-Bernard\",\"publisher\":{\"@id\":\"https:\/\/letunnel.com\/#organization\"},\"potentialAction\":[{\"@type\":\"SearchAction\",\"target\":{\"@type\":\"EntryPoint\",\"urlTemplate\":\"https:\/\/letunnel.com\/?s={search_term_string}\"},\"query-input\":{\"@type\":\"PropertyValueSpecification\",\"valueRequired\":true,\"valueName\":\"search_term_string\"}}],\"inLanguage\":\"fr-FR\"},{\"@type\":\"Organization\",\"@id\":\"https:\/\/letunnel.com\/#organization\",\"name\":\"Le Tunnel du Grand-Saint-Bernard\",\"url\":\"https:\/\/letunnel.com\/\",\"logo\":{\"@type\":\"ImageObject\",\"inLanguage\":\"fr-FR\",\"@id\":\"https:\/\/letunnel.com\/#\/schema\/logo\/image\/\",\"url\":\"https:\/\/letunnel.com\/wp-content\/uploads\/2023\/10\/LOGO-2023-Tunnel-GS-Bernard-Bianco.png\",\"contentUrl\":\"https:\/\/letunnel.com\/wp-content\/uploads\/2023\/10\/LOGO-2023-Tunnel-GS-Bernard-Bianco.png\",\"width\":540,\"height\":480,\"caption\":\"Le Tunnel du Grand-Saint-Bernard\"},\"image\":{\"@id\":\"https:\/\/letunnel.com\/#\/schema\/logo\/image\/\"}}]}<\/script>\n<!-- \/ Yoast SEO plugin. -->","yoast_head_json":{"title":"SITRASB S.P.A. - Le Tunnel du Grand-Saint-Bernard","robots":{"index":"index","follow":"follow","max-snippet":"max-snippet:-1","max-image-preview":"max-image-preview:large","max-video-preview":"max-video-preview:-1"},"canonical":"https:\/\/letunnel.com\/sitrasb-s-p-a\/","og_locale":"fr_FR","og_type":"article","og_title":"SITRASB S.P.A. - Le Tunnel du Grand-Saint-Bernard","og_description":"SOCI\u00c9T\u00c9ES DE GESTION SITRASB S.p.A. (Societ\u00e0 Italiana Traforo Gran San Bernardo) g\u00e8re, au titre de concessionnaire, la moiti\u00e9 Sud du tunnel routier qui relie l&rsquo;Italie \u00e0 la Suisse ainsi que la route d\u2019acc\u00e8s. Les actionnaires de SITRASB S.p.A. sont la&nbsp;R\u00e9gion Autonome de la Vall\u00e9e d&rsquo;Aoste&nbsp;pour le 63,5% et la&nbsp;S.A.V. S.p.A.&nbsp;Societ\u00e0 Autostrade Valdostane, pour le restant [&hellip;]","og_url":"https:\/\/letunnel.com\/sitrasb-s-p-a\/","og_site_name":"Le Tunnel du Grand-Saint-Bernard","article_modified_time":"2023-09-08T10:33:56+00:00","twitter_card":"summary_large_image","twitter_misc":{"Dur\u00e9e de lecture estim\u00e9e":"2 minutes"},"schema":{"@context":"https:\/\/schema.org","@graph":[{"@type":"WebPage","@id":"https:\/\/letunnel.com\/sitrasb-s-p-a\/","url":"https:\/\/letunnel.com\/sitrasb-s-p-a\/","name":"SITRASB S.P.A. - Le Tunnel du Grand-Saint-Bernard","isPartOf":{"@id":"https:\/\/letunnel.com\/#website"},"datePublished":"2022-03-28T08:06:19+00:00","dateModified":"2023-09-08T10:33:56+00:00","breadcrumb":{"@id":"https:\/\/letunnel.com\/sitrasb-s-p-a\/#breadcrumb"},"inLanguage":"fr-FR","potentialAction":[{"@type":"ReadAction","target":["https:\/\/letunnel.com\/sitrasb-s-p-a\/"]}]},{"@type":"BreadcrumbList","@id":"https:\/\/letunnel.com\/sitrasb-s-p-a\/#breadcrumb","itemListElement":[{"@type":"ListItem","position":1,"name":"Home","item":"https:\/\/letunnel.com\/"},{"@type":"ListItem","position":2,"name":"SITRASB S.P.A."}]},{"@type":"WebSite","@id":"https:\/\/letunnel.com\/#website","url":"https:\/\/letunnel.com\/","name":"Le Tunnel du Grand-Saint-Bernard","description":"Le Tunnel du Grand-Saint-Bernard","publisher":{"@id":"https:\/\/letunnel.com\/#organization"},"potentialAction":[{"@type":"SearchAction","target":{"@type":"EntryPoint","urlTemplate":"https:\/\/letunnel.com\/?s={search_term_string}"},"query-input":{"@type":"PropertyValueSpecification","valueRequired":true,"valueName":"search_term_string"}}],"inLanguage":"fr-FR"},{"@type":"Organization","@id":"https:\/\/letunnel.com\/#organization","name":"Le Tunnel du Grand-Saint-Bernard","url":"https:\/\/letunnel.com\/","logo":{"@type":"ImageObject","inLanguage":"fr-FR","@id":"https:\/\/letunnel.com\/#\/schema\/logo\/image\/","url":"https:\/\/letunnel.com\/wp-content\/uploads\/2023\/10\/LOGO-2023-Tunnel-GS-Bernard-Bianco.png","contentUrl":"https:\/\/letunnel.com\/wp-content\/uploads\/2023\/10\/LOGO-2023-Tunnel-GS-Bernard-Bianco.png","width":540,"height":480,"caption":"Le Tunnel du Grand-Saint-Bernard"},"image":{"@id":"https:\/\/letunnel.com\/#\/schema\/logo\/image\/"}}]}},"coauthors":[],"author_meta":{"author_link":"https:\/\/letunnel.com\/fr\/author\/stefano\/","display_name":"Stefano"},"relative_dates":{"created":"Publi\u00e9 4 ans il y a","modified":"Mis \u00e0 jour 3 ans il y a"},"absolute_dates":{"created":"Publi\u00e9 le 28 mars 2022","modified":"Mise \u00e0 jour le 8 septembre 2023"},"absolute_dates_time":{"created":"Publi\u00e9 le 28 mars 2022 8:06 am","modified":"Mise \u00e0 jour le 8 septembre 2023 10:33 am"},"featured_img_caption":"","featured_img":false,"series_order":"","_links":{"self":[{"href":"https:\/\/letunnel.com\/fr\/wp-json\/wp\/v2\/pages\/2088","targetHints":{"allow":["GET"]}}],"collection":[{"href":"https:\/\/letunnel.com\/fr\/wp-json\/wp\/v2\/pages"}],"about":[{"href":"https:\/\/letunnel.com\/fr\/wp-json\/wp\/v2\/types\/page"}],"author":[{"embeddable":true,"href":"https:\/\/letunnel.com\/fr\/wp-json\/wp\/v2\/users\/1"}],"replies":[{"embeddable":true,"href":"https:\/\/letunnel.com\/fr\/wp-json\/wp\/v2\/comments?post=2088"}],"version-history":[{"count":1,"href":"https:\/\/letunnel.com\/fr\/wp-json\/wp\/v2\/pages\/2088\/revisions"}],"predecessor-version":[{"id":2090,"href":"https:\/\/letunnel.com\/fr\/wp-json\/wp\/v2\/pages\/2088\/revisions\/2090"}],"wp:attachment":[{"href":"https:\/\/letunnel.com\/fr\/wp-json\/wp\/v2\/media?parent=2088"}],"curies":[{"name":"wp","href":"https:\/\/api.w.org\/{rel}","templated":true}]}}