{"id":2104,"date":"2022-03-23T10:53:51","date_gmt":"2022-03-23T10:53:51","guid":{"rendered":"https:\/\/z57nbebsowx.preview.infomaniak.website\/sistema-di-sicurezza\/"},"modified":"2023-11-16T14:48:02","modified_gmt":"2023-11-16T14:48:02","slug":"sistema-di-sicurezza","status":"publish","type":"page","link":"https:\/\/letunnel.com\/fr\/sistema-di-sicurezza\/","title":{"rendered":"Le syst\u00e8me de s\u00e9curit\u00e9"},"content":{"rendered":"\n<h2 class=\"wp-block-heading\">MESURES DE S\u00c9CURIT\u00c9 TOUJOURS PLUS \u00c9LEV\u00c9ES<\/h2>\n\n\n\n<p>Les deux soci\u00e9t\u00e9s concessionnaires&nbsp;<a target=\"_blank\" href=\"https:\/\/z57nbebsowx.preview.infomaniak.website\/datapage.asp?id=30&amp;l=2\" rel=\"noreferrer noopener\">SITRASB SpA<\/a>&nbsp;et&nbsp;<a target=\"_blank\" href=\"https:\/\/z57nbebsowx.preview.infomaniak.website\/datapage.asp?id=31&amp;l=2\" rel=\"noreferrer noopener\">TGSB SA<\/a>, ont toujours port\u00e9 la plus grande attention \u00e0 l\u2019entretien et \u00e0 l\u2019am\u00e9lioration des infrastrucures et des \u00e9quipements techniques du tunnel afin d\u2019obtenir le niveau de s\u00e9curit\u00e9 le plus \u00e9lev\u00e9. La gestion des installations et du trafic du Tunnel du Grand-Saint-Bernard est effectu\u00e9e depuis les deux salles de contr\u00f4le ultra modernes situ\u00e9es aux portails d&rsquo;entr\u00e9e du tunnel. Dans ces salles op\u00e9rationelles 24 h\/24 h, aboutissent toutes les informations concernant les diff\u00e9rentes installations ainsi que les alarmes et les appels de secours. Un syst\u00e8me de t\u00e9l\u00e9contr\u00f4le performant rend tr\u00e8s fiable la gestion des installations et du trafic.<\/p>\n\n\n\n<p>Dans tous les cas, il est n\u00e9cessaire, pour votre s\u00e9curit\u00e9, de respecter les\u00a0<a href=\"https:\/\/z57nbebsowx.preview.infomaniak.website\/fr\/sistema-di-sicurezza\/norme-fondamentali-di-circolazione\/\" target=\"_blank\" rel=\"noreferrer noopener\">normes fondamentales de circulation<\/a>\u00a0dans le tunnel.<\/p>\n","protected":false},"excerpt":{"rendered":"<p>MESURES DE S\u00c9CURIT\u00c9 TOUJOURS PLUS \u00c9LEV\u00c9ES Les deux soci\u00e9t\u00e9s concessionnaires&nbsp;SITRASB SpA&nbsp;et&nbsp;TGSB SA, ont toujours port\u00e9 la plus grande attention \u00e0 l\u2019entretien et \u00e0 l\u2019am\u00e9lioration des infrastrucures et des \u00e9quipements techniques du tunnel afin d\u2019obtenir le niveau de s\u00e9curit\u00e9 le plus \u00e9lev\u00e9. La gestion des installations et du trafic du Tunnel du Grand-Saint-Bernard est effectu\u00e9e depuis [&hellip;]<\/p>\n","protected":false},"author":1,"featured_media":1317,"parent":0,"menu_order":0,"comment_status":"closed","ping_status":"closed","template":"","meta":{"_acf_changed":false,"advgb_blocks_editor_width":"","advgb_blocks_columns_visual_guide":"","footnotes":""},"class_list":["post-2104","page","type-page","status-publish","has-post-thumbnail","hentry"],"acf":[],"yoast_head":"<!-- This site is optimized with the Yoast SEO plugin v25.3.1 - https:\/\/yoast.com\/wordpress\/plugins\/seo\/ -->\n<title>Le syst\u00e8me de s\u00e9curit\u00e9 - Le Tunnel du Grand-Saint-Bernard<\/title>\n<meta name=\"robots\" content=\"index, follow, max-snippet:-1, max-image-preview:large, max-video-preview:-1\" \/>\n<link rel=\"canonical\" href=\"https:\/\/letunnel.com\/sistema-di-sicurezza\/\" \/>\n<meta property=\"og:locale\" content=\"fr_FR\" \/>\n<meta property=\"og:type\" content=\"article\" \/>\n<meta property=\"og:title\" content=\"Le syst\u00e8me de s\u00e9curit\u00e9 - Le Tunnel du Grand-Saint-Bernard\" \/>\n<meta property=\"og:description\" content=\"MESURES DE S\u00c9CURIT\u00c9 TOUJOURS PLUS \u00c9LEV\u00c9ES Les deux soci\u00e9t\u00e9s concessionnaires&nbsp;SITRASB SpA&nbsp;et&nbsp;TGSB SA, ont toujours port\u00e9 la plus grande attention \u00e0 l\u2019entretien et \u00e0 l\u2019am\u00e9lioration des infrastrucures et des \u00e9quipements techniques du tunnel afin d\u2019obtenir le niveau de s\u00e9curit\u00e9 le plus \u00e9lev\u00e9. La gestion des installations et du trafic du Tunnel du Grand-Saint-Bernard est effectu\u00e9e depuis [&hellip;]\" \/>\n<meta property=\"og:url\" content=\"https:\/\/letunnel.com\/sistema-di-sicurezza\/\" \/>\n<meta property=\"og:site_name\" content=\"Le Tunnel du Grand-Saint-Bernard\" \/>\n<meta property=\"article:modified_time\" content=\"2023-11-16T14:48:02+00:00\" \/>\n<meta property=\"og:image\" content=\"https:\/\/letunnel.com\/wp-content\/uploads\/2022\/03\/tunnel_gran_san_bernardo_interno_galleria.jpeg\" \/>\n\t<meta property=\"og:image:width\" content=\"980\" \/>\n\t<meta property=\"og:image:height\" content=\"711\" \/>\n\t<meta property=\"og:image:type\" content=\"image\/jpeg\" \/>\n<meta name=\"twitter:card\" content=\"summary_large_image\" \/>\n<meta name=\"twitter:label1\" content=\"Dur\u00e9e de lecture estim\u00e9e\" \/>\n\t<meta name=\"twitter:data1\" content=\"1 minute\" \/>\n<script type=\"application\/ld+json\" class=\"yoast-schema-graph\">{\"@context\":\"https:\/\/schema.org\",\"@graph\":[{\"@type\":\"WebPage\",\"@id\":\"https:\/\/letunnel.com\/sistema-di-sicurezza\/\",\"url\":\"https:\/\/letunnel.com\/sistema-di-sicurezza\/\",\"name\":\"Le syst\u00e8me de s\u00e9curit\u00e9 - Le Tunnel du Grand-Saint-Bernard\",\"isPartOf\":{\"@id\":\"https:\/\/letunnel.com\/#website\"},\"primaryImageOfPage\":{\"@id\":\"https:\/\/letunnel.com\/sistema-di-sicurezza\/#primaryimage\"},\"image\":{\"@id\":\"https:\/\/letunnel.com\/sistema-di-sicurezza\/#primaryimage\"},\"thumbnailUrl\":\"https:\/\/letunnel.com\/wp-content\/uploads\/2022\/03\/tunnel_gran_san_bernardo_interno_galleria.jpeg\",\"datePublished\":\"2022-03-23T10:53:51+00:00\",\"dateModified\":\"2023-11-16T14:48:02+00:00\",\"breadcrumb\":{\"@id\":\"https:\/\/letunnel.com\/sistema-di-sicurezza\/#breadcrumb\"},\"inLanguage\":\"fr-FR\",\"potentialAction\":[{\"@type\":\"ReadAction\",\"target\":[\"https:\/\/letunnel.com\/sistema-di-sicurezza\/\"]}]},{\"@type\":\"ImageObject\",\"inLanguage\":\"fr-FR\",\"@id\":\"https:\/\/letunnel.com\/sistema-di-sicurezza\/#primaryimage\",\"url\":\"https:\/\/letunnel.com\/wp-content\/uploads\/2022\/03\/tunnel_gran_san_bernardo_interno_galleria.jpeg\",\"contentUrl\":\"https:\/\/letunnel.com\/wp-content\/uploads\/2022\/03\/tunnel_gran_san_bernardo_interno_galleria.jpeg\",\"width\":980,\"height\":711},{\"@type\":\"BreadcrumbList\",\"@id\":\"https:\/\/letunnel.com\/sistema-di-sicurezza\/#breadcrumb\",\"itemListElement\":[{\"@type\":\"ListItem\",\"position\":1,\"name\":\"Home\",\"item\":\"https:\/\/letunnel.com\/\"},{\"@type\":\"ListItem\",\"position\":2,\"name\":\"Le syst\u00e8me de s\u00e9curit\u00e9\"}]},{\"@type\":\"WebSite\",\"@id\":\"https:\/\/letunnel.com\/#website\",\"url\":\"https:\/\/letunnel.com\/\",\"name\":\"Le Tunnel du Grand-Saint-Bernard\",\"description\":\"Le Tunnel du Grand-Saint-Bernard\",\"publisher\":{\"@id\":\"https:\/\/letunnel.com\/#organization\"},\"potentialAction\":[{\"@type\":\"SearchAction\",\"target\":{\"@type\":\"EntryPoint\",\"urlTemplate\":\"https:\/\/letunnel.com\/?s={search_term_string}\"},\"query-input\":{\"@type\":\"PropertyValueSpecification\",\"valueRequired\":true,\"valueName\":\"search_term_string\"}}],\"inLanguage\":\"fr-FR\"},{\"@type\":\"Organization\",\"@id\":\"https:\/\/letunnel.com\/#organization\",\"name\":\"Le Tunnel du Grand-Saint-Bernard\",\"url\":\"https:\/\/letunnel.com\/\",\"logo\":{\"@type\":\"ImageObject\",\"inLanguage\":\"fr-FR\",\"@id\":\"https:\/\/letunnel.com\/#\/schema\/logo\/image\/\",\"url\":\"https:\/\/letunnel.com\/wp-content\/uploads\/2023\/10\/LOGO-2023-Tunnel-GS-Bernard-Bianco.png\",\"contentUrl\":\"https:\/\/letunnel.com\/wp-content\/uploads\/2023\/10\/LOGO-2023-Tunnel-GS-Bernard-Bianco.png\",\"width\":540,\"height\":480,\"caption\":\"Le Tunnel du Grand-Saint-Bernard\"},\"image\":{\"@id\":\"https:\/\/letunnel.com\/#\/schema\/logo\/image\/\"}}]}<\/script>\n<!-- \/ Yoast SEO plugin. -->","yoast_head_json":{"title":"Le syst\u00e8me de s\u00e9curit\u00e9 - Le Tunnel du Grand-Saint-Bernard","robots":{"index":"index","follow":"follow","max-snippet":"max-snippet:-1","max-image-preview":"max-image-preview:large","max-video-preview":"max-video-preview:-1"},"canonical":"https:\/\/letunnel.com\/sistema-di-sicurezza\/","og_locale":"fr_FR","og_type":"article","og_title":"Le syst\u00e8me de s\u00e9curit\u00e9 - Le Tunnel du Grand-Saint-Bernard","og_description":"MESURES DE S\u00c9CURIT\u00c9 TOUJOURS PLUS \u00c9LEV\u00c9ES Les deux soci\u00e9t\u00e9s concessionnaires&nbsp;SITRASB SpA&nbsp;et&nbsp;TGSB SA, ont toujours port\u00e9 la plus grande attention \u00e0 l\u2019entretien et \u00e0 l\u2019am\u00e9lioration des infrastrucures et des \u00e9quipements techniques du tunnel afin d\u2019obtenir le niveau de s\u00e9curit\u00e9 le plus \u00e9lev\u00e9. La gestion des installations et du trafic du Tunnel du Grand-Saint-Bernard est effectu\u00e9e depuis [&hellip;]","og_url":"https:\/\/letunnel.com\/sistema-di-sicurezza\/","og_site_name":"Le Tunnel du Grand-Saint-Bernard","article_modified_time":"2023-11-16T14:48:02+00:00","og_image":[{"width":980,"height":711,"url":"https:\/\/letunnel.com\/wp-content\/uploads\/2022\/03\/tunnel_gran_san_bernardo_interno_galleria.jpeg","type":"image\/jpeg"}],"twitter_card":"summary_large_image","twitter_misc":{"Dur\u00e9e de lecture estim\u00e9e":"1 minute"},"schema":{"@context":"https:\/\/schema.org","@graph":[{"@type":"WebPage","@id":"https:\/\/letunnel.com\/sistema-di-sicurezza\/","url":"https:\/\/letunnel.com\/sistema-di-sicurezza\/","name":"Le syst\u00e8me de s\u00e9curit\u00e9 - Le Tunnel du Grand-Saint-Bernard","isPartOf":{"@id":"https:\/\/letunnel.com\/#website"},"primaryImageOfPage":{"@id":"https:\/\/letunnel.com\/sistema-di-sicurezza\/#primaryimage"},"image":{"@id":"https:\/\/letunnel.com\/sistema-di-sicurezza\/#primaryimage"},"thumbnailUrl":"https:\/\/letunnel.com\/wp-content\/uploads\/2022\/03\/tunnel_gran_san_bernardo_interno_galleria.jpeg","datePublished":"2022-03-23T10:53:51+00:00","dateModified":"2023-11-16T14:48:02+00:00","breadcrumb":{"@id":"https:\/\/letunnel.com\/sistema-di-sicurezza\/#breadcrumb"},"inLanguage":"fr-FR","potentialAction":[{"@type":"ReadAction","target":["https:\/\/letunnel.com\/sistema-di-sicurezza\/"]}]},{"@type":"ImageObject","inLanguage":"fr-FR","@id":"https:\/\/letunnel.com\/sistema-di-sicurezza\/#primaryimage","url":"https:\/\/letunnel.com\/wp-content\/uploads\/2022\/03\/tunnel_gran_san_bernardo_interno_galleria.jpeg","contentUrl":"https:\/\/letunnel.com\/wp-content\/uploads\/2022\/03\/tunnel_gran_san_bernardo_interno_galleria.jpeg","width":980,"height":711},{"@type":"BreadcrumbList","@id":"https:\/\/letunnel.com\/sistema-di-sicurezza\/#breadcrumb","itemListElement":[{"@type":"ListItem","position":1,"name":"Home","item":"https:\/\/letunnel.com\/"},{"@type":"ListItem","position":2,"name":"Le syst\u00e8me de s\u00e9curit\u00e9"}]},{"@type":"WebSite","@id":"https:\/\/letunnel.com\/#website","url":"https:\/\/letunnel.com\/","name":"Le Tunnel du Grand-Saint-Bernard","description":"Le Tunnel du Grand-Saint-Bernard","publisher":{"@id":"https:\/\/letunnel.com\/#organization"},"potentialAction":[{"@type":"SearchAction","target":{"@type":"EntryPoint","urlTemplate":"https:\/\/letunnel.com\/?s={search_term_string}"},"query-input":{"@type":"PropertyValueSpecification","valueRequired":true,"valueName":"search_term_string"}}],"inLanguage":"fr-FR"},{"@type":"Organization","@id":"https:\/\/letunnel.com\/#organization","name":"Le Tunnel du Grand-Saint-Bernard","url":"https:\/\/letunnel.com\/","logo":{"@type":"ImageObject","inLanguage":"fr-FR","@id":"https:\/\/letunnel.com\/#\/schema\/logo\/image\/","url":"https:\/\/letunnel.com\/wp-content\/uploads\/2023\/10\/LOGO-2023-Tunnel-GS-Bernard-Bianco.png","contentUrl":"https:\/\/letunnel.com\/wp-content\/uploads\/2023\/10\/LOGO-2023-Tunnel-GS-Bernard-Bianco.png","width":540,"height":480,"caption":"Le Tunnel du Grand-Saint-Bernard"},"image":{"@id":"https:\/\/letunnel.com\/#\/schema\/logo\/image\/"}}]}},"coauthors":[],"author_meta":{"author_link":"https:\/\/letunnel.com\/fr\/author\/stefano\/","display_name":"Stefano"},"relative_dates":{"created":"Publi\u00e9 4 ans il y a","modified":"Mis \u00e0 jour 2 ans il y a"},"absolute_dates":{"created":"Publi\u00e9 le 23 mars 2022","modified":"Mise \u00e0 jour le 16 novembre 2023"},"absolute_dates_time":{"created":"Publi\u00e9 le 23 mars 2022 10:53 am","modified":"Mise \u00e0 jour le 16 novembre 2023 2:48 pm"},"featured_img_caption":"","featured_img":"https:\/\/letunnel.com\/wp-content\/uploads\/2022\/03\/tunnel_gran_san_bernardo_interno_galleria.jpeg","series_order":"","_links":{"self":[{"href":"https:\/\/letunnel.com\/fr\/wp-json\/wp\/v2\/pages\/2104","targetHints":{"allow":["GET"]}}],"collection":[{"href":"https:\/\/letunnel.com\/fr\/wp-json\/wp\/v2\/pages"}],"about":[{"href":"https:\/\/letunnel.com\/fr\/wp-json\/wp\/v2\/types\/page"}],"author":[{"embeddable":true,"href":"https:\/\/letunnel.com\/fr\/wp-json\/wp\/v2\/users\/1"}],"replies":[{"embeddable":true,"href":"https:\/\/letunnel.com\/fr\/wp-json\/wp\/v2\/comments?post=2104"}],"version-history":[{"count":1,"href":"https:\/\/letunnel.com\/fr\/wp-json\/wp\/v2\/pages\/2104\/revisions"}],"predecessor-version":[{"id":2106,"href":"https:\/\/letunnel.com\/fr\/wp-json\/wp\/v2\/pages\/2104\/revisions\/2106"}],"wp:featuredmedia":[{"embeddable":true,"href":"https:\/\/letunnel.com\/fr\/wp-json\/wp\/v2\/media\/1317"}],"wp:attachment":[{"href":"https:\/\/letunnel.com\/fr\/wp-json\/wp\/v2\/media?parent=2104"}],"curies":[{"name":"wp","href":"https:\/\/api.w.org\/{rel}","templated":true}]}}