{"id":2117,"date":"2022-03-23T10:05:10","date_gmt":"2022-03-23T10:05:10","guid":{"rendered":"https:\/\/z57nbebsowx.preview.infomaniak.website\/sistema-di-sicurezza\/squadra-di-pronto-intervento\/"},"modified":"2024-04-04T14:10:14","modified_gmt":"2024-04-04T14:10:14","slug":"squadra-di-pronto-intervento","status":"publish","type":"page","link":"https:\/\/letunnel.com\/fr\/sistema-di-sicurezza\/squadra-di-pronto-intervento\/","title":{"rendered":"Service de premi\u00e8re intervention"},"content":{"rendered":"\n<h2 class=\"wp-block-heading\">LES \u00c9QUIPES ET LES V\u00c9HICULES<\/h2>\n\n\n\n<div class=\"wp-block-columns is-layout-flex wp-container-core-columns-is-layout-28f84493 wp-block-columns-is-layout-flex\">\n<div class=\"wp-block-column is-layout-flow wp-block-column-is-layout-flow\">\n<figure class=\"wp-block-image size-full\"><img fetchpriority=\"high\" decoding=\"async\" width=\"966\" height=\"644\" src=\"https:\/\/z57nbebsowx.preview.infomaniak.website\/wp-content\/uploads\/2023\/10\/H2B4421-Migliorato-NR.png\" alt=\"\" class=\"wp-image-6391\" srcset=\"https:\/\/letunnel.com\/wp-content\/uploads\/2023\/10\/H2B4421-Migliorato-NR.png 966w, https:\/\/letunnel.com\/wp-content\/uploads\/2023\/10\/H2B4421-Migliorato-NR-300x200.png 300w, https:\/\/letunnel.com\/wp-content\/uploads\/2023\/10\/H2B4421-Migliorato-NR-768x512.png 768w\" sizes=\"(max-width: 966px) 100vw, 966px\" \/><\/figure>\n<\/div>\n\n\n\n<div class=\"wp-block-column is-layout-flow wp-block-column-is-layout-flow\">\n<p>En cas d\u2019alerte des salles de contr\u00f4le, les \u00e9quipes d\u2019intervention d\u2019urgence, op\u00e9rationnelles 24 h\/24 h, sp\u00e9cialement entra\u00een\u00e9es et form\u00e9es, sont imm\u00e9diatement mises en action. L\u2019\u00e9quipe d\u2019intervention, op\u00e9rationnelle 24 h\/24, dispose de v\u00e9hicules sp\u00e9ciaux dot\u00e9s d\u2019appareils anti-incendie et de premier secours.<\/p>\n<\/div>\n<\/div>\n\n\n\n<div class=\"wp-block-columns is-layout-flex wp-container-core-columns-is-layout-28f84493 wp-block-columns-is-layout-flex\">\n<div class=\"wp-block-column is-layout-flow wp-block-column-is-layout-flow\">\n<figure class=\"wp-block-image size-full\"><img decoding=\"async\" width=\"1200\" height=\"800\" src=\"https:\/\/z57nbebsowx.preview.infomaniak.website\/wp-content\/uploads\/2024\/04\/DSC_8008_MT.jpg\" alt=\"\" class=\"wp-image-8316\" srcset=\"https:\/\/letunnel.com\/wp-content\/uploads\/2024\/04\/DSC_8008_MT.jpg 1200w, https:\/\/letunnel.com\/wp-content\/uploads\/2024\/04\/DSC_8008_MT-300x200.jpg 300w, https:\/\/letunnel.com\/wp-content\/uploads\/2024\/04\/DSC_8008_MT-1024x683.jpg 1024w, https:\/\/letunnel.com\/wp-content\/uploads\/2024\/04\/DSC_8008_MT-768x512.jpg 768w\" sizes=\"(max-width: 1200px) 100vw, 1200px\" \/><\/figure>\n<\/div>\n\n\n\n<div class=\"wp-block-column is-layout-flow wp-block-column-is-layout-flow\">\n<p>A chaque portail d&rsquo;entr\u00e9e, sont disponibles un tonne-pompe et un v\u00e9hicule l\u00e9ger sp\u00e9cialement con\u00e7us pour les interventions d&rsquo;urgence dans le tunnel.<br>Les unit\u00e9s d&rsquo;intervention disposent \u00e9galement d&rsquo;\u00e9quipements sp\u00e9cifiques (casque sp\u00e9cial, radio, cam\u00e9ra thermique, appareils respiratoires,\u2026).<\/p>\n<\/div>\n<\/div>\n\n\n\n<p><\/p>\n\n\n\n<p><\/p>\n\n\n\n<p><a href=\"https:\/\/z57nbebsowx.preview.infomaniak.website\/elementi\/www\/img_generiche\/it_soccorso_03.jpg\"><\/a><\/p>\n","protected":false},"excerpt":{"rendered":"<p>LES \u00c9QUIPES ET LES V\u00c9HICULES En cas d\u2019alerte des salles de contr\u00f4le, les \u00e9quipes d\u2019intervention d\u2019urgence, op\u00e9rationnelles 24 h\/24 h, sp\u00e9cialement entra\u00een\u00e9es et form\u00e9es, sont imm\u00e9diatement mises en action. L\u2019\u00e9quipe d\u2019intervention, op\u00e9rationnelle 24 h\/24, dispose de v\u00e9hicules sp\u00e9ciaux dot\u00e9s d\u2019appareils anti-incendie et de premier secours. A chaque portail d&rsquo;entr\u00e9e, sont disponibles un tonne-pompe et un [&hellip;]<\/p>\n","protected":false},"author":1,"featured_media":0,"parent":2104,"menu_order":0,"comment_status":"closed","ping_status":"closed","template":"","meta":{"_acf_changed":false,"advgb_blocks_editor_width":"","advgb_blocks_columns_visual_guide":"","footnotes":""},"class_list":["post-2117","page","type-page","status-publish","hentry"],"acf":[],"yoast_head":"<!-- This site is optimized with the Yoast SEO plugin v25.3.1 - https:\/\/yoast.com\/wordpress\/plugins\/seo\/ -->\n<title>Service de premi\u00e8re intervention - Le Tunnel du Grand-Saint-Bernard<\/title>\n<meta name=\"robots\" content=\"index, follow, max-snippet:-1, max-image-preview:large, max-video-preview:-1\" \/>\n<link rel=\"canonical\" href=\"https:\/\/letunnel.com\/sistema-di-sicurezza\/squadra-di-pronto-intervento\/\" \/>\n<meta property=\"og:locale\" content=\"fr_FR\" \/>\n<meta property=\"og:type\" content=\"article\" \/>\n<meta property=\"og:title\" content=\"Service de premi\u00e8re intervention - Le Tunnel du Grand-Saint-Bernard\" \/>\n<meta property=\"og:description\" content=\"LES \u00c9QUIPES ET LES V\u00c9HICULES En cas d\u2019alerte des salles de contr\u00f4le, les \u00e9quipes d\u2019intervention d\u2019urgence, op\u00e9rationnelles 24 h\/24 h, sp\u00e9cialement entra\u00een\u00e9es et form\u00e9es, sont imm\u00e9diatement mises en action. L\u2019\u00e9quipe d\u2019intervention, op\u00e9rationnelle 24 h\/24, dispose de v\u00e9hicules sp\u00e9ciaux dot\u00e9s d\u2019appareils anti-incendie et de premier secours. A chaque portail d&rsquo;entr\u00e9e, sont disponibles un tonne-pompe et un [&hellip;]\" \/>\n<meta property=\"og:url\" content=\"https:\/\/letunnel.com\/sistema-di-sicurezza\/squadra-di-pronto-intervento\/\" \/>\n<meta property=\"og:site_name\" content=\"Le Tunnel du Grand-Saint-Bernard\" \/>\n<meta property=\"article:modified_time\" content=\"2024-04-04T14:10:14+00:00\" \/>\n<meta property=\"og:image\" content=\"https:\/\/z57nbebsowx.preview.infomaniak.website\/wp-content\/uploads\/2023\/10\/H2B4421-Migliorato-NR.png\" \/>\n<meta name=\"twitter:card\" content=\"summary_large_image\" \/>\n<meta name=\"twitter:label1\" content=\"Dur\u00e9e de lecture estim\u00e9e\" \/>\n\t<meta name=\"twitter:data1\" content=\"1 minute\" \/>\n<script type=\"application\/ld+json\" class=\"yoast-schema-graph\">{\"@context\":\"https:\/\/schema.org\",\"@graph\":[{\"@type\":\"WebPage\",\"@id\":\"https:\/\/letunnel.com\/sistema-di-sicurezza\/squadra-di-pronto-intervento\/\",\"url\":\"https:\/\/letunnel.com\/sistema-di-sicurezza\/squadra-di-pronto-intervento\/\",\"name\":\"Service de premi\u00e8re intervention - Le Tunnel du Grand-Saint-Bernard\",\"isPartOf\":{\"@id\":\"https:\/\/letunnel.com\/#website\"},\"primaryImageOfPage\":{\"@id\":\"https:\/\/letunnel.com\/sistema-di-sicurezza\/squadra-di-pronto-intervento\/#primaryimage\"},\"image\":{\"@id\":\"https:\/\/letunnel.com\/sistema-di-sicurezza\/squadra-di-pronto-intervento\/#primaryimage\"},\"thumbnailUrl\":\"https:\/\/z57nbebsowx.preview.infomaniak.website\/wp-content\/uploads\/2023\/10\/H2B4421-Migliorato-NR.png\",\"datePublished\":\"2022-03-23T10:05:10+00:00\",\"dateModified\":\"2024-04-04T14:10:14+00:00\",\"breadcrumb\":{\"@id\":\"https:\/\/letunnel.com\/sistema-di-sicurezza\/squadra-di-pronto-intervento\/#breadcrumb\"},\"inLanguage\":\"fr-FR\",\"potentialAction\":[{\"@type\":\"ReadAction\",\"target\":[\"https:\/\/letunnel.com\/sistema-di-sicurezza\/squadra-di-pronto-intervento\/\"]}]},{\"@type\":\"ImageObject\",\"inLanguage\":\"fr-FR\",\"@id\":\"https:\/\/letunnel.com\/sistema-di-sicurezza\/squadra-di-pronto-intervento\/#primaryimage\",\"url\":\"https:\/\/z57nbebsowx.preview.infomaniak.website\/wp-content\/uploads\/2023\/10\/H2B4421-Migliorato-NR.png\",\"contentUrl\":\"https:\/\/z57nbebsowx.preview.infomaniak.website\/wp-content\/uploads\/2023\/10\/H2B4421-Migliorato-NR.png\"},{\"@type\":\"BreadcrumbList\",\"@id\":\"https:\/\/letunnel.com\/sistema-di-sicurezza\/squadra-di-pronto-intervento\/#breadcrumb\",\"itemListElement\":[{\"@type\":\"ListItem\",\"position\":1,\"name\":\"Home\",\"item\":\"https:\/\/letunnel.com\/\"},{\"@type\":\"ListItem\",\"position\":2,\"name\":\"Le syst\u00e8me de s\u00e9curit\u00e9\",\"item\":\"https:\/\/letunnel.com\/sistema-di-sicurezza\/\"},{\"@type\":\"ListItem\",\"position\":3,\"name\":\"Service de premi\u00e8re intervention\"}]},{\"@type\":\"WebSite\",\"@id\":\"https:\/\/letunnel.com\/#website\",\"url\":\"https:\/\/letunnel.com\/\",\"name\":\"Le Tunnel du Grand-Saint-Bernard\",\"description\":\"Le Tunnel du Grand-Saint-Bernard\",\"publisher\":{\"@id\":\"https:\/\/letunnel.com\/#organization\"},\"potentialAction\":[{\"@type\":\"SearchAction\",\"target\":{\"@type\":\"EntryPoint\",\"urlTemplate\":\"https:\/\/letunnel.com\/?s={search_term_string}\"},\"query-input\":{\"@type\":\"PropertyValueSpecification\",\"valueRequired\":true,\"valueName\":\"search_term_string\"}}],\"inLanguage\":\"fr-FR\"},{\"@type\":\"Organization\",\"@id\":\"https:\/\/letunnel.com\/#organization\",\"name\":\"Le Tunnel du Grand-Saint-Bernard\",\"url\":\"https:\/\/letunnel.com\/\",\"logo\":{\"@type\":\"ImageObject\",\"inLanguage\":\"fr-FR\",\"@id\":\"https:\/\/letunnel.com\/#\/schema\/logo\/image\/\",\"url\":\"https:\/\/letunnel.com\/wp-content\/uploads\/2023\/10\/LOGO-2023-Tunnel-GS-Bernard-Bianco.png\",\"contentUrl\":\"https:\/\/letunnel.com\/wp-content\/uploads\/2023\/10\/LOGO-2023-Tunnel-GS-Bernard-Bianco.png\",\"width\":540,\"height\":480,\"caption\":\"Le Tunnel du Grand-Saint-Bernard\"},\"image\":{\"@id\":\"https:\/\/letunnel.com\/#\/schema\/logo\/image\/\"}}]}<\/script>\n<!-- \/ Yoast SEO plugin. -->","yoast_head_json":{"title":"Service de premi\u00e8re intervention - Le Tunnel du Grand-Saint-Bernard","robots":{"index":"index","follow":"follow","max-snippet":"max-snippet:-1","max-image-preview":"max-image-preview:large","max-video-preview":"max-video-preview:-1"},"canonical":"https:\/\/letunnel.com\/sistema-di-sicurezza\/squadra-di-pronto-intervento\/","og_locale":"fr_FR","og_type":"article","og_title":"Service de premi\u00e8re intervention - Le Tunnel du Grand-Saint-Bernard","og_description":"LES \u00c9QUIPES ET LES V\u00c9HICULES En cas d\u2019alerte des salles de contr\u00f4le, les \u00e9quipes d\u2019intervention d\u2019urgence, op\u00e9rationnelles 24 h\/24 h, sp\u00e9cialement entra\u00een\u00e9es et form\u00e9es, sont imm\u00e9diatement mises en action. L\u2019\u00e9quipe d\u2019intervention, op\u00e9rationnelle 24 h\/24, dispose de v\u00e9hicules sp\u00e9ciaux dot\u00e9s d\u2019appareils anti-incendie et de premier secours. A chaque portail d&rsquo;entr\u00e9e, sont disponibles un tonne-pompe et un [&hellip;]","og_url":"https:\/\/letunnel.com\/sistema-di-sicurezza\/squadra-di-pronto-intervento\/","og_site_name":"Le Tunnel du Grand-Saint-Bernard","article_modified_time":"2024-04-04T14:10:14+00:00","og_image":[{"url":"https:\/\/z57nbebsowx.preview.infomaniak.website\/wp-content\/uploads\/2023\/10\/H2B4421-Migliorato-NR.png","type":"","width":"","height":""}],"twitter_card":"summary_large_image","twitter_misc":{"Dur\u00e9e de lecture estim\u00e9e":"1 minute"},"schema":{"@context":"https:\/\/schema.org","@graph":[{"@type":"WebPage","@id":"https:\/\/letunnel.com\/sistema-di-sicurezza\/squadra-di-pronto-intervento\/","url":"https:\/\/letunnel.com\/sistema-di-sicurezza\/squadra-di-pronto-intervento\/","name":"Service de premi\u00e8re intervention - Le Tunnel du Grand-Saint-Bernard","isPartOf":{"@id":"https:\/\/letunnel.com\/#website"},"primaryImageOfPage":{"@id":"https:\/\/letunnel.com\/sistema-di-sicurezza\/squadra-di-pronto-intervento\/#primaryimage"},"image":{"@id":"https:\/\/letunnel.com\/sistema-di-sicurezza\/squadra-di-pronto-intervento\/#primaryimage"},"thumbnailUrl":"https:\/\/z57nbebsowx.preview.infomaniak.website\/wp-content\/uploads\/2023\/10\/H2B4421-Migliorato-NR.png","datePublished":"2022-03-23T10:05:10+00:00","dateModified":"2024-04-04T14:10:14+00:00","breadcrumb":{"@id":"https:\/\/letunnel.com\/sistema-di-sicurezza\/squadra-di-pronto-intervento\/#breadcrumb"},"inLanguage":"fr-FR","potentialAction":[{"@type":"ReadAction","target":["https:\/\/letunnel.com\/sistema-di-sicurezza\/squadra-di-pronto-intervento\/"]}]},{"@type":"ImageObject","inLanguage":"fr-FR","@id":"https:\/\/letunnel.com\/sistema-di-sicurezza\/squadra-di-pronto-intervento\/#primaryimage","url":"https:\/\/z57nbebsowx.preview.infomaniak.website\/wp-content\/uploads\/2023\/10\/H2B4421-Migliorato-NR.png","contentUrl":"https:\/\/z57nbebsowx.preview.infomaniak.website\/wp-content\/uploads\/2023\/10\/H2B4421-Migliorato-NR.png"},{"@type":"BreadcrumbList","@id":"https:\/\/letunnel.com\/sistema-di-sicurezza\/squadra-di-pronto-intervento\/#breadcrumb","itemListElement":[{"@type":"ListItem","position":1,"name":"Home","item":"https:\/\/letunnel.com\/"},{"@type":"ListItem","position":2,"name":"Le syst\u00e8me de s\u00e9curit\u00e9","item":"https:\/\/letunnel.com\/sistema-di-sicurezza\/"},{"@type":"ListItem","position":3,"name":"Service de premi\u00e8re intervention"}]},{"@type":"WebSite","@id":"https:\/\/letunnel.com\/#website","url":"https:\/\/letunnel.com\/","name":"Le Tunnel du Grand-Saint-Bernard","description":"Le Tunnel du Grand-Saint-Bernard","publisher":{"@id":"https:\/\/letunnel.com\/#organization"},"potentialAction":[{"@type":"SearchAction","target":{"@type":"EntryPoint","urlTemplate":"https:\/\/letunnel.com\/?s={search_term_string}"},"query-input":{"@type":"PropertyValueSpecification","valueRequired":true,"valueName":"search_term_string"}}],"inLanguage":"fr-FR"},{"@type":"Organization","@id":"https:\/\/letunnel.com\/#organization","name":"Le Tunnel du Grand-Saint-Bernard","url":"https:\/\/letunnel.com\/","logo":{"@type":"ImageObject","inLanguage":"fr-FR","@id":"https:\/\/letunnel.com\/#\/schema\/logo\/image\/","url":"https:\/\/letunnel.com\/wp-content\/uploads\/2023\/10\/LOGO-2023-Tunnel-GS-Bernard-Bianco.png","contentUrl":"https:\/\/letunnel.com\/wp-content\/uploads\/2023\/10\/LOGO-2023-Tunnel-GS-Bernard-Bianco.png","width":540,"height":480,"caption":"Le Tunnel du Grand-Saint-Bernard"},"image":{"@id":"https:\/\/letunnel.com\/#\/schema\/logo\/image\/"}}]}},"coauthors":[],"author_meta":{"author_link":"https:\/\/letunnel.com\/fr\/author\/stefano\/","display_name":"Stefano"},"relative_dates":{"created":"Publi\u00e9 4 ans il y a","modified":"Mis \u00e0 jour 2 ans il y a"},"absolute_dates":{"created":"Publi\u00e9 le 23 mars 2022","modified":"Mise \u00e0 jour le 4 avril 2024"},"absolute_dates_time":{"created":"Publi\u00e9 le 23 mars 2022 10:05 am","modified":"Mise \u00e0 jour le 4 avril 2024 2:10 pm"},"featured_img_caption":"","featured_img":false,"series_order":"","_links":{"self":[{"href":"https:\/\/letunnel.com\/fr\/wp-json\/wp\/v2\/pages\/2117","targetHints":{"allow":["GET"]}}],"collection":[{"href":"https:\/\/letunnel.com\/fr\/wp-json\/wp\/v2\/pages"}],"about":[{"href":"https:\/\/letunnel.com\/fr\/wp-json\/wp\/v2\/types\/page"}],"author":[{"embeddable":true,"href":"https:\/\/letunnel.com\/fr\/wp-json\/wp\/v2\/users\/1"}],"replies":[{"embeddable":true,"href":"https:\/\/letunnel.com\/fr\/wp-json\/wp\/v2\/comments?post=2117"}],"version-history":[{"count":3,"href":"https:\/\/letunnel.com\/fr\/wp-json\/wp\/v2\/pages\/2117\/revisions"}],"predecessor-version":[{"id":8319,"href":"https:\/\/letunnel.com\/fr\/wp-json\/wp\/v2\/pages\/2117\/revisions\/8319"}],"up":[{"embeddable":true,"href":"https:\/\/letunnel.com\/fr\/wp-json\/wp\/v2\/pages\/2104"}],"wp:attachment":[{"href":"https:\/\/letunnel.com\/fr\/wp-json\/wp\/v2\/media?parent=2117"}],"curies":[{"name":"wp","href":"https:\/\/api.w.org\/{rel}","templated":true}]}}