{"id":2130,"date":"2022-03-23T10:04:46","date_gmt":"2022-03-23T10:04:46","guid":{"rendered":"https:\/\/z57nbebsowx.preview.infomaniak.website\/sistema-di-sicurezza\/norme-fondamentali-di-circolazione\/"},"modified":"2024-04-04T14:38:59","modified_gmt":"2024-04-04T14:38:59","slug":"norme-fondamentali-di-circolazione","status":"publish","type":"page","link":"https:\/\/letunnel.com\/fr\/sistema-di-sicurezza\/norme-fondamentali-di-circolazione\/","title":{"rendered":"Les r\u00e8gles fondamentales de la circulation"},"content":{"rendered":"\n<h2 class=\"wp-block-heading\">S\u00c9CURIT\u00c9 DANS LE TUNNEL DU GRAND-SAINT-BERNARD<\/h2>\n\n\n\n<p>Pour votre s\u00e9curit\u00e9, il est n\u00e9cessaire de respecter les r\u00e8gles \u00e9l\u00e9mentaires de circulation dans le Tunnel telles qu&rsquo;elles figurent sur le d\u00e9pliant distribu\u00e9 aux caisses.<\/p>\n\n\n\n<figure class=\"wp-block-gallery has-nested-images columns-default is-cropped wp-block-gallery-1 is-layout-flex wp-block-gallery-is-layout-flex\">\n<figure class=\"wp-block-image size-large\"><img fetchpriority=\"high\" decoding=\"async\" width=\"418\" height=\"1024\" data-id=\"7040\" src=\"https:\/\/z57nbebsowx.preview.infomaniak.website\/wp-content\/uploads\/2023\/12\/Flyer_vert-418x1024.png\" alt=\"\" class=\"wp-image-7040\" srcset=\"https:\/\/letunnel.com\/wp-content\/uploads\/2023\/12\/Flyer_vert-418x1024.png 418w, https:\/\/letunnel.com\/wp-content\/uploads\/2023\/12\/Flyer_vert-123x300.png 123w, https:\/\/letunnel.com\/wp-content\/uploads\/2023\/12\/Flyer_vert-768x1880.png 768w, https:\/\/letunnel.com\/wp-content\/uploads\/2023\/12\/Flyer_vert-837x2048.png 837w, https:\/\/letunnel.com\/wp-content\/uploads\/2023\/12\/Flyer_vert.png 1555w\" sizes=\"(max-width: 418px) 100vw, 418px\" \/><\/figure>\n\n\n\n<figure class=\"wp-block-image size-large\"><img decoding=\"async\" width=\"420\" height=\"1024\" data-id=\"7035\" src=\"https:\/\/z57nbebsowx.preview.infomaniak.website\/wp-content\/uploads\/2023\/12\/Flyer_rouge-1-420x1024.png\" alt=\"\" class=\"wp-image-7035\" srcset=\"https:\/\/letunnel.com\/wp-content\/uploads\/2023\/12\/Flyer_rouge-1-420x1024.png 420w, https:\/\/letunnel.com\/wp-content\/uploads\/2023\/12\/Flyer_rouge-1-123x300.png 123w, https:\/\/letunnel.com\/wp-content\/uploads\/2023\/12\/Flyer_rouge-1-768x1874.png 768w, https:\/\/letunnel.com\/wp-content\/uploads\/2023\/12\/Flyer_rouge-1-839x2048.png 839w, https:\/\/letunnel.com\/wp-content\/uploads\/2023\/12\/Flyer_rouge-1.png 1557w\" sizes=\"(max-width: 420px) 100vw, 420px\" \/><\/figure>\n<\/figure>\n","protected":false},"excerpt":{"rendered":"<p>S\u00c9CURIT\u00c9 DANS LE TUNNEL DU GRAND-SAINT-BERNARD Pour votre s\u00e9curit\u00e9, il est n\u00e9cessaire de respecter les r\u00e8gles \u00e9l\u00e9mentaires de circulation dans le Tunnel telles qu&rsquo;elles figurent sur le d\u00e9pliant distribu\u00e9 aux caisses.<\/p>\n","protected":false},"author":1,"featured_media":0,"parent":2104,"menu_order":0,"comment_status":"closed","ping_status":"closed","template":"","meta":{"_acf_changed":false,"advgb_blocks_editor_width":"","advgb_blocks_columns_visual_guide":"","footnotes":""},"class_list":["post-2130","page","type-page","status-publish","hentry"],"acf":[],"yoast_head":"<!-- This site is optimized with the Yoast SEO plugin v25.3.1 - https:\/\/yoast.com\/wordpress\/plugins\/seo\/ -->\n<title>Les r\u00e8gles fondamentales de la circulation - Le Tunnel du Grand-Saint-Bernard<\/title>\n<meta name=\"robots\" content=\"index, follow, max-snippet:-1, max-image-preview:large, max-video-preview:-1\" \/>\n<link rel=\"canonical\" href=\"https:\/\/letunnel.com\/sistema-di-sicurezza\/norme-fondamentali-di-circolazione\/\" \/>\n<meta property=\"og:locale\" content=\"fr_FR\" \/>\n<meta property=\"og:type\" content=\"article\" \/>\n<meta property=\"og:title\" content=\"Les r\u00e8gles fondamentales de la circulation - Le Tunnel du Grand-Saint-Bernard\" \/>\n<meta property=\"og:description\" content=\"S\u00c9CURIT\u00c9 DANS LE TUNNEL DU GRAND-SAINT-BERNARD Pour votre s\u00e9curit\u00e9, il est n\u00e9cessaire de respecter les r\u00e8gles \u00e9l\u00e9mentaires de circulation dans le Tunnel telles qu&rsquo;elles figurent sur le d\u00e9pliant distribu\u00e9 aux caisses.\" \/>\n<meta property=\"og:url\" content=\"https:\/\/letunnel.com\/sistema-di-sicurezza\/norme-fondamentali-di-circolazione\/\" \/>\n<meta property=\"og:site_name\" content=\"Le Tunnel du Grand-Saint-Bernard\" \/>\n<meta property=\"article:modified_time\" content=\"2024-04-04T14:38:59+00:00\" \/>\n<meta property=\"og:image\" content=\"https:\/\/z57nbebsowx.preview.infomaniak.website\/wp-content\/uploads\/2023\/12\/Flyer_vert-418x1024.png\" \/>\n<meta name=\"twitter:card\" content=\"summary_large_image\" \/>\n<meta name=\"twitter:label1\" content=\"Dur\u00e9e de lecture estim\u00e9e\" \/>\n\t<meta name=\"twitter:data1\" content=\"1 minute\" \/>\n<script type=\"application\/ld+json\" class=\"yoast-schema-graph\">{\"@context\":\"https:\/\/schema.org\",\"@graph\":[{\"@type\":\"WebPage\",\"@id\":\"https:\/\/letunnel.com\/sistema-di-sicurezza\/norme-fondamentali-di-circolazione\/\",\"url\":\"https:\/\/letunnel.com\/sistema-di-sicurezza\/norme-fondamentali-di-circolazione\/\",\"name\":\"Les r\u00e8gles fondamentales de la circulation - Le Tunnel du Grand-Saint-Bernard\",\"isPartOf\":{\"@id\":\"https:\/\/letunnel.com\/#website\"},\"primaryImageOfPage\":{\"@id\":\"https:\/\/letunnel.com\/sistema-di-sicurezza\/norme-fondamentali-di-circolazione\/#primaryimage\"},\"image\":{\"@id\":\"https:\/\/letunnel.com\/sistema-di-sicurezza\/norme-fondamentali-di-circolazione\/#primaryimage\"},\"thumbnailUrl\":\"https:\/\/z57nbebsowx.preview.infomaniak.website\/wp-content\/uploads\/2023\/12\/Flyer_vert-418x1024.png\",\"datePublished\":\"2022-03-23T10:04:46+00:00\",\"dateModified\":\"2024-04-04T14:38:59+00:00\",\"breadcrumb\":{\"@id\":\"https:\/\/letunnel.com\/sistema-di-sicurezza\/norme-fondamentali-di-circolazione\/#breadcrumb\"},\"inLanguage\":\"fr-FR\",\"potentialAction\":[{\"@type\":\"ReadAction\",\"target\":[\"https:\/\/letunnel.com\/sistema-di-sicurezza\/norme-fondamentali-di-circolazione\/\"]}]},{\"@type\":\"ImageObject\",\"inLanguage\":\"fr-FR\",\"@id\":\"https:\/\/letunnel.com\/sistema-di-sicurezza\/norme-fondamentali-di-circolazione\/#primaryimage\",\"url\":\"https:\/\/z57nbebsowx.preview.infomaniak.website\/wp-content\/uploads\/2023\/12\/Flyer_vert-418x1024.png\",\"contentUrl\":\"https:\/\/z57nbebsowx.preview.infomaniak.website\/wp-content\/uploads\/2023\/12\/Flyer_vert-418x1024.png\"},{\"@type\":\"BreadcrumbList\",\"@id\":\"https:\/\/letunnel.com\/sistema-di-sicurezza\/norme-fondamentali-di-circolazione\/#breadcrumb\",\"itemListElement\":[{\"@type\":\"ListItem\",\"position\":1,\"name\":\"Home\",\"item\":\"https:\/\/letunnel.com\/\"},{\"@type\":\"ListItem\",\"position\":2,\"name\":\"Le syst\u00e8me de s\u00e9curit\u00e9\",\"item\":\"https:\/\/letunnel.com\/sistema-di-sicurezza\/\"},{\"@type\":\"ListItem\",\"position\":3,\"name\":\"Les r\u00e8gles fondamentales de la circulation\"}]},{\"@type\":\"WebSite\",\"@id\":\"https:\/\/letunnel.com\/#website\",\"url\":\"https:\/\/letunnel.com\/\",\"name\":\"Le Tunnel du Grand-Saint-Bernard\",\"description\":\"Le Tunnel du Grand-Saint-Bernard\",\"publisher\":{\"@id\":\"https:\/\/letunnel.com\/#organization\"},\"potentialAction\":[{\"@type\":\"SearchAction\",\"target\":{\"@type\":\"EntryPoint\",\"urlTemplate\":\"https:\/\/letunnel.com\/?s={search_term_string}\"},\"query-input\":{\"@type\":\"PropertyValueSpecification\",\"valueRequired\":true,\"valueName\":\"search_term_string\"}}],\"inLanguage\":\"fr-FR\"},{\"@type\":\"Organization\",\"@id\":\"https:\/\/letunnel.com\/#organization\",\"name\":\"Le Tunnel du Grand-Saint-Bernard\",\"url\":\"https:\/\/letunnel.com\/\",\"logo\":{\"@type\":\"ImageObject\",\"inLanguage\":\"fr-FR\",\"@id\":\"https:\/\/letunnel.com\/#\/schema\/logo\/image\/\",\"url\":\"https:\/\/letunnel.com\/wp-content\/uploads\/2023\/10\/LOGO-2023-Tunnel-GS-Bernard-Bianco.png\",\"contentUrl\":\"https:\/\/letunnel.com\/wp-content\/uploads\/2023\/10\/LOGO-2023-Tunnel-GS-Bernard-Bianco.png\",\"width\":540,\"height\":480,\"caption\":\"Le Tunnel du Grand-Saint-Bernard\"},\"image\":{\"@id\":\"https:\/\/letunnel.com\/#\/schema\/logo\/image\/\"}}]}<\/script>\n<!-- \/ Yoast SEO plugin. -->","yoast_head_json":{"title":"Les r\u00e8gles fondamentales de la circulation - Le Tunnel du Grand-Saint-Bernard","robots":{"index":"index","follow":"follow","max-snippet":"max-snippet:-1","max-image-preview":"max-image-preview:large","max-video-preview":"max-video-preview:-1"},"canonical":"https:\/\/letunnel.com\/sistema-di-sicurezza\/norme-fondamentali-di-circolazione\/","og_locale":"fr_FR","og_type":"article","og_title":"Les r\u00e8gles fondamentales de la circulation - Le Tunnel du Grand-Saint-Bernard","og_description":"S\u00c9CURIT\u00c9 DANS LE TUNNEL DU GRAND-SAINT-BERNARD Pour votre s\u00e9curit\u00e9, il est n\u00e9cessaire de respecter les r\u00e8gles \u00e9l\u00e9mentaires de circulation dans le Tunnel telles qu&rsquo;elles figurent sur le d\u00e9pliant distribu\u00e9 aux caisses.","og_url":"https:\/\/letunnel.com\/sistema-di-sicurezza\/norme-fondamentali-di-circolazione\/","og_site_name":"Le Tunnel du Grand-Saint-Bernard","article_modified_time":"2024-04-04T14:38:59+00:00","og_image":[{"url":"https:\/\/z57nbebsowx.preview.infomaniak.website\/wp-content\/uploads\/2023\/12\/Flyer_vert-418x1024.png","type":"","width":"","height":""}],"twitter_card":"summary_large_image","twitter_misc":{"Dur\u00e9e de lecture estim\u00e9e":"1 minute"},"schema":{"@context":"https:\/\/schema.org","@graph":[{"@type":"WebPage","@id":"https:\/\/letunnel.com\/sistema-di-sicurezza\/norme-fondamentali-di-circolazione\/","url":"https:\/\/letunnel.com\/sistema-di-sicurezza\/norme-fondamentali-di-circolazione\/","name":"Les r\u00e8gles fondamentales de la circulation - Le Tunnel du Grand-Saint-Bernard","isPartOf":{"@id":"https:\/\/letunnel.com\/#website"},"primaryImageOfPage":{"@id":"https:\/\/letunnel.com\/sistema-di-sicurezza\/norme-fondamentali-di-circolazione\/#primaryimage"},"image":{"@id":"https:\/\/letunnel.com\/sistema-di-sicurezza\/norme-fondamentali-di-circolazione\/#primaryimage"},"thumbnailUrl":"https:\/\/z57nbebsowx.preview.infomaniak.website\/wp-content\/uploads\/2023\/12\/Flyer_vert-418x1024.png","datePublished":"2022-03-23T10:04:46+00:00","dateModified":"2024-04-04T14:38:59+00:00","breadcrumb":{"@id":"https:\/\/letunnel.com\/sistema-di-sicurezza\/norme-fondamentali-di-circolazione\/#breadcrumb"},"inLanguage":"fr-FR","potentialAction":[{"@type":"ReadAction","target":["https:\/\/letunnel.com\/sistema-di-sicurezza\/norme-fondamentali-di-circolazione\/"]}]},{"@type":"ImageObject","inLanguage":"fr-FR","@id":"https:\/\/letunnel.com\/sistema-di-sicurezza\/norme-fondamentali-di-circolazione\/#primaryimage","url":"https:\/\/z57nbebsowx.preview.infomaniak.website\/wp-content\/uploads\/2023\/12\/Flyer_vert-418x1024.png","contentUrl":"https:\/\/z57nbebsowx.preview.infomaniak.website\/wp-content\/uploads\/2023\/12\/Flyer_vert-418x1024.png"},{"@type":"BreadcrumbList","@id":"https:\/\/letunnel.com\/sistema-di-sicurezza\/norme-fondamentali-di-circolazione\/#breadcrumb","itemListElement":[{"@type":"ListItem","position":1,"name":"Home","item":"https:\/\/letunnel.com\/"},{"@type":"ListItem","position":2,"name":"Le syst\u00e8me de s\u00e9curit\u00e9","item":"https:\/\/letunnel.com\/sistema-di-sicurezza\/"},{"@type":"ListItem","position":3,"name":"Les r\u00e8gles fondamentales de la circulation"}]},{"@type":"WebSite","@id":"https:\/\/letunnel.com\/#website","url":"https:\/\/letunnel.com\/","name":"Le Tunnel du Grand-Saint-Bernard","description":"Le Tunnel du Grand-Saint-Bernard","publisher":{"@id":"https:\/\/letunnel.com\/#organization"},"potentialAction":[{"@type":"SearchAction","target":{"@type":"EntryPoint","urlTemplate":"https:\/\/letunnel.com\/?s={search_term_string}"},"query-input":{"@type":"PropertyValueSpecification","valueRequired":true,"valueName":"search_term_string"}}],"inLanguage":"fr-FR"},{"@type":"Organization","@id":"https:\/\/letunnel.com\/#organization","name":"Le Tunnel du Grand-Saint-Bernard","url":"https:\/\/letunnel.com\/","logo":{"@type":"ImageObject","inLanguage":"fr-FR","@id":"https:\/\/letunnel.com\/#\/schema\/logo\/image\/","url":"https:\/\/letunnel.com\/wp-content\/uploads\/2023\/10\/LOGO-2023-Tunnel-GS-Bernard-Bianco.png","contentUrl":"https:\/\/letunnel.com\/wp-content\/uploads\/2023\/10\/LOGO-2023-Tunnel-GS-Bernard-Bianco.png","width":540,"height":480,"caption":"Le Tunnel du Grand-Saint-Bernard"},"image":{"@id":"https:\/\/letunnel.com\/#\/schema\/logo\/image\/"}}]}},"coauthors":[],"author_meta":{"author_link":"https:\/\/letunnel.com\/fr\/author\/stefano\/","display_name":"Stefano"},"relative_dates":{"created":"Publi\u00e9 4 ans il y a","modified":"Mis \u00e0 jour 2 ans il y a"},"absolute_dates":{"created":"Publi\u00e9 le 23 mars 2022","modified":"Mise \u00e0 jour le 4 avril 2024"},"absolute_dates_time":{"created":"Publi\u00e9 le 23 mars 2022 10:04 am","modified":"Mise \u00e0 jour le 4 avril 2024 2:38 pm"},"featured_img_caption":"","featured_img":false,"series_order":"","_links":{"self":[{"href":"https:\/\/letunnel.com\/fr\/wp-json\/wp\/v2\/pages\/2130","targetHints":{"allow":["GET"]}}],"collection":[{"href":"https:\/\/letunnel.com\/fr\/wp-json\/wp\/v2\/pages"}],"about":[{"href":"https:\/\/letunnel.com\/fr\/wp-json\/wp\/v2\/types\/page"}],"author":[{"embeddable":true,"href":"https:\/\/letunnel.com\/fr\/wp-json\/wp\/v2\/users\/1"}],"replies":[{"embeddable":true,"href":"https:\/\/letunnel.com\/fr\/wp-json\/wp\/v2\/comments?post=2130"}],"version-history":[{"count":7,"href":"https:\/\/letunnel.com\/fr\/wp-json\/wp\/v2\/pages\/2130\/revisions"}],"predecessor-version":[{"id":8326,"href":"https:\/\/letunnel.com\/fr\/wp-json\/wp\/v2\/pages\/2130\/revisions\/8326"}],"up":[{"embeddable":true,"href":"https:\/\/letunnel.com\/fr\/wp-json\/wp\/v2\/pages\/2104"}],"wp:attachment":[{"href":"https:\/\/letunnel.com\/fr\/wp-json\/wp\/v2\/media?parent=2130"}],"curies":[{"name":"wp","href":"https:\/\/api.w.org\/{rel}","templated":true}]}}