{"id":2137,"date":"2022-03-23T10:03:28","date_gmt":"2022-03-23T10:03:28","guid":{"rendered":"https:\/\/z57nbebsowx.preview.infomaniak.website\/trasporti-eccezionali\/"},"modified":"2024-04-04T09:57:03","modified_gmt":"2024-04-04T09:57:03","slug":"trasporti-eccezionali","status":"publish","type":"page","link":"https:\/\/letunnel.com\/fr\/trafic-commercial\/trasporti-eccezionali\/","title":{"rendered":"Transports exceptionnels"},"content":{"rendered":"\n<h2 class=\"wp-block-heading\">TRANSPORTS EXCEPTIONNELS DANS LE TUNNEL DU GRAND-SAINT-BERNARD<\/h2>\n\n\n\n<p>Les soci\u00e9t\u00e9s d\u2019exploitation autorisent le passage de v\u00e9hicules exceptionnels respectant les mesures de s\u00e9curit\u00e9 n\u00e9cessaires. Les chauffeurs doivent \u00eatre en possession d\u2019une autorisation pour le d\u00e9passement des poids et des dimensions fix\u00e9s par la l\u00e9gislation des deux pays.<br>Dans ces conditions, sont admis \u00e0 la circulation dans le tunnel, les v\u00e9hicules qui d\u00e9passent les dimensions et les poids pr\u00e9vus \u00e0 l\u2019art. 1 des proc\u00e9dures internes du r\u00e8glement de circulation.<br>Pour l&rsquo;obtention de l&rsquo;autorisation, s&rsquo;adresser \u00e0:<\/p>\n\n\n\n<p><strong>T.E.C.S.<br><\/strong>Trasporti Eccezionali Centro Servizi<br>Barriera Autostradale Rondissone<br>Tel.: 011-91415236 &#8211; Fax: 0141-931502<\/p>\n\n\n\n<p>Link: <a href=\"http:\/\/www.teonline.it\" target=\"_blank\" rel=\"noreferrer noopener\">http:\/\/www.teonline.it<\/a><\/p>\n\n\n\n<p>La proc\u00e9dure doit \u00eatre suivie soit pour la direction Italie-Suisse que pour la direction Suisse-Italie.<br>L\u2019autorisation est valable pour le Tunnel et pour les 10 km de la route d\u2019acc\u00e8s sur le c\u00f4t\u00e9 italien et <strong>doit \u00eatre imp\u00e9rativement demand\u00e9e 15 jours avant la date du transit.<\/strong><\/p>\n","protected":false},"excerpt":{"rendered":"<p>TRANSPORTS EXCEPTIONNELS DANS LE TUNNEL DU GRAND-SAINT-BERNARD Les soci\u00e9t\u00e9s d\u2019exploitation autorisent le passage de v\u00e9hicules exceptionnels respectant les mesures de s\u00e9curit\u00e9 n\u00e9cessaires. Les chauffeurs doivent \u00eatre en possession d\u2019une autorisation pour le d\u00e9passement des poids et des dimensions fix\u00e9s par la l\u00e9gislation des deux pays.Dans ces conditions, sont admis \u00e0 la circulation dans le tunnel, [&hellip;]<\/p>\n","protected":false},"author":1,"featured_media":0,"parent":6121,"menu_order":0,"comment_status":"closed","ping_status":"closed","template":"","meta":{"_acf_changed":false,"advgb_blocks_editor_width":"","advgb_blocks_columns_visual_guide":"","footnotes":""},"class_list":["post-2137","page","type-page","status-publish","hentry"],"acf":[],"yoast_head":"<!-- This site is optimized with the Yoast SEO plugin v25.3.1 - https:\/\/yoast.com\/wordpress\/plugins\/seo\/ -->\n<title>Transports exceptionnels - Le Tunnel du Grand-Saint-Bernard<\/title>\n<meta name=\"robots\" content=\"index, follow, max-snippet:-1, max-image-preview:large, max-video-preview:-1\" \/>\n<link rel=\"canonical\" href=\"https:\/\/letunnel.com\/traffico-commerciale\/trasporti-eccezionali\/\" \/>\n<meta property=\"og:locale\" content=\"fr_FR\" \/>\n<meta property=\"og:type\" content=\"article\" \/>\n<meta property=\"og:title\" content=\"Transports exceptionnels - Le Tunnel du Grand-Saint-Bernard\" \/>\n<meta property=\"og:description\" content=\"TRANSPORTS EXCEPTIONNELS DANS LE TUNNEL DU GRAND-SAINT-BERNARD Les soci\u00e9t\u00e9s d\u2019exploitation autorisent le passage de v\u00e9hicules exceptionnels respectant les mesures de s\u00e9curit\u00e9 n\u00e9cessaires. Les chauffeurs doivent \u00eatre en possession d\u2019une autorisation pour le d\u00e9passement des poids et des dimensions fix\u00e9s par la l\u00e9gislation des deux pays.Dans ces conditions, sont admis \u00e0 la circulation dans le tunnel, [&hellip;]\" \/>\n<meta property=\"og:url\" content=\"https:\/\/letunnel.com\/traffico-commerciale\/trasporti-eccezionali\/\" \/>\n<meta property=\"og:site_name\" content=\"Le Tunnel du Grand-Saint-Bernard\" \/>\n<meta property=\"article:modified_time\" content=\"2024-04-04T09:57:03+00:00\" \/>\n<meta name=\"twitter:card\" content=\"summary_large_image\" \/>\n<meta name=\"twitter:label1\" content=\"Dur\u00e9e de lecture estim\u00e9e\" \/>\n\t<meta name=\"twitter:data1\" content=\"1 minute\" \/>\n<script type=\"application\/ld+json\" class=\"yoast-schema-graph\">{\"@context\":\"https:\/\/schema.org\",\"@graph\":[{\"@type\":\"WebPage\",\"@id\":\"https:\/\/letunnel.com\/traffico-commerciale\/trasporti-eccezionali\/\",\"url\":\"https:\/\/letunnel.com\/traffico-commerciale\/trasporti-eccezionali\/\",\"name\":\"Transports exceptionnels - Le Tunnel du Grand-Saint-Bernard\",\"isPartOf\":{\"@id\":\"https:\/\/letunnel.com\/#website\"},\"datePublished\":\"2022-03-23T10:03:28+00:00\",\"dateModified\":\"2024-04-04T09:57:03+00:00\",\"breadcrumb\":{\"@id\":\"https:\/\/letunnel.com\/traffico-commerciale\/trasporti-eccezionali\/#breadcrumb\"},\"inLanguage\":\"fr-FR\",\"potentialAction\":[{\"@type\":\"ReadAction\",\"target\":[\"https:\/\/letunnel.com\/traffico-commerciale\/trasporti-eccezionali\/\"]}]},{\"@type\":\"BreadcrumbList\",\"@id\":\"https:\/\/letunnel.com\/traffico-commerciale\/trasporti-eccezionali\/#breadcrumb\",\"itemListElement\":[{\"@type\":\"ListItem\",\"position\":1,\"name\":\"Home\",\"item\":\"https:\/\/letunnel.com\/\"},{\"@type\":\"ListItem\",\"position\":2,\"name\":\"Trafic commercial\",\"item\":\"https:\/\/letunnel.com\/fr\/trafic-commercial\/\"},{\"@type\":\"ListItem\",\"position\":3,\"name\":\"Transports exceptionnels\"}]},{\"@type\":\"WebSite\",\"@id\":\"https:\/\/letunnel.com\/#website\",\"url\":\"https:\/\/letunnel.com\/\",\"name\":\"Le Tunnel du Grand-Saint-Bernard\",\"description\":\"Le Tunnel du Grand-Saint-Bernard\",\"publisher\":{\"@id\":\"https:\/\/letunnel.com\/#organization\"},\"potentialAction\":[{\"@type\":\"SearchAction\",\"target\":{\"@type\":\"EntryPoint\",\"urlTemplate\":\"https:\/\/letunnel.com\/?s={search_term_string}\"},\"query-input\":{\"@type\":\"PropertyValueSpecification\",\"valueRequired\":true,\"valueName\":\"search_term_string\"}}],\"inLanguage\":\"fr-FR\"},{\"@type\":\"Organization\",\"@id\":\"https:\/\/letunnel.com\/#organization\",\"name\":\"Le Tunnel du Grand-Saint-Bernard\",\"url\":\"https:\/\/letunnel.com\/\",\"logo\":{\"@type\":\"ImageObject\",\"inLanguage\":\"fr-FR\",\"@id\":\"https:\/\/letunnel.com\/#\/schema\/logo\/image\/\",\"url\":\"https:\/\/letunnel.com\/wp-content\/uploads\/2023\/10\/LOGO-2023-Tunnel-GS-Bernard-Bianco.png\",\"contentUrl\":\"https:\/\/letunnel.com\/wp-content\/uploads\/2023\/10\/LOGO-2023-Tunnel-GS-Bernard-Bianco.png\",\"width\":540,\"height\":480,\"caption\":\"Le Tunnel du Grand-Saint-Bernard\"},\"image\":{\"@id\":\"https:\/\/letunnel.com\/#\/schema\/logo\/image\/\"}}]}<\/script>\n<!-- \/ Yoast SEO plugin. -->","yoast_head_json":{"title":"Transports exceptionnels - Le Tunnel du Grand-Saint-Bernard","robots":{"index":"index","follow":"follow","max-snippet":"max-snippet:-1","max-image-preview":"max-image-preview:large","max-video-preview":"max-video-preview:-1"},"canonical":"https:\/\/letunnel.com\/traffico-commerciale\/trasporti-eccezionali\/","og_locale":"fr_FR","og_type":"article","og_title":"Transports exceptionnels - Le Tunnel du Grand-Saint-Bernard","og_description":"TRANSPORTS EXCEPTIONNELS DANS LE TUNNEL DU GRAND-SAINT-BERNARD Les soci\u00e9t\u00e9s d\u2019exploitation autorisent le passage de v\u00e9hicules exceptionnels respectant les mesures de s\u00e9curit\u00e9 n\u00e9cessaires. Les chauffeurs doivent \u00eatre en possession d\u2019une autorisation pour le d\u00e9passement des poids et des dimensions fix\u00e9s par la l\u00e9gislation des deux pays.Dans ces conditions, sont admis \u00e0 la circulation dans le tunnel, [&hellip;]","og_url":"https:\/\/letunnel.com\/traffico-commerciale\/trasporti-eccezionali\/","og_site_name":"Le Tunnel du Grand-Saint-Bernard","article_modified_time":"2024-04-04T09:57:03+00:00","twitter_card":"summary_large_image","twitter_misc":{"Dur\u00e9e de lecture estim\u00e9e":"1 minute"},"schema":{"@context":"https:\/\/schema.org","@graph":[{"@type":"WebPage","@id":"https:\/\/letunnel.com\/traffico-commerciale\/trasporti-eccezionali\/","url":"https:\/\/letunnel.com\/traffico-commerciale\/trasporti-eccezionali\/","name":"Transports exceptionnels - Le Tunnel du Grand-Saint-Bernard","isPartOf":{"@id":"https:\/\/letunnel.com\/#website"},"datePublished":"2022-03-23T10:03:28+00:00","dateModified":"2024-04-04T09:57:03+00:00","breadcrumb":{"@id":"https:\/\/letunnel.com\/traffico-commerciale\/trasporti-eccezionali\/#breadcrumb"},"inLanguage":"fr-FR","potentialAction":[{"@type":"ReadAction","target":["https:\/\/letunnel.com\/traffico-commerciale\/trasporti-eccezionali\/"]}]},{"@type":"BreadcrumbList","@id":"https:\/\/letunnel.com\/traffico-commerciale\/trasporti-eccezionali\/#breadcrumb","itemListElement":[{"@type":"ListItem","position":1,"name":"Home","item":"https:\/\/letunnel.com\/"},{"@type":"ListItem","position":2,"name":"Trafic commercial","item":"https:\/\/letunnel.com\/fr\/trafic-commercial\/"},{"@type":"ListItem","position":3,"name":"Transports exceptionnels"}]},{"@type":"WebSite","@id":"https:\/\/letunnel.com\/#website","url":"https:\/\/letunnel.com\/","name":"Le Tunnel du Grand-Saint-Bernard","description":"Le Tunnel du Grand-Saint-Bernard","publisher":{"@id":"https:\/\/letunnel.com\/#organization"},"potentialAction":[{"@type":"SearchAction","target":{"@type":"EntryPoint","urlTemplate":"https:\/\/letunnel.com\/?s={search_term_string}"},"query-input":{"@type":"PropertyValueSpecification","valueRequired":true,"valueName":"search_term_string"}}],"inLanguage":"fr-FR"},{"@type":"Organization","@id":"https:\/\/letunnel.com\/#organization","name":"Le Tunnel du Grand-Saint-Bernard","url":"https:\/\/letunnel.com\/","logo":{"@type":"ImageObject","inLanguage":"fr-FR","@id":"https:\/\/letunnel.com\/#\/schema\/logo\/image\/","url":"https:\/\/letunnel.com\/wp-content\/uploads\/2023\/10\/LOGO-2023-Tunnel-GS-Bernard-Bianco.png","contentUrl":"https:\/\/letunnel.com\/wp-content\/uploads\/2023\/10\/LOGO-2023-Tunnel-GS-Bernard-Bianco.png","width":540,"height":480,"caption":"Le Tunnel du Grand-Saint-Bernard"},"image":{"@id":"https:\/\/letunnel.com\/#\/schema\/logo\/image\/"}}]}},"coauthors":[],"author_meta":{"author_link":"https:\/\/letunnel.com\/fr\/author\/stefano\/","display_name":"Stefano"},"relative_dates":{"created":"Publi\u00e9 4 ans il y a","modified":"Mis \u00e0 jour 2 ans il y a"},"absolute_dates":{"created":"Publi\u00e9 le 23 mars 2022","modified":"Mise \u00e0 jour le 4 avril 2024"},"absolute_dates_time":{"created":"Publi\u00e9 le 23 mars 2022 10:03 am","modified":"Mise \u00e0 jour le 4 avril 2024 9:57 am"},"featured_img_caption":"","featured_img":false,"series_order":"","_links":{"self":[{"href":"https:\/\/letunnel.com\/fr\/wp-json\/wp\/v2\/pages\/2137","targetHints":{"allow":["GET"]}}],"collection":[{"href":"https:\/\/letunnel.com\/fr\/wp-json\/wp\/v2\/pages"}],"about":[{"href":"https:\/\/letunnel.com\/fr\/wp-json\/wp\/v2\/types\/page"}],"author":[{"embeddable":true,"href":"https:\/\/letunnel.com\/fr\/wp-json\/wp\/v2\/users\/1"}],"replies":[{"embeddable":true,"href":"https:\/\/letunnel.com\/fr\/wp-json\/wp\/v2\/comments?post=2137"}],"version-history":[{"count":6,"href":"https:\/\/letunnel.com\/fr\/wp-json\/wp\/v2\/pages\/2137\/revisions"}],"predecessor-version":[{"id":8237,"href":"https:\/\/letunnel.com\/fr\/wp-json\/wp\/v2\/pages\/2137\/revisions\/8237"}],"up":[{"embeddable":true,"href":"https:\/\/letunnel.com\/fr\/wp-json\/wp\/v2\/pages\/6121"}],"wp:attachment":[{"href":"https:\/\/letunnel.com\/fr\/wp-json\/wp\/v2\/media?parent=2137"}],"curies":[{"name":"wp","href":"https:\/\/api.w.org\/{rel}","templated":true}]}}