{"id":6114,"date":"2022-03-28T07:35:43","date_gmt":"2022-03-28T07:35:43","guid":{"rendered":"https:\/\/z57nbebsowx.preview.infomaniak.website\/modulo-richiesta-fatturazione\/"},"modified":"2023-10-19T09:41:39","modified_gmt":"2023-10-19T09:41:39","slug":"modulo-richiesta-fatturazione","status":"publish","type":"page","link":"https:\/\/letunnel.com\/fr\/trafic-commercial\/modulo-richiesta-fatturazione\/","title":{"rendered":"MODULO RICHIESTA FATTURAZIONE"},"content":{"rendered":"\n<h2 class=\"wp-block-heading advgb-dyn-32e3cf78\">FATTURAZIONE DEI PASSAGGI ACQUISTATI DAL LATO ITALIANO<\/h2>\n\n\n\n<p>Per richiedere la fatturazione dei transiti e degli abbonamenti acquistati sul lato italiano del Traforo, \u00e8 possibile utilizzare il modulo allegato. Tale modulo, debitamente compilato e sottoscritto, dovr\u00e0 essere inviato, unitamente agli scontrini per i quali si richiede la fatturazione, alla Societ\u00e0&nbsp;<a href=\"https:\/\/z57nbebsowx.preview.infomaniak.website\/datapage.asp?id=30&amp;l=1\">SITRASB S.p.A.<\/a>&nbsp;&#8211; a mezzo servizio postale o a mezzo email.<br>SITRASB S.p.a.&nbsp; Via Chamb\u00e9ry n.51 \u2013 11100 AOSTA<br>email:&nbsp;<a href=\"mailto:sitrasb@sitrasb.it\">sitrasb@sitrasb.it<\/a><\/p>\n\n\n\n<p>In caso di trasmissione via email dovr\u00e0 essere eseguita una scansione in formato PDF dello scontrino con indicazione leggibile del relativo codice.&nbsp;La fatturazione avviene, di norma, all&rsquo;inizio di ogni mese; le fatture che vengono emesse sono non imponibili IVA ai sensi della Legge n. 81 del 13 maggio 2010.<\/p>\n\n\n\n<div data-wp-interactive=\"core\/file\" class=\"wp-block-file\"><object data-wp-bind--hidden=\"!state.hasPdfPreview\" hidden class=\"wp-block-file__embed\" data=\"https:\/\/z57nbebsowx.preview.infomaniak.website\/wp-content\/uploads\/2022\/03\/modulo_fatturazione_pedaggi.pdf\" type=\"application\/pdf\" style=\"width:100%;height:600px\" aria-label=\"PDF embarqu\u00e9\"><\/object><a href=\"https:\/\/z57nbebsowx.preview.infomaniak.website\/wp-content\/uploads\/2022\/03\/modulo_fatturazione_pedaggi.pdf\" class=\"wp-block-file__button wp-element-button\" download>Download<\/a><\/div>\n","protected":false},"excerpt":{"rendered":"<p>FATTURAZIONE DEI PASSAGGI ACQUISTATI DAL LATO ITALIANO Per richiedere la fatturazione dei transiti e degli abbonamenti acquistati sul lato italiano del Traforo, \u00e8 possibile utilizzare il modulo allegato. Tale modulo, debitamente compilato e sottoscritto, dovr\u00e0 essere inviato, unitamente agli scontrini per i quali si richiede la fatturazione, alla Societ\u00e0&nbsp;SITRASB S.p.A.&nbsp;&#8211; a mezzo servizio postale o [&hellip;]<\/p>\n","protected":false},"author":1,"featured_media":0,"parent":6121,"menu_order":0,"comment_status":"closed","ping_status":"closed","template":"","meta":{"_acf_changed":false,"advgb_blocks_editor_width":"","advgb_blocks_columns_visual_guide":"","footnotes":""},"class_list":["post-6114","page","type-page","status-publish","hentry"],"acf":[],"yoast_head":"<!-- This site is optimized with the Yoast SEO plugin v25.3.1 - https:\/\/yoast.com\/wordpress\/plugins\/seo\/ -->\n<title>MODULO RICHIESTA FATTURAZIONE - Le Tunnel du Grand-Saint-Bernard<\/title>\n<meta name=\"robots\" content=\"index, follow, max-snippet:-1, max-image-preview:large, max-video-preview:-1\" \/>\n<link rel=\"canonical\" href=\"https:\/\/letunnel.com\/fr\/trafic-commercial\/modulo-richiesta-fatturazione\/\" \/>\n<meta property=\"og:locale\" content=\"fr_FR\" \/>\n<meta property=\"og:type\" content=\"article\" \/>\n<meta property=\"og:title\" content=\"MODULO RICHIESTA FATTURAZIONE - Le Tunnel du Grand-Saint-Bernard\" \/>\n<meta property=\"og:description\" content=\"FATTURAZIONE DEI PASSAGGI ACQUISTATI DAL LATO ITALIANO Per richiedere la fatturazione dei transiti e degli abbonamenti acquistati sul lato italiano del Traforo, \u00e8 possibile utilizzare il modulo allegato. Tale modulo, debitamente compilato e sottoscritto, dovr\u00e0 essere inviato, unitamente agli scontrini per i quali si richiede la fatturazione, alla Societ\u00e0&nbsp;SITRASB S.p.A.&nbsp;&#8211; a mezzo servizio postale o [&hellip;]\" \/>\n<meta property=\"og:url\" content=\"https:\/\/letunnel.com\/fr\/trafic-commercial\/modulo-richiesta-fatturazione\/\" \/>\n<meta property=\"og:site_name\" content=\"Le Tunnel du Grand-Saint-Bernard\" \/>\n<meta property=\"article:modified_time\" content=\"2023-10-19T09:41:39+00:00\" \/>\n<meta name=\"twitter:card\" content=\"summary_large_image\" \/>\n<meta name=\"twitter:label1\" content=\"Dur\u00e9e de lecture estim\u00e9e\" \/>\n\t<meta name=\"twitter:data1\" content=\"1 minute\" \/>\n<script type=\"application\/ld+json\" class=\"yoast-schema-graph\">{\"@context\":\"https:\/\/schema.org\",\"@graph\":[{\"@type\":\"WebPage\",\"@id\":\"https:\/\/letunnel.com\/fr\/trafic-commercial\/modulo-richiesta-fatturazione\/\",\"url\":\"https:\/\/letunnel.com\/fr\/trafic-commercial\/modulo-richiesta-fatturazione\/\",\"name\":\"MODULO RICHIESTA FATTURAZIONE - Le Tunnel du Grand-Saint-Bernard\",\"isPartOf\":{\"@id\":\"https:\/\/letunnel.com\/#website\"},\"datePublished\":\"2022-03-28T07:35:43+00:00\",\"dateModified\":\"2023-10-19T09:41:39+00:00\",\"breadcrumb\":{\"@id\":\"https:\/\/letunnel.com\/fr\/trafic-commercial\/modulo-richiesta-fatturazione\/#breadcrumb\"},\"inLanguage\":\"fr-FR\",\"potentialAction\":[{\"@type\":\"ReadAction\",\"target\":[\"https:\/\/letunnel.com\/fr\/trafic-commercial\/modulo-richiesta-fatturazione\/\"]}]},{\"@type\":\"BreadcrumbList\",\"@id\":\"https:\/\/letunnel.com\/fr\/trafic-commercial\/modulo-richiesta-fatturazione\/#breadcrumb\",\"itemListElement\":[{\"@type\":\"ListItem\",\"position\":1,\"name\":\"Home\",\"item\":\"https:\/\/letunnel.com\/\"},{\"@type\":\"ListItem\",\"position\":2,\"name\":\"Trafic commercial\",\"item\":\"https:\/\/letunnel.com\/fr\/trafic-commercial\/\"},{\"@type\":\"ListItem\",\"position\":3,\"name\":\"MODULO RICHIESTA FATTURAZIONE\"}]},{\"@type\":\"WebSite\",\"@id\":\"https:\/\/letunnel.com\/#website\",\"url\":\"https:\/\/letunnel.com\/\",\"name\":\"Le Tunnel du Grand-Saint-Bernard\",\"description\":\"Le Tunnel du Grand-Saint-Bernard\",\"publisher\":{\"@id\":\"https:\/\/letunnel.com\/#organization\"},\"potentialAction\":[{\"@type\":\"SearchAction\",\"target\":{\"@type\":\"EntryPoint\",\"urlTemplate\":\"https:\/\/letunnel.com\/?s={search_term_string}\"},\"query-input\":{\"@type\":\"PropertyValueSpecification\",\"valueRequired\":true,\"valueName\":\"search_term_string\"}}],\"inLanguage\":\"fr-FR\"},{\"@type\":\"Organization\",\"@id\":\"https:\/\/letunnel.com\/#organization\",\"name\":\"Le Tunnel du Grand-Saint-Bernard\",\"url\":\"https:\/\/letunnel.com\/\",\"logo\":{\"@type\":\"ImageObject\",\"inLanguage\":\"fr-FR\",\"@id\":\"https:\/\/letunnel.com\/#\/schema\/logo\/image\/\",\"url\":\"https:\/\/letunnel.com\/wp-content\/uploads\/2023\/10\/LOGO-2023-Tunnel-GS-Bernard-Bianco.png\",\"contentUrl\":\"https:\/\/letunnel.com\/wp-content\/uploads\/2023\/10\/LOGO-2023-Tunnel-GS-Bernard-Bianco.png\",\"width\":540,\"height\":480,\"caption\":\"Le Tunnel du Grand-Saint-Bernard\"},\"image\":{\"@id\":\"https:\/\/letunnel.com\/#\/schema\/logo\/image\/\"}}]}<\/script>\n<!-- \/ Yoast SEO plugin. -->","yoast_head_json":{"title":"MODULO RICHIESTA FATTURAZIONE - Le Tunnel du Grand-Saint-Bernard","robots":{"index":"index","follow":"follow","max-snippet":"max-snippet:-1","max-image-preview":"max-image-preview:large","max-video-preview":"max-video-preview:-1"},"canonical":"https:\/\/letunnel.com\/fr\/trafic-commercial\/modulo-richiesta-fatturazione\/","og_locale":"fr_FR","og_type":"article","og_title":"MODULO RICHIESTA FATTURAZIONE - Le Tunnel du Grand-Saint-Bernard","og_description":"FATTURAZIONE DEI PASSAGGI ACQUISTATI DAL LATO ITALIANO Per richiedere la fatturazione dei transiti e degli abbonamenti acquistati sul lato italiano del Traforo, \u00e8 possibile utilizzare il modulo allegato. Tale modulo, debitamente compilato e sottoscritto, dovr\u00e0 essere inviato, unitamente agli scontrini per i quali si richiede la fatturazione, alla Societ\u00e0&nbsp;SITRASB S.p.A.&nbsp;&#8211; a mezzo servizio postale o [&hellip;]","og_url":"https:\/\/letunnel.com\/fr\/trafic-commercial\/modulo-richiesta-fatturazione\/","og_site_name":"Le Tunnel du Grand-Saint-Bernard","article_modified_time":"2023-10-19T09:41:39+00:00","twitter_card":"summary_large_image","twitter_misc":{"Dur\u00e9e de lecture estim\u00e9e":"1 minute"},"schema":{"@context":"https:\/\/schema.org","@graph":[{"@type":"WebPage","@id":"https:\/\/letunnel.com\/fr\/trafic-commercial\/modulo-richiesta-fatturazione\/","url":"https:\/\/letunnel.com\/fr\/trafic-commercial\/modulo-richiesta-fatturazione\/","name":"MODULO RICHIESTA FATTURAZIONE - Le Tunnel du Grand-Saint-Bernard","isPartOf":{"@id":"https:\/\/letunnel.com\/#website"},"datePublished":"2022-03-28T07:35:43+00:00","dateModified":"2023-10-19T09:41:39+00:00","breadcrumb":{"@id":"https:\/\/letunnel.com\/fr\/trafic-commercial\/modulo-richiesta-fatturazione\/#breadcrumb"},"inLanguage":"fr-FR","potentialAction":[{"@type":"ReadAction","target":["https:\/\/letunnel.com\/fr\/trafic-commercial\/modulo-richiesta-fatturazione\/"]}]},{"@type":"BreadcrumbList","@id":"https:\/\/letunnel.com\/fr\/trafic-commercial\/modulo-richiesta-fatturazione\/#breadcrumb","itemListElement":[{"@type":"ListItem","position":1,"name":"Home","item":"https:\/\/letunnel.com\/"},{"@type":"ListItem","position":2,"name":"Trafic commercial","item":"https:\/\/letunnel.com\/fr\/trafic-commercial\/"},{"@type":"ListItem","position":3,"name":"MODULO RICHIESTA FATTURAZIONE"}]},{"@type":"WebSite","@id":"https:\/\/letunnel.com\/#website","url":"https:\/\/letunnel.com\/","name":"Le Tunnel du Grand-Saint-Bernard","description":"Le Tunnel du Grand-Saint-Bernard","publisher":{"@id":"https:\/\/letunnel.com\/#organization"},"potentialAction":[{"@type":"SearchAction","target":{"@type":"EntryPoint","urlTemplate":"https:\/\/letunnel.com\/?s={search_term_string}"},"query-input":{"@type":"PropertyValueSpecification","valueRequired":true,"valueName":"search_term_string"}}],"inLanguage":"fr-FR"},{"@type":"Organization","@id":"https:\/\/letunnel.com\/#organization","name":"Le Tunnel du Grand-Saint-Bernard","url":"https:\/\/letunnel.com\/","logo":{"@type":"ImageObject","inLanguage":"fr-FR","@id":"https:\/\/letunnel.com\/#\/schema\/logo\/image\/","url":"https:\/\/letunnel.com\/wp-content\/uploads\/2023\/10\/LOGO-2023-Tunnel-GS-Bernard-Bianco.png","contentUrl":"https:\/\/letunnel.com\/wp-content\/uploads\/2023\/10\/LOGO-2023-Tunnel-GS-Bernard-Bianco.png","width":540,"height":480,"caption":"Le Tunnel du Grand-Saint-Bernard"},"image":{"@id":"https:\/\/letunnel.com\/#\/schema\/logo\/image\/"}}]}},"coauthors":[],"author_meta":{"author_link":"https:\/\/letunnel.com\/fr\/author\/stefano\/","display_name":"Stefano"},"relative_dates":{"created":"Publi\u00e9 4 ans il y a","modified":"Mis \u00e0 jour 3 ans il y a"},"absolute_dates":{"created":"Publi\u00e9 le 28 mars 2022","modified":"Mise \u00e0 jour le 19 octobre 2023"},"absolute_dates_time":{"created":"Publi\u00e9 le 28 mars 2022 7:35 am","modified":"Mise \u00e0 jour le 19 octobre 2023 9:41 am"},"featured_img_caption":"","featured_img":false,"series_order":"","_links":{"self":[{"href":"https:\/\/letunnel.com\/fr\/wp-json\/wp\/v2\/pages\/6114","targetHints":{"allow":["GET"]}}],"collection":[{"href":"https:\/\/letunnel.com\/fr\/wp-json\/wp\/v2\/pages"}],"about":[{"href":"https:\/\/letunnel.com\/fr\/wp-json\/wp\/v2\/types\/page"}],"author":[{"embeddable":true,"href":"https:\/\/letunnel.com\/fr\/wp-json\/wp\/v2\/users\/1"}],"replies":[{"embeddable":true,"href":"https:\/\/letunnel.com\/fr\/wp-json\/wp\/v2\/comments?post=6114"}],"version-history":[{"count":1,"href":"https:\/\/letunnel.com\/fr\/wp-json\/wp\/v2\/pages\/6114\/revisions"}],"predecessor-version":[{"id":6118,"href":"https:\/\/letunnel.com\/fr\/wp-json\/wp\/v2\/pages\/6114\/revisions\/6118"}],"up":[{"embeddable":true,"href":"https:\/\/letunnel.com\/fr\/wp-json\/wp\/v2\/pages\/6121"}],"wp:attachment":[{"href":"https:\/\/letunnel.com\/fr\/wp-json\/wp\/v2\/media?parent=6114"}],"curies":[{"name":"wp","href":"https:\/\/api.w.org\/{rel}","templated":true}]}}