{"id":6362,"date":"2023-04-27T06:48:49","date_gmt":"2023-04-27T06:48:49","guid":{"rendered":"https:\/\/z57nbebsowx.preview.infomaniak.website\/?page_id=6362"},"modified":"2026-01-21T14:13:11","modified_gmt":"2026-01-21T14:13:11","slug":"promotion-poids-lourds","status":"publish","type":"page","link":"https:\/\/letunnel.com\/fr\/trafic-commercial\/promotion-poids-lourds\/","title":{"rendered":"Promotion poids lourds"},"content":{"rendered":"\n<p>Du 1.1.2026 au 31.12.2026, les maisons de transport qui ach\u00e8tent des abonnements de cat\u00e9gorie 4, 10 passages et 20 passages peuvent b\u00e9n\u00e9ficier d&rsquo;une r\u00e9duction de 2% par tranche de 500 passages achet\u00e9s. Les entreprises int\u00e9ress\u00e9es sont pri\u00e9es d&rsquo;envoyer \u00e0 SISEX SA les tickets prouvant l&rsquo;achat de 500 courses sous forme d&rsquo;abonnements de 10 et 20 passages afin de b\u00e9n\u00e9ficier des gratuit\u00e9s.<\/p>\n","protected":false},"excerpt":{"rendered":"<p>Du 1.1.2026 au 31.12.2026, les maisons de transport qui ach\u00e8tent des abonnements de cat\u00e9gorie 4, 10 passages et 20 passages peuvent b\u00e9n\u00e9ficier d&rsquo;une r\u00e9duction de 2% par tranche de 500 passages achet\u00e9s. Les entreprises int\u00e9ress\u00e9es sont pri\u00e9es d&rsquo;envoyer \u00e0 SISEX SA les tickets prouvant l&rsquo;achat de 500 courses sous forme d&rsquo;abonnements de 10 et 20 [&hellip;]<\/p>\n","protected":false},"author":4,"featured_media":0,"parent":6121,"menu_order":0,"comment_status":"closed","ping_status":"closed","template":"","meta":{"_acf_changed":false,"advgb_blocks_editor_width":"","advgb_blocks_columns_visual_guide":"","footnotes":""},"class_list":["post-6362","page","type-page","status-publish","hentry"],"acf":[],"yoast_head":"<!-- This site is optimized with the Yoast SEO plugin v25.3.1 - https:\/\/yoast.com\/wordpress\/plugins\/seo\/ -->\n<title>Promotion poids lourds - Le Tunnel du Grand-Saint-Bernard<\/title>\n<meta name=\"robots\" content=\"index, follow, max-snippet:-1, max-image-preview:large, max-video-preview:-1\" \/>\n<link rel=\"canonical\" href=\"https:\/\/letunnel.com\/fr\/trafic-commercial\/promotion-poids-lourds\/\" \/>\n<meta property=\"og:locale\" content=\"fr_FR\" \/>\n<meta property=\"og:type\" content=\"article\" \/>\n<meta property=\"og:title\" content=\"Promotion poids lourds - Le Tunnel du Grand-Saint-Bernard\" \/>\n<meta property=\"og:description\" content=\"Du 1.1.2026 au 31.12.2026, les maisons de transport qui ach\u00e8tent des abonnements de cat\u00e9gorie 4, 10 passages et 20 passages peuvent b\u00e9n\u00e9ficier d&rsquo;une r\u00e9duction de 2% par tranche de 500 passages achet\u00e9s. Les entreprises int\u00e9ress\u00e9es sont pri\u00e9es d&rsquo;envoyer \u00e0 SISEX SA les tickets prouvant l&rsquo;achat de 500 courses sous forme d&rsquo;abonnements de 10 et 20 [&hellip;]\" \/>\n<meta property=\"og:url\" content=\"https:\/\/letunnel.com\/fr\/trafic-commercial\/promotion-poids-lourds\/\" \/>\n<meta property=\"og:site_name\" content=\"Le Tunnel du Grand-Saint-Bernard\" \/>\n<meta property=\"article:modified_time\" content=\"2026-01-21T14:13:11+00:00\" \/>\n<meta name=\"twitter:card\" content=\"summary_large_image\" \/>\n<meta name=\"twitter:label1\" content=\"Dur\u00e9e de lecture estim\u00e9e\" \/>\n\t<meta name=\"twitter:data1\" content=\"1 minute\" \/>\n<script type=\"application\/ld+json\" class=\"yoast-schema-graph\">{\"@context\":\"https:\/\/schema.org\",\"@graph\":[{\"@type\":\"WebPage\",\"@id\":\"https:\/\/letunnel.com\/fr\/trafic-commercial\/promotion-poids-lourds\/\",\"url\":\"https:\/\/letunnel.com\/fr\/trafic-commercial\/promotion-poids-lourds\/\",\"name\":\"Promotion poids lourds - Le Tunnel du Grand-Saint-Bernard\",\"isPartOf\":{\"@id\":\"https:\/\/letunnel.com\/#website\"},\"datePublished\":\"2023-04-27T06:48:49+00:00\",\"dateModified\":\"2026-01-21T14:13:11+00:00\",\"breadcrumb\":{\"@id\":\"https:\/\/letunnel.com\/fr\/trafic-commercial\/promotion-poids-lourds\/#breadcrumb\"},\"inLanguage\":\"fr-FR\",\"potentialAction\":[{\"@type\":\"ReadAction\",\"target\":[\"https:\/\/letunnel.com\/fr\/trafic-commercial\/promotion-poids-lourds\/\"]}]},{\"@type\":\"BreadcrumbList\",\"@id\":\"https:\/\/letunnel.com\/fr\/trafic-commercial\/promotion-poids-lourds\/#breadcrumb\",\"itemListElement\":[{\"@type\":\"ListItem\",\"position\":1,\"name\":\"Home\",\"item\":\"https:\/\/letunnel.com\/\"},{\"@type\":\"ListItem\",\"position\":2,\"name\":\"Trafic commercial\",\"item\":\"https:\/\/letunnel.com\/fr\/trafic-commercial\/\"},{\"@type\":\"ListItem\",\"position\":3,\"name\":\"Promotion poids lourds\"}]},{\"@type\":\"WebSite\",\"@id\":\"https:\/\/letunnel.com\/#website\",\"url\":\"https:\/\/letunnel.com\/\",\"name\":\"Le Tunnel du Grand-Saint-Bernard\",\"description\":\"Le Tunnel du Grand-Saint-Bernard\",\"publisher\":{\"@id\":\"https:\/\/letunnel.com\/#organization\"},\"potentialAction\":[{\"@type\":\"SearchAction\",\"target\":{\"@type\":\"EntryPoint\",\"urlTemplate\":\"https:\/\/letunnel.com\/?s={search_term_string}\"},\"query-input\":{\"@type\":\"PropertyValueSpecification\",\"valueRequired\":true,\"valueName\":\"search_term_string\"}}],\"inLanguage\":\"fr-FR\"},{\"@type\":\"Organization\",\"@id\":\"https:\/\/letunnel.com\/#organization\",\"name\":\"Le Tunnel du Grand-Saint-Bernard\",\"url\":\"https:\/\/letunnel.com\/\",\"logo\":{\"@type\":\"ImageObject\",\"inLanguage\":\"fr-FR\",\"@id\":\"https:\/\/letunnel.com\/#\/schema\/logo\/image\/\",\"url\":\"https:\/\/letunnel.com\/wp-content\/uploads\/2023\/10\/LOGO-2023-Tunnel-GS-Bernard-Bianco.png\",\"contentUrl\":\"https:\/\/letunnel.com\/wp-content\/uploads\/2023\/10\/LOGO-2023-Tunnel-GS-Bernard-Bianco.png\",\"width\":540,\"height\":480,\"caption\":\"Le Tunnel du Grand-Saint-Bernard\"},\"image\":{\"@id\":\"https:\/\/letunnel.com\/#\/schema\/logo\/image\/\"}}]}<\/script>\n<!-- \/ Yoast SEO plugin. -->","yoast_head_json":{"title":"Promotion poids lourds - Le Tunnel du Grand-Saint-Bernard","robots":{"index":"index","follow":"follow","max-snippet":"max-snippet:-1","max-image-preview":"max-image-preview:large","max-video-preview":"max-video-preview:-1"},"canonical":"https:\/\/letunnel.com\/fr\/trafic-commercial\/promotion-poids-lourds\/","og_locale":"fr_FR","og_type":"article","og_title":"Promotion poids lourds - Le Tunnel du Grand-Saint-Bernard","og_description":"Du 1.1.2026 au 31.12.2026, les maisons de transport qui ach\u00e8tent des abonnements de cat\u00e9gorie 4, 10 passages et 20 passages peuvent b\u00e9n\u00e9ficier d&rsquo;une r\u00e9duction de 2% par tranche de 500 passages achet\u00e9s. Les entreprises int\u00e9ress\u00e9es sont pri\u00e9es d&rsquo;envoyer \u00e0 SISEX SA les tickets prouvant l&rsquo;achat de 500 courses sous forme d&rsquo;abonnements de 10 et 20 [&hellip;]","og_url":"https:\/\/letunnel.com\/fr\/trafic-commercial\/promotion-poids-lourds\/","og_site_name":"Le Tunnel du Grand-Saint-Bernard","article_modified_time":"2026-01-21T14:13:11+00:00","twitter_card":"summary_large_image","twitter_misc":{"Dur\u00e9e de lecture estim\u00e9e":"1 minute"},"schema":{"@context":"https:\/\/schema.org","@graph":[{"@type":"WebPage","@id":"https:\/\/letunnel.com\/fr\/trafic-commercial\/promotion-poids-lourds\/","url":"https:\/\/letunnel.com\/fr\/trafic-commercial\/promotion-poids-lourds\/","name":"Promotion poids lourds - Le Tunnel du Grand-Saint-Bernard","isPartOf":{"@id":"https:\/\/letunnel.com\/#website"},"datePublished":"2023-04-27T06:48:49+00:00","dateModified":"2026-01-21T14:13:11+00:00","breadcrumb":{"@id":"https:\/\/letunnel.com\/fr\/trafic-commercial\/promotion-poids-lourds\/#breadcrumb"},"inLanguage":"fr-FR","potentialAction":[{"@type":"ReadAction","target":["https:\/\/letunnel.com\/fr\/trafic-commercial\/promotion-poids-lourds\/"]}]},{"@type":"BreadcrumbList","@id":"https:\/\/letunnel.com\/fr\/trafic-commercial\/promotion-poids-lourds\/#breadcrumb","itemListElement":[{"@type":"ListItem","position":1,"name":"Home","item":"https:\/\/letunnel.com\/"},{"@type":"ListItem","position":2,"name":"Trafic commercial","item":"https:\/\/letunnel.com\/fr\/trafic-commercial\/"},{"@type":"ListItem","position":3,"name":"Promotion poids lourds"}]},{"@type":"WebSite","@id":"https:\/\/letunnel.com\/#website","url":"https:\/\/letunnel.com\/","name":"Le Tunnel du Grand-Saint-Bernard","description":"Le Tunnel du Grand-Saint-Bernard","publisher":{"@id":"https:\/\/letunnel.com\/#organization"},"potentialAction":[{"@type":"SearchAction","target":{"@type":"EntryPoint","urlTemplate":"https:\/\/letunnel.com\/?s={search_term_string}"},"query-input":{"@type":"PropertyValueSpecification","valueRequired":true,"valueName":"search_term_string"}}],"inLanguage":"fr-FR"},{"@type":"Organization","@id":"https:\/\/letunnel.com\/#organization","name":"Le Tunnel du Grand-Saint-Bernard","url":"https:\/\/letunnel.com\/","logo":{"@type":"ImageObject","inLanguage":"fr-FR","@id":"https:\/\/letunnel.com\/#\/schema\/logo\/image\/","url":"https:\/\/letunnel.com\/wp-content\/uploads\/2023\/10\/LOGO-2023-Tunnel-GS-Bernard-Bianco.png","contentUrl":"https:\/\/letunnel.com\/wp-content\/uploads\/2023\/10\/LOGO-2023-Tunnel-GS-Bernard-Bianco.png","width":540,"height":480,"caption":"Le Tunnel du Grand-Saint-Bernard"},"image":{"@id":"https:\/\/letunnel.com\/#\/schema\/logo\/image\/"}}]}},"coauthors":[],"author_meta":{"author_link":"https:\/\/letunnel.com\/fr\/author\/enricobich\/","display_name":"Enrico"},"relative_dates":{"created":"Publi\u00e9 3 ans il y a","modified":"Mis \u00e0 jour 3 mois il y a"},"absolute_dates":{"created":"Publi\u00e9 le 27 avril 2023","modified":"Mise \u00e0 jour le 21 janvier 2026"},"absolute_dates_time":{"created":"Publi\u00e9 le 27 avril 2023 6:48 am","modified":"Mise \u00e0 jour le 21 janvier 2026 2:13 pm"},"featured_img_caption":"","featured_img":false,"series_order":"","_links":{"self":[{"href":"https:\/\/letunnel.com\/fr\/wp-json\/wp\/v2\/pages\/6362","targetHints":{"allow":["GET"]}}],"collection":[{"href":"https:\/\/letunnel.com\/fr\/wp-json\/wp\/v2\/pages"}],"about":[{"href":"https:\/\/letunnel.com\/fr\/wp-json\/wp\/v2\/types\/page"}],"author":[{"embeddable":true,"href":"https:\/\/letunnel.com\/fr\/wp-json\/wp\/v2\/users\/4"}],"replies":[{"embeddable":true,"href":"https:\/\/letunnel.com\/fr\/wp-json\/wp\/v2\/comments?post=6362"}],"version-history":[{"count":5,"href":"https:\/\/letunnel.com\/fr\/wp-json\/wp\/v2\/pages\/6362\/revisions"}],"predecessor-version":[{"id":11554,"href":"https:\/\/letunnel.com\/fr\/wp-json\/wp\/v2\/pages\/6362\/revisions\/11554"}],"up":[{"embeddable":true,"href":"https:\/\/letunnel.com\/fr\/wp-json\/wp\/v2\/pages\/6121"}],"wp:attachment":[{"href":"https:\/\/letunnel.com\/fr\/wp-json\/wp\/v2\/media?parent=6362"}],"curies":[{"name":"wp","href":"https:\/\/api.w.org\/{rel}","templated":true}]}}