{"id":7102,"date":"2022-03-28T10:00:10","date_gmt":"2022-03-28T10:00:10","guid":{"rendered":"https:\/\/z57nbebsowx.preview.infomaniak.website\/meteo\/webcam\/"},"modified":"2025-06-04T10:53:59","modified_gmt":"2025-06-04T10:53:59","slug":"webcam","status":"publish","type":"page","link":"https:\/\/letunnel.com\/fr\/meteo\/webcam\/","title":{"rendered":"Webcam"},"content":{"rendered":"\t\t<div data-elementor-type=\"wp-page\" data-elementor-id=\"7102\" class=\"elementor elementor-7102 elementor-487\" data-elementor-post-type=\"page\">\n\t\t\t\t<div class=\"elementor-element elementor-element-abace41 e-flex e-con-boxed e-con e-parent\" data-id=\"abace41\" data-element_type=\"container\">\n\t\t\t\t\t<div class=\"e-con-inner\">\n\t\t\t\t<div class=\"elementor-element elementor-element-fa71d08 elementor-widget__width-auto elementor-widget elementor-widget-image\" data-id=\"fa71d08\" data-element_type=\"widget\" data-widget_type=\"image.default\">\n\t\t\t\t<div class=\"elementor-widget-container\">\n\t\t\t\t\t\t\t\t\t\t\t\t\t\t\t<img decoding=\"async\" width=\"37\" height=\"37\" src=\"https:\/\/letunnel.com\/wp-content\/uploads\/2022\/03\/bandiera-switzerland.png\" class=\"attachment-large size-large wp-image-64\" alt=\"\" \/>\t\t\t\t\t\t\t\t\t\t\t\t\t\t\t<\/div>\n\t\t\t\t<\/div>\n\t\t\t\t<div class=\"elementor-element elementor-element-cc90947 elementor-view-default elementor-widget elementor-widget-icon\" data-id=\"cc90947\" data-element_type=\"widget\" data-widget_type=\"icon.default\">\n\t\t\t\t<div class=\"elementor-widget-container\">\n\t\t\t\t\t\t\t<div class=\"elementor-icon-wrapper\">\n\t\t\t<div class=\"elementor-icon\">\n\t\t\t<svg aria-hidden=\"true\" class=\"e-font-icon-svg e-fas-temperature-low\" viewBox=\"0 0 512 512\" xmlns=\"http:\/\/www.w3.org\/2000\/svg\"><path d=\"M416 0c-52.9 0-96 43.1-96 96s43.1 96 96 96 96-43.1 96-96-43.1-96-96-96zm0 128c-17.7 0-32-14.3-32-32s14.3-32 32-32 32 14.3 32 32-14.3 32-32 32zm-160-16C256 50.1 205.9 0 144 0S32 50.1 32 112v166.5C12.3 303.2 0 334 0 368c0 79.5 64.5 144 144 144s144-64.5 144-144c0-34-12.3-64.9-32-89.5V112zM144 448c-44.1 0-80-35.9-80-80 0-25.5 12.2-48.9 32-63.8V112c0-26.5 21.5-48 48-48s48 21.5 48 48v192.2c19.8 14.8 32 38.3 32 63.8 0 44.1-35.9 80-80 80zm16-125.1V304c0-8.8-7.2-16-16-16s-16 7.2-16 16v18.9c-18.6 6.6-32 24.2-32 45.1 0 26.5 21.5 48 48 48s48-21.5 48-48c0-20.9-13.4-38.5-32-45.1z\"><\/path><\/svg>\t\t\t<\/div>\n\t\t<\/div>\n\t\t\t\t\t\t<\/div>\n\t\t\t\t<\/div>\n\t\t\t\t<div class=\"elementor-element elementor-element-adca906 elementor-widget elementor-widget-heading\" data-id=\"adca906\" data-element_type=\"widget\" data-widget_type=\"heading.default\">\n\t\t\t\t<div class=\"elementor-widget-container\">\n\t\t\t\t\t<h2 class=\"elementor-heading-title elementor-size-default\"> 10.6 \r\n\u00b0C<\/h2>\t\t\t\t<\/div>\n\t\t\t\t<\/div>\n\t\t\t\t<div class=\"elementor-element elementor-element-f2550c6 elementor-view-default elementor-widget elementor-widget-icon\" data-id=\"f2550c6\" data-element_type=\"widget\" data-widget_type=\"icon.default\">\n\t\t\t\t<div class=\"elementor-widget-container\">\n\t\t\t\t\t\t\t<div class=\"elementor-icon-wrapper\">\n\t\t\t<div class=\"elementor-icon\">\n\t\t\t<svg aria-hidden=\"true\" class=\"e-font-icon-svg e-fas-wind\" viewBox=\"0 0 512 512\" xmlns=\"http:\/\/www.w3.org\/2000\/svg\"><path d=\"M156.7 256H16c-8.8 0-16 7.2-16 16v32c0 8.8 7.2 16 16 16h142.2c15.9 0 30.8 10.9 33.4 26.6 3.3 20-12.1 37.4-31.6 37.4-14.1 0-26.1-9.2-30.4-21.9-2.1-6.3-8.6-10.1-15.2-10.1H81.6c-9.8 0-17.7 8.8-15.9 18.4 8.6 44.1 47.6 77.6 94.2 77.6 57.1 0 102.7-50.1 95.2-108.6C249 291 205.4 256 156.7 256zM16 224h336c59.7 0 106.8-54.8 93.8-116.7-7.6-36.2-36.9-65.5-73.1-73.1-55.4-11.6-105.1 24.9-114.9 75.5-1.9 9.6 6.1 18.3 15.8 18.3h32.8c6.7 0 13.1-3.8 15.2-10.1C325.9 105.2 337.9 96 352 96c19.4 0 34.9 17.4 31.6 37.4-2.6 15.7-17.4 26.6-33.4 26.6H16c-8.8 0-16 7.2-16 16v32c0 8.8 7.2 16 16 16zm384 32H243.7c19.3 16.6 33.2 38.8 39.8 64H400c26.5 0 48 21.5 48 48s-21.5 48-48 48c-17.9 0-33.3-9.9-41.6-24.4-2.9-5-8.7-7.6-14.5-7.6h-33.8c-10.9 0-19 10.8-15.3 21.1 17.8 50.6 70.5 84.8 129.4 72.3 41.2-8.7 75.1-41.6 84.7-82.7C526 321.5 470.5 256 400 256z\"><\/path><\/svg>\t\t\t<\/div>\n\t\t<\/div>\n\t\t\t\t\t\t<\/div>\n\t\t\t\t<\/div>\n\t\t\t\t<div class=\"elementor-element elementor-element-e1bb167 elementor-widget elementor-widget-heading\" data-id=\"e1bb167\" data-element_type=\"widget\" data-widget_type=\"heading.default\">\n\t\t\t\t<div class=\"elementor-widget-container\">\n\t\t\t\t\t<h2 class=\"elementor-heading-title elementor-size-default\"> 2.5 \r\nms<\/h2>\t\t\t\t<\/div>\n\t\t\t\t<\/div>\n\t\t\t\t\t<\/div>\n\t\t\t\t<\/div>\n\t\t<div class=\"elementor-element elementor-element-79e0f19 e-flex e-con-boxed e-con e-parent\" data-id=\"79e0f19\" data-element_type=\"container\">\n\t\t\t\t\t<div class=\"e-con-inner\">\n\t\t<div class=\"elementor-element elementor-element-49c5ad8 e-con-full e-flex e-con e-child\" data-id=\"49c5ad8\" data-element_type=\"container\">\n\t\t<div class=\"elementor-element elementor-element-9e2a935 e-con-full e-flex e-con e-child\" data-id=\"9e2a935\" data-element_type=\"container\">\n\t\t<div class=\"elementor-element elementor-element-e2b6a26 e-con-full e-flex e-con e-child\" data-id=\"e2b6a26\" data-element_type=\"container\">\n\t\t\t\t<div class=\"elementor-element elementor-element-31d5d46 elementor-widget elementor-widget-shortcode\" data-id=\"31d5d46\" data-element_type=\"widget\" data-widget_type=\"shortcode.default\">\n\t\t\t\t<div class=\"elementor-widget-container\">\n\t\t\t\t\t\t\t<div class=\"elementor-shortcode\"><img decoding=\"async\" src=\"https:\/\/webcam.letunnel.com\/webcam\/camera2.jpg?1777563050\" alt=\"immagine webcam\" class=\"webcam-image\"><\/div>\n\t\t\t\t\t\t<\/div>\n\t\t\t\t<\/div>\n\t\t\t\t<div class=\"elementor-element elementor-element-4f983a8 elementor-widget__width-auto elementor-absolute elementor-widget elementor-widget-image\" data-id=\"4f983a8\" data-element_type=\"widget\" data-settings=\"{&quot;_position&quot;:&quot;absolute&quot;}\" data-widget_type=\"image.default\">\n\t\t\t\t<div class=\"elementor-widget-container\">\n\t\t\t\t\t\t\t\t\t\t\t\t\t\t\t<img decoding=\"async\" width=\"37\" height=\"37\" src=\"https:\/\/letunnel.com\/wp-content\/uploads\/2022\/03\/bandiera-switzerland.png\" class=\"attachment-large size-large wp-image-64\" alt=\"\" \/>\t\t\t\t\t\t\t\t\t\t\t\t\t\t\t<\/div>\n\t\t\t\t<\/div>\n\t\t\t\t<div class=\"elementor-element elementor-element-c5c3a0c elementor-widget elementor-widget-text-editor\" data-id=\"c5c3a0c\" data-element_type=\"widget\" data-widget_type=\"text-editor.default\">\n\t\t\t\t<div class=\"elementor-widget-container\">\n\t\t\t\t\t\t\t\t\t<p>L&rsquo;immagine viene aggiornata ogni 15 minuti.<\/p>\t\t\t\t\t\t\t\t<\/div>\n\t\t\t\t<\/div>\n\t\t\t\t<\/div>\n\t\t\t\t<\/div>\n\t\t<div class=\"elementor-element elementor-element-e2e1005 e-con-full e-flex e-con e-child\" data-id=\"e2e1005\" data-element_type=\"container\">\n\t\t<div class=\"elementor-element elementor-element-7eadc9a e-con-full e-flex e-con e-child\" data-id=\"7eadc9a\" data-element_type=\"container\">\n\t\t\t\t<div class=\"elementor-element elementor-element-f583712 elementor-widget elementor-widget-shortcode\" data-id=\"f583712\" data-element_type=\"widget\" data-widget_type=\"shortcode.default\">\n\t\t\t\t<div class=\"elementor-widget-container\">\n\t\t\t\t\t\t\t<div class=\"elementor-shortcode\"><img decoding=\"async\" src=\"https:\/\/webcam.letunnel.com\/webcam\/webcam\/moulin1.jpg?1777563050\" alt=\"immagine webcam\" class=\"webcam-image\"><\/div>\n\t\t\t\t\t\t<\/div>\n\t\t\t\t<\/div>\n\t\t\t\t<div class=\"elementor-element elementor-element-e9f66fd elementor-widget__width-auto elementor-absolute elementor-widget elementor-widget-image\" data-id=\"e9f66fd\" data-element_type=\"widget\" data-settings=\"{&quot;_position&quot;:&quot;absolute&quot;}\" data-widget_type=\"image.default\">\n\t\t\t\t<div class=\"elementor-widget-container\">\n\t\t\t\t\t\t\t\t\t\t\t\t\t\t\t<img decoding=\"async\" width=\"37\" height=\"37\" src=\"https:\/\/letunnel.com\/wp-content\/uploads\/2022\/03\/Bandierat-italy.png\" class=\"attachment-large size-large wp-image-63\" alt=\"\" \/>\t\t\t\t\t\t\t\t\t\t\t\t\t\t\t<\/div>\n\t\t\t\t<\/div>\n\t\t\t\t<div class=\"elementor-element elementor-element-7d85fbd elementor-widget elementor-widget-text-editor\" data-id=\"7d85fbd\" data-element_type=\"widget\" data-widget_type=\"text-editor.default\">\n\t\t\t\t<div class=\"elementor-widget-container\">\n\t\t\t\t\t\t\t\t\t<p>L&rsquo;immagine viene aggiornata ogni 15 minuti.<\/p>\t\t\t\t\t\t\t\t<\/div>\n\t\t\t\t<\/div>\n\t\t\t\t<\/div>\n\t\t\t\t<\/div>\n\t\t<div class=\"elementor-element elementor-element-6e95ebc e-con-full e-flex e-con e-child\" data-id=\"6e95ebc\" data-element_type=\"container\">\n\t\t<div class=\"elementor-element elementor-element-e8c0da8 e-con-full e-flex e-con e-child\" data-id=\"e8c0da8\" data-element_type=\"container\">\n\t\t\t\t<div class=\"elementor-element elementor-element-8220b63 elementor-widget elementor-widget-shortcode\" data-id=\"8220b63\" data-element_type=\"widget\" data-widget_type=\"shortcode.default\">\n\t\t\t\t<div class=\"elementor-widget-container\">\n\t\t\t\t\t\t\t<div class=\"elementor-shortcode\"><img decoding=\"async\" src=\"https:\/\/webcam.letunnel.com\/webcam\/image03.jpg?1777563050\" alt=\"immagine webcam\" class=\"webcam-image\"><\/div>\n\t\t\t\t\t\t<\/div>\n\t\t\t\t<\/div>\n\t\t\t\t<div class=\"elementor-element elementor-element-5f34524 elementor-widget__width-auto elementor-absolute elementor-widget elementor-widget-image\" data-id=\"5f34524\" data-element_type=\"widget\" data-settings=\"{&quot;_position&quot;:&quot;absolute&quot;}\" data-widget_type=\"image.default\">\n\t\t\t\t<div class=\"elementor-widget-container\">\n\t\t\t\t\t\t\t\t\t\t\t\t\t\t\t<img decoding=\"async\" width=\"37\" height=\"37\" src=\"https:\/\/letunnel.com\/wp-content\/uploads\/2022\/03\/bandiera-switzerland.png\" class=\"attachment-large size-large wp-image-64\" alt=\"\" \/>\t\t\t\t\t\t\t\t\t\t\t\t\t\t\t<\/div>\n\t\t\t\t<\/div>\n\t\t\t\t<div class=\"elementor-element elementor-element-c7a4f41 elementor-widget elementor-widget-text-editor\" data-id=\"c7a4f41\" data-element_type=\"widget\" data-widget_type=\"text-editor.default\">\n\t\t\t\t<div class=\"elementor-widget-container\">\n\t\t\t\t\t\t\t\t\t<p>L&rsquo;immagine viene aggiornata ogni 15 minuti.<\/p>\t\t\t\t\t\t\t\t<\/div>\n\t\t\t\t<\/div>\n\t\t\t\t<\/div>\n\t\t\t\t<\/div>\n\t\t<div class=\"elementor-element elementor-element-be31ee7 e-con-full e-flex e-con e-child\" data-id=\"be31ee7\" data-element_type=\"container\">\n\t\t<div class=\"elementor-element elementor-element-5578dac e-con-full e-flex e-con e-child\" data-id=\"5578dac\" data-element_type=\"container\">\n\t\t\t\t<div class=\"elementor-element elementor-element-b89458e elementor-widget elementor-widget-shortcode\" data-id=\"b89458e\" data-element_type=\"widget\" data-widget_type=\"shortcode.default\">\n\t\t\t\t<div class=\"elementor-widget-container\">\n\t\t\t\t\t\t\t<div class=\"elementor-shortcode\"><img decoding=\"async\" src=\"https:\/\/webcam.letunnel.com\/webcam\/image02.jpg?1777563050\" alt=\"immagine webcam\" class=\"webcam-image\"><\/div>\n\t\t\t\t\t\t<\/div>\n\t\t\t\t<\/div>\n\t\t\t\t<div class=\"elementor-element elementor-element-78b6c1d elementor-widget__width-auto elementor-absolute elementor-widget elementor-widget-image\" data-id=\"78b6c1d\" data-element_type=\"widget\" data-settings=\"{&quot;_position&quot;:&quot;absolute&quot;}\" data-widget_type=\"image.default\">\n\t\t\t\t<div class=\"elementor-widget-container\">\n\t\t\t\t\t\t\t\t\t\t\t\t\t\t\t<img decoding=\"async\" width=\"37\" height=\"37\" src=\"https:\/\/letunnel.com\/wp-content\/uploads\/2022\/03\/bandiera-switzerland.png\" class=\"attachment-large size-large wp-image-64\" alt=\"\" \/>\t\t\t\t\t\t\t\t\t\t\t\t\t\t\t<\/div>\n\t\t\t\t<\/div>\n\t\t\t\t<div class=\"elementor-element elementor-element-4057701 elementor-widget elementor-widget-text-editor\" data-id=\"4057701\" data-element_type=\"widget\" data-widget_type=\"text-editor.default\">\n\t\t\t\t<div class=\"elementor-widget-container\">\n\t\t\t\t\t\t\t\t\t<p>L&rsquo;immagine viene aggiornata ogni 15 minuti.<\/p>\t\t\t\t\t\t\t\t<\/div>\n\t\t\t\t<\/div>\n\t\t\t\t<\/div>\n\t\t\t\t<\/div>\n\t\t<div class=\"elementor-element elementor-element-9d685f1 e-con-full e-flex e-con e-child\" data-id=\"9d685f1\" data-element_type=\"container\">\n\t\t<div class=\"elementor-element elementor-element-3229e90 e-con-full e-flex e-con e-child\" data-id=\"3229e90\" data-element_type=\"container\">\n\t\t\t\t<div class=\"elementor-element elementor-element-22642cf elementor-widget elementor-widget-shortcode\" data-id=\"22642cf\" data-element_type=\"widget\" data-widget_type=\"shortcode.default\">\n\t\t\t\t<div class=\"elementor-widget-container\">\n\t\t\t\t\t\t\t<div class=\"elementor-shortcode\"><img decoding=\"async\" src=\"https:\/\/webcam.letunnel.com\/webcam\/image01.jpg?1777563050\" alt=\"immagine webcam\" class=\"webcam-image\"><\/div>\n\t\t\t\t\t\t<\/div>\n\t\t\t\t<\/div>\n\t\t\t\t<div class=\"elementor-element elementor-element-69bc533 elementor-widget__width-auto elementor-absolute elementor-widget elementor-widget-image\" data-id=\"69bc533\" data-element_type=\"widget\" data-settings=\"{&quot;_position&quot;:&quot;absolute&quot;}\" data-widget_type=\"image.default\">\n\t\t\t\t<div class=\"elementor-widget-container\">\n\t\t\t\t\t\t\t\t\t\t\t\t\t\t\t<img decoding=\"async\" width=\"37\" height=\"37\" src=\"https:\/\/letunnel.com\/wp-content\/uploads\/2022\/03\/bandiera-switzerland.png\" class=\"attachment-large size-large wp-image-64\" alt=\"\" \/>\t\t\t\t\t\t\t\t\t\t\t\t\t\t\t<\/div>\n\t\t\t\t<\/div>\n\t\t\t\t<div class=\"elementor-element elementor-element-c7c8814 elementor-widget elementor-widget-text-editor\" data-id=\"c7c8814\" data-element_type=\"widget\" data-widget_type=\"text-editor.default\">\n\t\t\t\t<div class=\"elementor-widget-container\">\n\t\t\t\t\t\t\t\t\t<p>L&rsquo;immagine viene aggiornata ogni 15 minuti.<\/p>\t\t\t\t\t\t\t\t<\/div>\n\t\t\t\t<\/div>\n\t\t\t\t<\/div>\n\t\t\t\t<\/div>\n\t\t\t\t<\/div>\n\t\t\t\t\t<\/div>\n\t\t\t\t<\/div>\n\t\t\t\t<\/div>\n\t\t","protected":false},"excerpt":{"rendered":"<p>L&rsquo;immagine viene aggiornata ogni 15 minuti. L&rsquo;immagine viene aggiornata ogni 15 minuti. L&rsquo;immagine viene aggiornata ogni 15 minuti. L&rsquo;immagine viene aggiornata ogni 15 minuti. L&rsquo;immagine viene aggiornata ogni 15 minuti.<\/p>\n","protected":false},"author":1,"featured_media":0,"parent":1973,"menu_order":0,"comment_status":"closed","ping_status":"closed","template":"","meta":{"_acf_changed":false,"advgb_blocks_editor_width":"","advgb_blocks_columns_visual_guide":"","footnotes":""},"class_list":["post-7102","page","type-page","status-publish","hentry"],"acf":[],"yoast_head":"<!-- This site is optimized with the Yoast SEO plugin v25.3.1 - https:\/\/yoast.com\/wordpress\/plugins\/seo\/ -->\n<title>Webcam - Le Tunnel du Grand-Saint-Bernard<\/title>\n<meta name=\"robots\" content=\"index, follow, max-snippet:-1, max-image-preview:large, max-video-preview:-1\" \/>\n<link rel=\"canonical\" href=\"https:\/\/letunnel.com\/fr\/meteo\/webcam\/\" \/>\n<meta property=\"og:locale\" content=\"fr_FR\" \/>\n<meta property=\"og:type\" content=\"article\" \/>\n<meta property=\"og:title\" content=\"Webcam - Le Tunnel du Grand-Saint-Bernard\" \/>\n<meta property=\"og:description\" content=\"L&rsquo;immagine viene aggiornata ogni 15 minuti. L&rsquo;immagine viene aggiornata ogni 15 minuti. L&rsquo;immagine viene aggiornata ogni 15 minuti. L&rsquo;immagine viene aggiornata ogni 15 minuti. L&rsquo;immagine viene aggiornata ogni 15 minuti.\" \/>\n<meta property=\"og:url\" content=\"https:\/\/letunnel.com\/fr\/meteo\/webcam\/\" \/>\n<meta property=\"og:site_name\" content=\"Le Tunnel du Grand-Saint-Bernard\" \/>\n<meta property=\"article:modified_time\" content=\"2025-06-04T10:53:59+00:00\" \/>\n<meta property=\"og:image\" content=\"https:\/\/z57nbebsowx.preview.infomaniak.website\/wp-content\/uploads\/2022\/03\/bandiera-switzerland.png\" \/>\n<meta name=\"twitter:card\" content=\"summary_large_image\" \/>\n<meta name=\"twitter:label1\" content=\"Dur\u00e9e de lecture estim\u00e9e\" \/>\n\t<meta name=\"twitter:data1\" content=\"2 minutes\" \/>\n<script type=\"application\/ld+json\" class=\"yoast-schema-graph\">{\"@context\":\"https:\/\/schema.org\",\"@graph\":[{\"@type\":\"WebPage\",\"@id\":\"https:\/\/letunnel.com\/fr\/meteo\/webcam\/\",\"url\":\"https:\/\/letunnel.com\/fr\/meteo\/webcam\/\",\"name\":\"Webcam - Le Tunnel du Grand-Saint-Bernard\",\"isPartOf\":{\"@id\":\"https:\/\/letunnel.com\/#website\"},\"primaryImageOfPage\":{\"@id\":\"https:\/\/letunnel.com\/fr\/meteo\/webcam\/#primaryimage\"},\"image\":{\"@id\":\"https:\/\/letunnel.com\/fr\/meteo\/webcam\/#primaryimage\"},\"thumbnailUrl\":\"https:\/\/z57nbebsowx.preview.infomaniak.website\/wp-content\/uploads\/2022\/03\/bandiera-switzerland.png\",\"datePublished\":\"2022-03-28T10:00:10+00:00\",\"dateModified\":\"2025-06-04T10:53:59+00:00\",\"breadcrumb\":{\"@id\":\"https:\/\/letunnel.com\/fr\/meteo\/webcam\/#breadcrumb\"},\"inLanguage\":\"fr-FR\",\"potentialAction\":[{\"@type\":\"ReadAction\",\"target\":[\"https:\/\/letunnel.com\/fr\/meteo\/webcam\/\"]}]},{\"@type\":\"ImageObject\",\"inLanguage\":\"fr-FR\",\"@id\":\"https:\/\/letunnel.com\/fr\/meteo\/webcam\/#primaryimage\",\"url\":\"https:\/\/z57nbebsowx.preview.infomaniak.website\/wp-content\/uploads\/2022\/03\/bandiera-switzerland.png\",\"contentUrl\":\"https:\/\/z57nbebsowx.preview.infomaniak.website\/wp-content\/uploads\/2022\/03\/bandiera-switzerland.png\"},{\"@type\":\"BreadcrumbList\",\"@id\":\"https:\/\/letunnel.com\/fr\/meteo\/webcam\/#breadcrumb\",\"itemListElement\":[{\"@type\":\"ListItem\",\"position\":1,\"name\":\"Home\",\"item\":\"https:\/\/letunnel.com\/\"},{\"@type\":\"ListItem\",\"position\":2,\"name\":\"Pr\u00e9vision m\u00e9t\u00e9o\",\"item\":\"https:\/\/letunnel.com\/fr\/meteo\/\"},{\"@type\":\"ListItem\",\"position\":3,\"name\":\"Webcam\"}]},{\"@type\":\"WebSite\",\"@id\":\"https:\/\/letunnel.com\/#website\",\"url\":\"https:\/\/letunnel.com\/\",\"name\":\"Le Tunnel du Grand-Saint-Bernard\",\"description\":\"Le Tunnel du Grand-Saint-Bernard\",\"publisher\":{\"@id\":\"https:\/\/letunnel.com\/#organization\"},\"potentialAction\":[{\"@type\":\"SearchAction\",\"target\":{\"@type\":\"EntryPoint\",\"urlTemplate\":\"https:\/\/letunnel.com\/?s={search_term_string}\"},\"query-input\":{\"@type\":\"PropertyValueSpecification\",\"valueRequired\":true,\"valueName\":\"search_term_string\"}}],\"inLanguage\":\"fr-FR\"},{\"@type\":\"Organization\",\"@id\":\"https:\/\/letunnel.com\/#organization\",\"name\":\"Le Tunnel du Grand-Saint-Bernard\",\"url\":\"https:\/\/letunnel.com\/\",\"logo\":{\"@type\":\"ImageObject\",\"inLanguage\":\"fr-FR\",\"@id\":\"https:\/\/letunnel.com\/#\/schema\/logo\/image\/\",\"url\":\"https:\/\/letunnel.com\/wp-content\/uploads\/2023\/10\/LOGO-2023-Tunnel-GS-Bernard-Bianco.png\",\"contentUrl\":\"https:\/\/letunnel.com\/wp-content\/uploads\/2023\/10\/LOGO-2023-Tunnel-GS-Bernard-Bianco.png\",\"width\":540,\"height\":480,\"caption\":\"Le Tunnel du Grand-Saint-Bernard\"},\"image\":{\"@id\":\"https:\/\/letunnel.com\/#\/schema\/logo\/image\/\"}}]}<\/script>\n<!-- \/ Yoast SEO plugin. -->","yoast_head_json":{"title":"Webcam - Le Tunnel du Grand-Saint-Bernard","robots":{"index":"index","follow":"follow","max-snippet":"max-snippet:-1","max-image-preview":"max-image-preview:large","max-video-preview":"max-video-preview:-1"},"canonical":"https:\/\/letunnel.com\/fr\/meteo\/webcam\/","og_locale":"fr_FR","og_type":"article","og_title":"Webcam - Le Tunnel du Grand-Saint-Bernard","og_description":"L&rsquo;immagine viene aggiornata ogni 15 minuti. L&rsquo;immagine viene aggiornata ogni 15 minuti. L&rsquo;immagine viene aggiornata ogni 15 minuti. L&rsquo;immagine viene aggiornata ogni 15 minuti. L&rsquo;immagine viene aggiornata ogni 15 minuti.","og_url":"https:\/\/letunnel.com\/fr\/meteo\/webcam\/","og_site_name":"Le Tunnel du Grand-Saint-Bernard","article_modified_time":"2025-06-04T10:53:59+00:00","og_image":[{"url":"https:\/\/z57nbebsowx.preview.infomaniak.website\/wp-content\/uploads\/2022\/03\/bandiera-switzerland.png","type":"","width":"","height":""}],"twitter_card":"summary_large_image","twitter_misc":{"Dur\u00e9e de lecture estim\u00e9e":"2 minutes"},"schema":{"@context":"https:\/\/schema.org","@graph":[{"@type":"WebPage","@id":"https:\/\/letunnel.com\/fr\/meteo\/webcam\/","url":"https:\/\/letunnel.com\/fr\/meteo\/webcam\/","name":"Webcam - Le Tunnel du Grand-Saint-Bernard","isPartOf":{"@id":"https:\/\/letunnel.com\/#website"},"primaryImageOfPage":{"@id":"https:\/\/letunnel.com\/fr\/meteo\/webcam\/#primaryimage"},"image":{"@id":"https:\/\/letunnel.com\/fr\/meteo\/webcam\/#primaryimage"},"thumbnailUrl":"https:\/\/z57nbebsowx.preview.infomaniak.website\/wp-content\/uploads\/2022\/03\/bandiera-switzerland.png","datePublished":"2022-03-28T10:00:10+00:00","dateModified":"2025-06-04T10:53:59+00:00","breadcrumb":{"@id":"https:\/\/letunnel.com\/fr\/meteo\/webcam\/#breadcrumb"},"inLanguage":"fr-FR","potentialAction":[{"@type":"ReadAction","target":["https:\/\/letunnel.com\/fr\/meteo\/webcam\/"]}]},{"@type":"ImageObject","inLanguage":"fr-FR","@id":"https:\/\/letunnel.com\/fr\/meteo\/webcam\/#primaryimage","url":"https:\/\/z57nbebsowx.preview.infomaniak.website\/wp-content\/uploads\/2022\/03\/bandiera-switzerland.png","contentUrl":"https:\/\/z57nbebsowx.preview.infomaniak.website\/wp-content\/uploads\/2022\/03\/bandiera-switzerland.png"},{"@type":"BreadcrumbList","@id":"https:\/\/letunnel.com\/fr\/meteo\/webcam\/#breadcrumb","itemListElement":[{"@type":"ListItem","position":1,"name":"Home","item":"https:\/\/letunnel.com\/"},{"@type":"ListItem","position":2,"name":"Pr\u00e9vision m\u00e9t\u00e9o","item":"https:\/\/letunnel.com\/fr\/meteo\/"},{"@type":"ListItem","position":3,"name":"Webcam"}]},{"@type":"WebSite","@id":"https:\/\/letunnel.com\/#website","url":"https:\/\/letunnel.com\/","name":"Le Tunnel du Grand-Saint-Bernard","description":"Le Tunnel du Grand-Saint-Bernard","publisher":{"@id":"https:\/\/letunnel.com\/#organization"},"potentialAction":[{"@type":"SearchAction","target":{"@type":"EntryPoint","urlTemplate":"https:\/\/letunnel.com\/?s={search_term_string}"},"query-input":{"@type":"PropertyValueSpecification","valueRequired":true,"valueName":"search_term_string"}}],"inLanguage":"fr-FR"},{"@type":"Organization","@id":"https:\/\/letunnel.com\/#organization","name":"Le Tunnel du Grand-Saint-Bernard","url":"https:\/\/letunnel.com\/","logo":{"@type":"ImageObject","inLanguage":"fr-FR","@id":"https:\/\/letunnel.com\/#\/schema\/logo\/image\/","url":"https:\/\/letunnel.com\/wp-content\/uploads\/2023\/10\/LOGO-2023-Tunnel-GS-Bernard-Bianco.png","contentUrl":"https:\/\/letunnel.com\/wp-content\/uploads\/2023\/10\/LOGO-2023-Tunnel-GS-Bernard-Bianco.png","width":540,"height":480,"caption":"Le Tunnel du Grand-Saint-Bernard"},"image":{"@id":"https:\/\/letunnel.com\/#\/schema\/logo\/image\/"}}]}},"coauthors":[],"author_meta":{"author_link":"https:\/\/letunnel.com\/fr\/author\/stefano\/","display_name":"Stefano"},"relative_dates":{"created":"Publi\u00e9 4 ans il y a","modified":"Mis \u00e0 jour 11 mois il y a"},"absolute_dates":{"created":"Publi\u00e9 le 28 mars 2022","modified":"Mise \u00e0 jour le 4 juin 2025"},"absolute_dates_time":{"created":"Publi\u00e9 le 28 mars 2022 10:00 am","modified":"Mise \u00e0 jour le 4 juin 2025 10:53 am"},"featured_img_caption":"","featured_img":false,"series_order":"","_links":{"self":[{"href":"https:\/\/letunnel.com\/fr\/wp-json\/wp\/v2\/pages\/7102","targetHints":{"allow":["GET"]}}],"collection":[{"href":"https:\/\/letunnel.com\/fr\/wp-json\/wp\/v2\/pages"}],"about":[{"href":"https:\/\/letunnel.com\/fr\/wp-json\/wp\/v2\/types\/page"}],"author":[{"embeddable":true,"href":"https:\/\/letunnel.com\/fr\/wp-json\/wp\/v2\/users\/1"}],"replies":[{"embeddable":true,"href":"https:\/\/letunnel.com\/fr\/wp-json\/wp\/v2\/comments?post=7102"}],"version-history":[{"count":22,"href":"https:\/\/letunnel.com\/fr\/wp-json\/wp\/v2\/pages\/7102\/revisions"}],"predecessor-version":[{"id":10637,"href":"https:\/\/letunnel.com\/fr\/wp-json\/wp\/v2\/pages\/7102\/revisions\/10637"}],"up":[{"embeddable":true,"href":"https:\/\/letunnel.com\/fr\/wp-json\/wp\/v2\/pages\/1973"}],"wp:attachment":[{"href":"https:\/\/letunnel.com\/fr\/wp-json\/wp\/v2\/media?parent=7102"}],"curies":[{"name":"wp","href":"https:\/\/api.w.org\/{rel}","templated":true}]}}