{"id":9936,"date":"2025-01-21T08:55:18","date_gmt":"2025-01-21T08:55:18","guid":{"rendered":"https:\/\/z57nbebsowx.preview.infomaniak.website\/?page_id=9936"},"modified":"2025-01-21T09:13:49","modified_gmt":"2025-01-21T09:13:49","slug":"calendario-delle-chiusure-ai-mezzi-pesanti-valido-per-svizzera-e-italia-2025","status":"publish","type":"page","link":"https:\/\/letunnel.com\/fr\/calendario-delle-chiusure-ai-mezzi-pesanti-valido-per-svizzera-e-italia-2025\/","title":{"rendered":"Calendrier des fermetures aux poids lourds valable pour Suisse et Italie &#8211; 2025"},"content":{"rendered":"\n<div data-wp-interactive=\"core\/file\" class=\"wp-block-file\"><object data-wp-bind--hidden=\"!state.hasPdfPreview\" hidden class=\"wp-block-file__embed\" data=\"https:\/\/z57nbebsowx.preview.infomaniak.website\/wp-content\/uploads\/2025\/01\/Calendrier-Interdictions-Circulation-Poids-lourds-2025-IT-CH.xls.pdf\" type=\"application\/pdf\" style=\"width:100%;height:600px\" aria-label=\"Contenu embarqu\u00e9 Calendrier Interdictions Circulation Poids lourds 2025 IT-CH.xls.\"><\/object><a id=\"wp-block-file--media-e22158f6-6e54-4838-a84d-8b036fc7521a\" href=\"https:\/\/z57nbebsowx.preview.infomaniak.website\/wp-content\/uploads\/2025\/01\/Calendrier-Interdictions-Circulation-Poids-lourds-2025-IT-CH.xls.pdf\">Calendrier Interdictions Circulation Poids lourds 2025 IT-CH.xls<\/a><a href=\"https:\/\/z57nbebsowx.preview.infomaniak.website\/wp-content\/uploads\/2025\/01\/Calendrier-Interdictions-Circulation-Poids-lourds-2025-IT-CH.xls.pdf\" class=\"wp-block-file__button wp-element-button\" download aria-describedby=\"wp-block-file--media-e22158f6-6e54-4838-a84d-8b036fc7521a\">Download<\/a><\/div>\n","protected":false},"excerpt":{"rendered":"","protected":false},"author":4,"featured_media":0,"parent":0,"menu_order":0,"comment_status":"closed","ping_status":"closed","template":"","meta":{"_acf_changed":false,"advgb_blocks_editor_width":"","advgb_blocks_columns_visual_guide":"","footnotes":""},"class_list":["post-9936","page","type-page","status-publish","hentry"],"acf":[],"yoast_head":"<!-- This site is optimized with the Yoast SEO plugin v25.3.1 - https:\/\/yoast.com\/wordpress\/plugins\/seo\/ -->\n<title>Calendrier des fermetures aux poids lourds valable pour Suisse et Italie - 2025 - Le Tunnel du Grand-Saint-Bernard<\/title>\n<meta name=\"robots\" content=\"index, follow, max-snippet:-1, max-image-preview:large, max-video-preview:-1\" \/>\n<link rel=\"canonical\" href=\"https:\/\/letunnel.com\/calendario-delle-chiusure-ai-mezzi-pesanti-valido-per-svizzera-e-italia-2025\/\" \/>\n<meta property=\"og:locale\" content=\"fr_FR\" \/>\n<meta property=\"og:type\" content=\"article\" \/>\n<meta property=\"og:title\" content=\"Calendrier des fermetures aux poids lourds valable pour Suisse et Italie - 2025 - Le Tunnel du Grand-Saint-Bernard\" \/>\n<meta property=\"og:url\" content=\"https:\/\/letunnel.com\/calendario-delle-chiusure-ai-mezzi-pesanti-valido-per-svizzera-e-italia-2025\/\" \/>\n<meta property=\"og:site_name\" content=\"Le Tunnel du Grand-Saint-Bernard\" \/>\n<meta property=\"article:modified_time\" content=\"2025-01-21T09:13:49+00:00\" \/>\n<meta name=\"twitter:card\" content=\"summary_large_image\" \/>\n<meta name=\"twitter:label1\" content=\"Dur\u00e9e de lecture estim\u00e9e\" \/>\n\t<meta name=\"twitter:data1\" content=\"1 minute\" \/>\n<script type=\"application\/ld+json\" class=\"yoast-schema-graph\">{\"@context\":\"https:\/\/schema.org\",\"@graph\":[{\"@type\":\"WebPage\",\"@id\":\"https:\/\/letunnel.com\/calendario-delle-chiusure-ai-mezzi-pesanti-valido-per-svizzera-e-italia-2025\/\",\"url\":\"https:\/\/letunnel.com\/calendario-delle-chiusure-ai-mezzi-pesanti-valido-per-svizzera-e-italia-2025\/\",\"name\":\"Calendrier des fermetures aux poids lourds valable pour Suisse et Italie - 2025 - Le Tunnel du Grand-Saint-Bernard\",\"isPartOf\":{\"@id\":\"https:\/\/letunnel.com\/#website\"},\"datePublished\":\"2025-01-21T08:55:18+00:00\",\"dateModified\":\"2025-01-21T09:13:49+00:00\",\"breadcrumb\":{\"@id\":\"https:\/\/letunnel.com\/calendario-delle-chiusure-ai-mezzi-pesanti-valido-per-svizzera-e-italia-2025\/#breadcrumb\"},\"inLanguage\":\"fr-FR\",\"potentialAction\":[{\"@type\":\"ReadAction\",\"target\":[\"https:\/\/letunnel.com\/calendario-delle-chiusure-ai-mezzi-pesanti-valido-per-svizzera-e-italia-2025\/\"]}]},{\"@type\":\"BreadcrumbList\",\"@id\":\"https:\/\/letunnel.com\/calendario-delle-chiusure-ai-mezzi-pesanti-valido-per-svizzera-e-italia-2025\/#breadcrumb\",\"itemListElement\":[{\"@type\":\"ListItem\",\"position\":1,\"name\":\"Home\",\"item\":\"https:\/\/letunnel.com\/\"},{\"@type\":\"ListItem\",\"position\":2,\"name\":\"Calendrier des fermetures aux poids lourds valable pour Suisse et Italie &#8211; 2025\"}]},{\"@type\":\"WebSite\",\"@id\":\"https:\/\/letunnel.com\/#website\",\"url\":\"https:\/\/letunnel.com\/\",\"name\":\"Le Tunnel du Grand-Saint-Bernard\",\"description\":\"Le Tunnel du Grand-Saint-Bernard\",\"publisher\":{\"@id\":\"https:\/\/letunnel.com\/#organization\"},\"potentialAction\":[{\"@type\":\"SearchAction\",\"target\":{\"@type\":\"EntryPoint\",\"urlTemplate\":\"https:\/\/letunnel.com\/?s={search_term_string}\"},\"query-input\":{\"@type\":\"PropertyValueSpecification\",\"valueRequired\":true,\"valueName\":\"search_term_string\"}}],\"inLanguage\":\"fr-FR\"},{\"@type\":\"Organization\",\"@id\":\"https:\/\/letunnel.com\/#organization\",\"name\":\"Le Tunnel du Grand-Saint-Bernard\",\"url\":\"https:\/\/letunnel.com\/\",\"logo\":{\"@type\":\"ImageObject\",\"inLanguage\":\"fr-FR\",\"@id\":\"https:\/\/letunnel.com\/#\/schema\/logo\/image\/\",\"url\":\"https:\/\/letunnel.com\/wp-content\/uploads\/2023\/10\/LOGO-2023-Tunnel-GS-Bernard-Bianco.png\",\"contentUrl\":\"https:\/\/letunnel.com\/wp-content\/uploads\/2023\/10\/LOGO-2023-Tunnel-GS-Bernard-Bianco.png\",\"width\":540,\"height\":480,\"caption\":\"Le Tunnel du Grand-Saint-Bernard\"},\"image\":{\"@id\":\"https:\/\/letunnel.com\/#\/schema\/logo\/image\/\"}}]}<\/script>\n<!-- \/ Yoast SEO plugin. -->","yoast_head_json":{"title":"Calendrier des fermetures aux poids lourds valable pour Suisse et Italie - 2025 - Le Tunnel du Grand-Saint-Bernard","robots":{"index":"index","follow":"follow","max-snippet":"max-snippet:-1","max-image-preview":"max-image-preview:large","max-video-preview":"max-video-preview:-1"},"canonical":"https:\/\/letunnel.com\/calendario-delle-chiusure-ai-mezzi-pesanti-valido-per-svizzera-e-italia-2025\/","og_locale":"fr_FR","og_type":"article","og_title":"Calendrier des fermetures aux poids lourds valable pour Suisse et Italie - 2025 - Le Tunnel du Grand-Saint-Bernard","og_url":"https:\/\/letunnel.com\/calendario-delle-chiusure-ai-mezzi-pesanti-valido-per-svizzera-e-italia-2025\/","og_site_name":"Le Tunnel du Grand-Saint-Bernard","article_modified_time":"2025-01-21T09:13:49+00:00","twitter_card":"summary_large_image","twitter_misc":{"Dur\u00e9e de lecture estim\u00e9e":"1 minute"},"schema":{"@context":"https:\/\/schema.org","@graph":[{"@type":"WebPage","@id":"https:\/\/letunnel.com\/calendario-delle-chiusure-ai-mezzi-pesanti-valido-per-svizzera-e-italia-2025\/","url":"https:\/\/letunnel.com\/calendario-delle-chiusure-ai-mezzi-pesanti-valido-per-svizzera-e-italia-2025\/","name":"Calendrier des fermetures aux poids lourds valable pour Suisse et Italie - 2025 - Le Tunnel du Grand-Saint-Bernard","isPartOf":{"@id":"https:\/\/letunnel.com\/#website"},"datePublished":"2025-01-21T08:55:18+00:00","dateModified":"2025-01-21T09:13:49+00:00","breadcrumb":{"@id":"https:\/\/letunnel.com\/calendario-delle-chiusure-ai-mezzi-pesanti-valido-per-svizzera-e-italia-2025\/#breadcrumb"},"inLanguage":"fr-FR","potentialAction":[{"@type":"ReadAction","target":["https:\/\/letunnel.com\/calendario-delle-chiusure-ai-mezzi-pesanti-valido-per-svizzera-e-italia-2025\/"]}]},{"@type":"BreadcrumbList","@id":"https:\/\/letunnel.com\/calendario-delle-chiusure-ai-mezzi-pesanti-valido-per-svizzera-e-italia-2025\/#breadcrumb","itemListElement":[{"@type":"ListItem","position":1,"name":"Home","item":"https:\/\/letunnel.com\/"},{"@type":"ListItem","position":2,"name":"Calendrier des fermetures aux poids lourds valable pour Suisse et Italie &#8211; 2025"}]},{"@type":"WebSite","@id":"https:\/\/letunnel.com\/#website","url":"https:\/\/letunnel.com\/","name":"Le Tunnel du Grand-Saint-Bernard","description":"Le Tunnel du Grand-Saint-Bernard","publisher":{"@id":"https:\/\/letunnel.com\/#organization"},"potentialAction":[{"@type":"SearchAction","target":{"@type":"EntryPoint","urlTemplate":"https:\/\/letunnel.com\/?s={search_term_string}"},"query-input":{"@type":"PropertyValueSpecification","valueRequired":true,"valueName":"search_term_string"}}],"inLanguage":"fr-FR"},{"@type":"Organization","@id":"https:\/\/letunnel.com\/#organization","name":"Le Tunnel du Grand-Saint-Bernard","url":"https:\/\/letunnel.com\/","logo":{"@type":"ImageObject","inLanguage":"fr-FR","@id":"https:\/\/letunnel.com\/#\/schema\/logo\/image\/","url":"https:\/\/letunnel.com\/wp-content\/uploads\/2023\/10\/LOGO-2023-Tunnel-GS-Bernard-Bianco.png","contentUrl":"https:\/\/letunnel.com\/wp-content\/uploads\/2023\/10\/LOGO-2023-Tunnel-GS-Bernard-Bianco.png","width":540,"height":480,"caption":"Le Tunnel du Grand-Saint-Bernard"},"image":{"@id":"https:\/\/letunnel.com\/#\/schema\/logo\/image\/"}}]}},"coauthors":[],"author_meta":{"author_link":"https:\/\/letunnel.com\/fr\/author\/enricobich\/","display_name":"Enrico"},"relative_dates":{"created":"Publi\u00e9 1 an il y a","modified":"Mis \u00e0 jour 1 an il y a"},"absolute_dates":{"created":"Publi\u00e9 le 21 janvier 2025","modified":"Mise \u00e0 jour le 21 janvier 2025"},"absolute_dates_time":{"created":"Publi\u00e9 le 21 janvier 2025 8:55 am","modified":"Mise \u00e0 jour le 21 janvier 2025 9:13 am"},"featured_img_caption":"","featured_img":false,"series_order":"","_links":{"self":[{"href":"https:\/\/letunnel.com\/fr\/wp-json\/wp\/v2\/pages\/9936","targetHints":{"allow":["GET"]}}],"collection":[{"href":"https:\/\/letunnel.com\/fr\/wp-json\/wp\/v2\/pages"}],"about":[{"href":"https:\/\/letunnel.com\/fr\/wp-json\/wp\/v2\/types\/page"}],"author":[{"embeddable":true,"href":"https:\/\/letunnel.com\/fr\/wp-json\/wp\/v2\/users\/4"}],"replies":[{"embeddable":true,"href":"https:\/\/letunnel.com\/fr\/wp-json\/wp\/v2\/comments?post=9936"}],"version-history":[{"count":3,"href":"https:\/\/letunnel.com\/fr\/wp-json\/wp\/v2\/pages\/9936\/revisions"}],"predecessor-version":[{"id":9955,"href":"https:\/\/letunnel.com\/fr\/wp-json\/wp\/v2\/pages\/9936\/revisions\/9955"}],"wp:attachment":[{"href":"https:\/\/letunnel.com\/fr\/wp-json\/wp\/v2\/media?parent=9936"}],"curies":[{"name":"wp","href":"https:\/\/api.w.org\/{rel}","templated":true}]}}